{"id":364,"date":"2021-04-21T13:40:47","date_gmt":"2021-04-21T13:40:47","guid":{"rendered":"https:\/\/miarnau.cat\/web\/?post_type=product&#038;p=364"},"modified":"2025-05-29T15:39:33","modified_gmt":"2025-05-29T13:39:33","slug":"piretron-pipeta-gos-15kg","status":"publish","type":"product","link":"https:\/\/miarnau.cat\/ca\/producto\/piretron-pipeta-gos-15kg\/","title":{"rendered":"PIRETR\u00d3N PIPETA PERRO -15kg"},"content":{"rendered":"<p>Pipetas econ\u00f3micas para perros de menos de 15 kg<\/p>\n<p>Pipetes econ\u00f2miques per gossos de menys de 15 kg<\/p>\n","protected":false},"excerpt":{"rendered":"<p>Pipetes econ\u00f2miques per gossos de menys de 15 kg<\/p>\n","protected":false},"featured_media":562,"comment_status":"open","ping_status":"closed","template":"","meta":{"_et_pb_use_builder":"","_et_pb_old_content":"","_et_gb_content_width":""},"product_brand":[],"product_cat":[25,15],"product_tag":[],"class_list":{"0":"post-364","1":"product","2":"type-product","3":"status-publish","4":"has-post-thumbnail","6":"product_cat-mascotas","7":"product_cat-sin-categorizar","9":"first","10":"instock","11":"taxable","12":"shipping-taxable","13":"product-type-simple"},"yoast_head":"<!-- This site is optimized with the Yoast SEO plugin v27.4 - https:\/\/yoast.com\/product\/yoast-seo-wordpress\/ -->\n<title>PIRETR\u00d3N PIPETA PERRO -15kg - Miarnau Agritecno<\/title>\n<meta name=\"description\" content=\"Pipeta desparasitante para perros de menos de 15 kg. (peque\u00f1o-mediano) Pipeta desparasitant per gossos de menys de 15 kg. (petit-mitj\u00e1)\" \/>\n<meta name=\"robots\" content=\"index, follow, max-snippet:-1, max-image-preview:large, max-video-preview:-1\" \/>\n<link rel=\"canonical\" href=\"https:\/\/miarnau.cat\/ca\/producto\/piretron-pipeta-gos-15kg\/\" \/>\n<meta property=\"og:locale\" content=\"ca_ES\" \/>\n<meta property=\"og:type\" content=\"article\" \/>\n<meta property=\"og:title\" content=\"PIRETR\u00d3N PIPETA PERRO -15kg - Miarnau Agritecno\" \/>\n<meta property=\"og:description\" content=\"Pipeta desparasitante para perros de menos de 15 kg. (peque\u00f1o-mediano) Pipeta desparasitant per gossos de menys de 15 kg. (petit-mitj\u00e1)\" \/>\n<meta property=\"og:url\" content=\"https:\/\/miarnau.cat\/ca\/producto\/piretron-pipeta-gos-15kg\/\" \/>\n<meta property=\"og:site_name\" content=\"Miarnau Agritecno\" \/>\n<meta property=\"article:modified_time\" content=\"2025-05-29T13:39:33+00:00\" \/>\n<meta property=\"og:image\" content=\"https:\/\/miarnau.cat\/web\/wp-content\/uploads\/2021\/04\/pipetas-piretrn-spot-menos-15kg.jpg\" \/>\n\t<meta property=\"og:image:width\" content=\"458\" \/>\n\t<meta property=\"og:image:height\" content=\"458\" \/>\n\t<meta property=\"og:image:type\" content=\"image\/jpeg\" \/>\n<meta name=\"twitter:card\" content=\"summary_large_image\" \/>\n<meta name=\"twitter:label1\" content=\"Temps estimat de lectura\" \/>\n\t<meta name=\"twitter:data1\" content=\"1 minut\" \/>\n<script type=\"application\/ld+json\" class=\"yoast-schema-graph\">{\"@context\":\"https:\\\/\\\/schema.org\",\"@graph\":[{\"@type\":\"WebPage\",\"@id\":\"https:\\\/\\\/miarnau.cat\\\/ca\\\/producto\\\/piretron-pipeta-gos-15kg\\\/\",\"url\":\"https:\\\/\\\/miarnau.cat\\\/ca\\\/producto\\\/piretron-pipeta-gos-15kg\\\/\",\"name\":\"PIRETR\u00d3N PIPETA PERRO -15kg - Miarnau Agritecno\",\"isPartOf\":{\"@id\":\"https:\\\/\\\/miarnau.cat\\\/ca\\\/#website\"},\"primaryImageOfPage\":{\"@id\":\"https:\\\/\\\/miarnau.cat\\\/ca\\\/producto\\\/piretron-pipeta-gos-15kg\\\/#primaryimage\"},\"image\":{\"@id\":\"https:\\\/\\\/miarnau.cat\\\/ca\\\/producto\\\/piretron-pipeta-gos-15kg\\\/#primaryimage\"},\"thumbnailUrl\":\"https:\\\/\\\/miarnau.cat\\\/web\\\/wp-content\\\/uploads\\\/2021\\\/04\\\/pipetas-piretrn-spot-menos-15kg.jpg\",\"datePublished\":\"2021-04-21T13:40:47+00:00\",\"dateModified\":\"2025-05-29T13:39:33+00:00\",\"description\":\"Pipeta desparasitante para perros de menos de 15 kg. (peque\u00f1o-mediano) Pipeta desparasitant per gossos de menys de 15 kg. (petit-mitj\u00e1)\",\"breadcrumb\":{\"@id\":\"https:\\\/\\\/miarnau.cat\\\/ca\\\/producto\\\/piretron-pipeta-gos-15kg\\\/#breadcrumb\"},\"inLanguage\":\"ca\",\"potentialAction\":[{\"@type\":\"ReadAction\",\"target\":[\"https:\\\/\\\/miarnau.cat\\\/ca\\\/producto\\\/piretron-pipeta-gos-15kg\\\/\"]}]},{\"@type\":\"ImageObject\",\"inLanguage\":\"ca\",\"@id\":\"https:\\\/\\\/miarnau.cat\\\/ca\\\/producto\\\/piretron-pipeta-gos-15kg\\\/#primaryimage\",\"url\":\"https:\\\/\\\/miarnau.cat\\\/web\\\/wp-content\\\/uploads\\\/2021\\\/04\\\/pipetas-piretrn-spot-menos-15kg.jpg\",\"contentUrl\":\"https:\\\/\\\/miarnau.cat\\\/web\\\/wp-content\\\/uploads\\\/2021\\\/04\\\/pipetas-piretrn-spot-menos-15kg.jpg\",\"width\":458,\"height\":458},{\"@type\":\"BreadcrumbList\",\"@id\":\"https:\\\/\\\/miarnau.cat\\\/ca\\\/producto\\\/piretron-pipeta-gos-15kg\\\/#breadcrumb\",\"itemListElement\":[{\"@type\":\"ListItem\",\"position\":1,\"name\":\"Portada\",\"item\":\"https:\\\/\\\/miarnau.cat\\\/ca\\\/\"},{\"@type\":\"ListItem\",\"position\":2,\"name\":\"Botiga\",\"item\":\"https:\\\/\\\/miarnau.cat\\\/ca\\\/tienda\\\/\"},{\"@type\":\"ListItem\",\"position\":3,\"name\":\"PIRETR\u00d3N PIPETA PERRO -15kg\"}]},{\"@type\":\"WebSite\",\"@id\":\"https:\\\/\\\/miarnau.cat\\\/ca\\\/#website\",\"url\":\"https:\\\/\\\/miarnau.cat\\\/ca\\\/\",\"name\":\"Miarnau Agritecno\",\"description\":\"Todo para agricultores, almacenistas de cereal y exportadores de fruta.\",\"publisher\":{\"@id\":\"https:\\\/\\\/miarnau.cat\\\/ca\\\/#organization\"},\"potentialAction\":[{\"@type\":\"SearchAction\",\"target\":{\"@type\":\"EntryPoint\",\"urlTemplate\":\"https:\\\/\\\/miarnau.cat\\\/ca\\\/?s={search_term_string}\"},\"query-input\":{\"@type\":\"PropertyValueSpecification\",\"valueRequired\":true,\"valueName\":\"search_term_string\"}}],\"inLanguage\":\"ca\"},{\"@type\":\"Organization\",\"@id\":\"https:\\\/\\\/miarnau.cat\\\/ca\\\/#organization\",\"name\":\"MIARNAU AGRITECNO\",\"url\":\"https:\\\/\\\/miarnau.cat\\\/ca\\\/\",\"logo\":{\"@type\":\"ImageObject\",\"inLanguage\":\"ca\",\"@id\":\"https:\\\/\\\/miarnau.cat\\\/ca\\\/#\\\/schema\\\/logo\\\/image\\\/\",\"url\":\"https:\\\/\\\/miarnau.cat\\\/web\\\/wp-content\\\/uploads\\\/2021\\\/07\\\/cropped-icono0-miarnau-1.png\",\"contentUrl\":\"https:\\\/\\\/miarnau.cat\\\/web\\\/wp-content\\\/uploads\\\/2021\\\/07\\\/cropped-icono0-miarnau-1.png\",\"width\":512,\"height\":512,\"caption\":\"MIARNAU AGRITECNO\"},\"image\":{\"@id\":\"https:\\\/\\\/miarnau.cat\\\/ca\\\/#\\\/schema\\\/logo\\\/image\\\/\"}}]}<\/script>\n<!-- \/ Yoast SEO plugin. -->","yoast_head_json":{"title":"PIRETR\u00d3N PIPETA PERRO -15kg - Miarnau Agritecno","description":"Pipeta desparasitante para perros de menos de 15 kg. (peque\u00f1o-mediano) Pipeta desparasitant per gossos de menys de 15 kg. (petit-mitj\u00e1)","robots":{"index":"index","follow":"follow","max-snippet":"max-snippet:-1","max-image-preview":"max-image-preview:large","max-video-preview":"max-video-preview:-1"},"canonical":"https:\/\/miarnau.cat\/ca\/producto\/piretron-pipeta-gos-15kg\/","og_locale":"ca_ES","og_type":"article","og_title":"PIRETR\u00d3N PIPETA PERRO -15kg - Miarnau Agritecno","og_description":"Pipeta desparasitante para perros de menos de 15 kg. (peque\u00f1o-mediano) Pipeta desparasitant per gossos de menys de 15 kg. (petit-mitj\u00e1)","og_url":"https:\/\/miarnau.cat\/ca\/producto\/piretron-pipeta-gos-15kg\/","og_site_name":"Miarnau Agritecno","article_modified_time":"2025-05-29T13:39:33+00:00","og_image":[{"width":458,"height":458,"url":"https:\/\/miarnau.cat\/web\/wp-content\/uploads\/2021\/04\/pipetas-piretrn-spot-menos-15kg.jpg","type":"image\/jpeg"}],"twitter_card":"summary_large_image","twitter_misc":{"Temps estimat de lectura":"1 minut"},"schema":{"@context":"https:\/\/schema.org","@graph":[{"@type":"WebPage","@id":"https:\/\/miarnau.cat\/ca\/producto\/piretron-pipeta-gos-15kg\/","url":"https:\/\/miarnau.cat\/ca\/producto\/piretron-pipeta-gos-15kg\/","name":"PIRETR\u00d3N PIPETA PERRO -15kg - Miarnau Agritecno","isPartOf":{"@id":"https:\/\/miarnau.cat\/ca\/#website"},"primaryImageOfPage":{"@id":"https:\/\/miarnau.cat\/ca\/producto\/piretron-pipeta-gos-15kg\/#primaryimage"},"image":{"@id":"https:\/\/miarnau.cat\/ca\/producto\/piretron-pipeta-gos-15kg\/#primaryimage"},"thumbnailUrl":"https:\/\/miarnau.cat\/web\/wp-content\/uploads\/2021\/04\/pipetas-piretrn-spot-menos-15kg.jpg","datePublished":"2021-04-21T13:40:47+00:00","dateModified":"2025-05-29T13:39:33+00:00","description":"Pipeta desparasitante para perros de menos de 15 kg. (peque\u00f1o-mediano) Pipeta desparasitant per gossos de menys de 15 kg. (petit-mitj\u00e1)","breadcrumb":{"@id":"https:\/\/miarnau.cat\/ca\/producto\/piretron-pipeta-gos-15kg\/#breadcrumb"},"inLanguage":"ca","potentialAction":[{"@type":"ReadAction","target":["https:\/\/miarnau.cat\/ca\/producto\/piretron-pipeta-gos-15kg\/"]}]},{"@type":"ImageObject","inLanguage":"ca","@id":"https:\/\/miarnau.cat\/ca\/producto\/piretron-pipeta-gos-15kg\/#primaryimage","url":"https:\/\/miarnau.cat\/web\/wp-content\/uploads\/2021\/04\/pipetas-piretrn-spot-menos-15kg.jpg","contentUrl":"https:\/\/miarnau.cat\/web\/wp-content\/uploads\/2021\/04\/pipetas-piretrn-spot-menos-15kg.jpg","width":458,"height":458},{"@type":"BreadcrumbList","@id":"https:\/\/miarnau.cat\/ca\/producto\/piretron-pipeta-gos-15kg\/#breadcrumb","itemListElement":[{"@type":"ListItem","position":1,"name":"Portada","item":"https:\/\/miarnau.cat\/ca\/"},{"@type":"ListItem","position":2,"name":"Botiga","item":"https:\/\/miarnau.cat\/ca\/tienda\/"},{"@type":"ListItem","position":3,"name":"PIRETR\u00d3N PIPETA PERRO -15kg"}]},{"@type":"WebSite","@id":"https:\/\/miarnau.cat\/ca\/#website","url":"https:\/\/miarnau.cat\/ca\/","name":"Miarnau Agritecno","description":"Todo para agricultores, almacenistas de cereal y exportadores de fruta.","publisher":{"@id":"https:\/\/miarnau.cat\/ca\/#organization"},"potentialAction":[{"@type":"SearchAction","target":{"@type":"EntryPoint","urlTemplate":"https:\/\/miarnau.cat\/ca\/?s={search_term_string}"},"query-input":{"@type":"PropertyValueSpecification","valueRequired":true,"valueName":"search_term_string"}}],"inLanguage":"ca"},{"@type":"Organization","@id":"https:\/\/miarnau.cat\/ca\/#organization","name":"MIARNAU AGRITECNO","url":"https:\/\/miarnau.cat\/ca\/","logo":{"@type":"ImageObject","inLanguage":"ca","@id":"https:\/\/miarnau.cat\/ca\/#\/schema\/logo\/image\/","url":"https:\/\/miarnau.cat\/web\/wp-content\/uploads\/2021\/07\/cropped-icono0-miarnau-1.png","contentUrl":"https:\/\/miarnau.cat\/web\/wp-content\/uploads\/2021\/07\/cropped-icono0-miarnau-1.png","width":512,"height":512,"caption":"MIARNAU AGRITECNO"},"image":{"@id":"https:\/\/miarnau.cat\/ca\/#\/schema\/logo\/image\/"}}]}},"publishpress_future_workflow_manual_trigger":{"enabledWorkflows":[]},"_links":{"self":[{"href":"https:\/\/miarnau.cat\/ca\/wp-json\/wp\/v2\/product\/364","targetHints":{"allow":["GET"]}}],"collection":[{"href":"https:\/\/miarnau.cat\/ca\/wp-json\/wp\/v2\/product"}],"about":[{"href":"https:\/\/miarnau.cat\/ca\/wp-json\/wp\/v2\/types\/product"}],"replies":[{"embeddable":true,"href":"https:\/\/miarnau.cat\/ca\/wp-json\/wp\/v2\/comments?post=364"}],"wp:featuredmedia":[{"embeddable":true,"href":"https:\/\/miarnau.cat\/ca\/wp-json\/wp\/v2\/media\/562"}],"wp:attachment":[{"href":"https:\/\/miarnau.cat\/ca\/wp-json\/wp\/v2\/media?parent=364"}],"wp:term":[{"taxonomy":"product_brand","embeddable":true,"href":"https:\/\/miarnau.cat\/ca\/wp-json\/wp\/v2\/product_brand?post=364"},{"taxonomy":"product_cat","embeddable":true,"href":"https:\/\/miarnau.cat\/ca\/wp-json\/wp\/v2\/product_cat?post=364"},{"taxonomy":"product_tag","embeddable":true,"href":"https:\/\/miarnau.cat\/ca\/wp-json\/wp\/v2\/product_tag?post=364"}],"curies":[{"name":"wp","href":"https:\/\/api.w.org\/{rel}","templated":true}]}}