{"id":731,"date":"2021-03-22T09:22:33","date_gmt":"2021-03-22T09:22:33","guid":{"rendered":"https:\/\/miarnau.cat\/boletines\/"},"modified":"2024-12-02T12:12:20","modified_gmt":"2024-12-02T12:12:20","slug":"boletines","status":"publish","type":"page","link":"https:\/\/miarnau.cat\/ca\/boletines\/","title":{"rendered":"Butlletins"},"content":{"rendered":"<p>[et_pb_section fb_built=&#8221;1&#8243; fullwidth=&#8221;on&#8221; _builder_version=&#8221;4.16&#8243; _module_preset=&#8221;default&#8221; global_colors_info=&#8221;{}&#8221;][et_pb_fullwidth_header title=&#8221;Butlletins&#8221; _builder_version=&#8221;4.16&#8243; _module_preset=&#8221;default&#8221; global_colors_info=&#8221;{}&#8221;][\/et_pb_fullwidth_header][\/et_pb_section][et_pb_section fb_built=&#8221;1&#8243; _builder_version=&#8221;4.16&#8243; _module_preset=&#8221;default&#8221; global_colors_info=&#8221;{}&#8221;][et_pb_row _builder_version=&#8221;4.16&#8243; _module_preset=&#8221;default&#8221; global_colors_info=&#8221;{}&#8221;][et_pb_column type=&#8221;4_4&#8243; _builder_version=&#8221;4.16&#8243; _module_preset=&#8221;default&#8221; global_colors_info=&#8221;{}&#8221;][et_pb_accordion _builder_version=&#8221;4.24.2&#8243; _module_preset=&#8221;default&#8221; global_colors_info=&#8221;{}&#8221;][et_pb_accordion_item title=&#8221;2024&#8243; open=&#8221;on&#8221; _builder_version=&#8221;4.24.2&#8243; _module_preset=&#8221;default&#8221; global_colors_info=&#8221;{}&#8221;]<\/p>\n<h2><strong>FRUITERS DE PEPITA<\/strong><\/h2>\n<p><strong>Wuxal Fe: russeting<br \/><\/strong><\/p>\n<p>Suspensi\u00f3 concentrada de Fe en forma bivalent complexat amb \u00e0cid heptagluc\u00f2nic, totalment soluble, per a la correcci\u00f3 de car\u00e8ncies de ferro, assimilable via foliar i radicular, estable en pH extrems tant en el brou com al s\u00f2l.<\/p>\n<p><u>Camp d\u2019aplicaci\u00f3<\/u>:<br \/><strong>Corrector de car\u00e8ncies<\/strong>: Clorosi f\u00e8rrica per manca d\u2019absorci\u00f3 radicular i incompatibilitat varietat portaempelts. Aplicaci\u00f3: per fertirrigaci\u00f3 o per polvoritzaci\u00f3.<\/p>\n<p><strong>Estimular certes caracter\u00edstiques fisiol\u00f2giques o cosm\u00e8tiques<\/strong> exigides en certes varietats de pera i poma: <strong>russeting<\/strong>.<\/p>\n<p>En <strong>pera Conference<\/strong> el mercat aprecia la pres\u00e8ncia de russeting a la pell del fruit. Aplicacions de barreges i sulfat de Fe, coures fomenten russenting amb el risc de provocar fitotoxicitats, defoliacions i avortament de la fruita.<\/p>\n<p>En <strong>poma Golden<\/strong>, determinats mercats del Nord valoren el russeting que millora els graus Brix i identificant-la amb les varietats aut\u00f2ctones.<\/p>\n<p>Wuxal Sus Fe estimula el russeting sense provocar fitotoxicitat, defoliacions ni avotarments.<\/p>\n<p>&nbsp;<\/p>\n<p>Per a <strong>perera Conference<\/strong>, recomanaci\u00f3:<\/p>\n<table>\n<tbody>\n<tr>\n<td width=\"189\"><strong>\u00a0<\/strong><\/td>\n<td width=\"161\"><strong>Dosi (cc\/Hl)<\/strong><\/td>\n<td width=\"217\"><strong>Moment d\u2019aplicaci\u00f3<\/strong><\/td>\n<\/tr>\n<tr>\n<td width=\"189\">Wuxal Sus Fe<\/td>\n<td width=\"161\">400<\/td>\n<td width=\"217\">Caiguda p\u00e8tals<\/td>\n<\/tr>\n<tr>\n<td width=\"189\">Wuxal Sus Fe<\/td>\n<td width=\"161\">300<\/td>\n<td width=\"217\">Als 5 dies<\/td>\n<\/tr>\n<tr>\n<td width=\"189\">Wuxal Sus Fe<\/td>\n<td width=\"161\">300<\/td>\n<td width=\"217\">Abans caiguda fisiol\u00f2gica<\/td>\n<\/tr>\n<\/tbody>\n<\/table>\n<p>&nbsp;<\/p>\n<p>Per a <strong>poma Golden<\/strong>:<\/p>\n<table>\n<tbody>\n<tr>\n<td width=\"189\"><strong>\u00a0<\/strong><\/td>\n<td width=\"161\"><strong>Dosi (cc\/Hl)<\/strong><\/td>\n<td width=\"217\"><strong>Moment d\u2019aplicaci\u00f3<\/strong><\/td>\n<\/tr>\n<tr>\n<td width=\"189\">Wuxal Sus Fe<\/td>\n<td width=\"161\">300<\/td>\n<td width=\"217\">Caiguda p\u00e8tals<\/td>\n<\/tr>\n<tr>\n<td width=\"189\">Wuxal Sus Fe<\/td>\n<td width=\"161\">300<\/td>\n<td width=\"217\">\u00d8 fruit 1 cm<\/td>\n<\/tr>\n<tr>\n<td width=\"189\">Wuxal Sus Fe<\/td>\n<td width=\"161\">200<\/td>\n<td width=\"217\">\u00d8 fruit 1,5 a 2 cm<\/td>\n<\/tr>\n<\/tbody>\n<\/table>\n<p>\u00c9s moment per a adjuntar a les aplicacions de Wuxal Fe, Wuxal Calcio Fluid per a millorar la qualitat i duresa dels fruits a la dosi de 200 cc\/Hl.<\/p>\n<p>&nbsp;<\/p>\n<p>&nbsp;<\/p>\n<h2><strong>OLIVERA<\/strong><\/h2>\n<p>&nbsp;<\/p>\n<p><strong>SABONOSA <\/strong>o <strong>ANTRACNOSI<\/strong> EN OLIVES i FULLES.<\/p>\n<p>Estem en plena campanya de recol\u00b7lecci\u00f3 d\u2019oliva (Novembre 2024), que si b\u00e9 ha millorat en grand\u00e0ria, s\u2019est\u00e0 caracteritzant pels rendiment baixos en la transformaci\u00f3 en oli. <br \/>En la pr\u00e0ctica, la producci\u00f3 d\u2019Oli Extra Verge d\u2019Arbequina pot quedar entre un 20 i un 25% menys respecte a la del 2023.<\/p>\n<p>L\u2019exc\u00e9s d\u2019humitat relativa, afavorida per temperatures d\u2019entre 15 a 25\u00baC i una vegetaci\u00f3 m\u00e9s receptiva, s\u2019est\u00e0 fent present sobre fruits verosos i verolats petits unes taques negres de 1 a 2 mm de di\u00e0metre, que es correspon amb el fong de la Antracnosi o <em>Colletotrichum gloeosporioides<\/em> conegut com la sabonosa.<\/p>\n<p>Afecta el fruit i aquesta taca passa de negra a marronosa, que arruga, seca i fa caure el fruit, les toxines segregades per la sabonosa debiliten les fulles i rames que cauen i s\u2019assequen.<\/p>\n<p>El problema afegit dels fruits molturats afectats es que augmenta l\u2019acidesa de l\u2019oli enfosquint el color groc que t\u00e9, en casos extrems l\u2019oli pot arribar a ser inservible. <\/p>\n<p>Detectat el problema conv\u00e9 urgentment:<br \/>1r) Avan\u00e7ar la recol\u00b7lecci\u00f3 per evitar l\u2019augment de fruits afectats.<br \/>2n) En arbres pendents de recol\u00b7lecci\u00f3 tractament de:<br \/>\u00a0\u00a0\u00a0\u00a0 \u2022 PROCOBRE a 3 kg \/Ha<br \/>\u00a0\u00a0\u00a0\u00a0 \u2022 CAIRE a 2,5 L\/Ha<br \/>3r) En arbres recol\u00b7lectats fer tractaments per evitar l\u2019augment de in\u00f2cul que pot afectar la fulla, provocar defoliacions, el assecat de brots i fins i tot de rames i la propera floraci\u00f3.<br \/>4rt) Aquest tractament pot controlar a m\u00e9s l\u2019ull de gall (repilo), l\u2019entrada de bacteris i protecci\u00f3 de ferides provocades durant la recol\u00b7lecci\u00f3.<\/p>\n<p>Per m\u00e9s informaci\u00f3 poden consultar el nostre servei t\u00e8cnic de Miarnau Agritecno, S.L.<\/p>\n<p>&nbsp;<\/p>\n<p>&nbsp;<\/p>\n<p>&nbsp;<\/p>\n<p>[\/et_pb_accordion_item][et_pb_accordion_item title=&#8221;2022&#8243; _builder_version=&#8221;4.16&#8243; _module_preset=&#8221;default&#8221; global_colors_info=&#8221;{}&#8221; open=&#8221;off&#8221;]<\/p>\n<p><strong>FRUITERS D&#8217;OS<\/strong><br \/><a href=\"https:\/\/miarnau.cat\/web\/wp-content\/uploads\/2022\/02\/fruitados2022.pdf\" rel=\"attachment wp-att-1383\">Pre_Post_floracio<\/a><\/p>\n<p><strong><\/strong><\/p>\n<p><strong>FRUIERS DE PEPITA<\/strong><\/p>\n<p><strong><a href=\"https:\/\/miarnau.cat\/web\/wp-content\/uploads\/2022\/02\/Perera_prefloracio_2022.pdf\" rel=\"attachment wp-att-1380\">Perera_prefloracio_2022<\/a>\u00a0 \u00a0 \u00a0 <a href=\"https:\/\/miarnau.cat\/web\/wp-content\/uploads\/2022\/02\/Pomera_guia_2022.pdf\" rel=\"attachment wp-att-1378\">Pomera_guia_2022<\/a><\/strong><\/p>\n<p><strong>AMETLLER<br \/><\/strong><\/p>\n<p><strong><a href=\"https:\/\/miarnau.cat\/web\/wp-content\/uploads\/2022\/02\/Ametller_guia-fitos_2022.pdf\" rel=\"attachment wp-att-1460\">Ametller_guia fitos_2022<\/a><\/strong><\/p>\n<p>&nbsp;<\/p>\n<p><strong>NUTRICI\u00d3<\/strong><\/p>\n<p><strong><a href=\"https:\/\/miarnau.cat\/web\/wp-content\/uploads\/2022\/02\/Correctors_2022.pdf\" rel=\"attachment wp-att-1468\">Correctors_2022<\/a><\/strong><\/p>\n<p>&nbsp;<\/p>\n<p><strong>CEREALS<\/strong><\/p>\n<p><strong><a href=\"https:\/\/miarnau.cat\/web\/wp-content\/uploads\/2022\/02\/Cereals_proteccio_2022_lr-1.pdf\" rel=\"attachment wp-att-1477\">Cereals_proteccio_2022_lr<\/a><\/strong><\/p>\n<p>[\/et_pb_accordion_item][et_pb_accordion_item title=&#8221;2021&#8243; _builder_version=&#8221;4.16&#8243; _module_preset=&#8221;default&#8221; global_colors_info=&#8221;{}&#8221; open=&#8221;off&#8221;]<\/p>\n<p><strong>FRUITERS D&#8217;OS<\/strong><br \/><a href=\"https:\/\/miarnau.cat\/web\/wp-content\/uploads\/2021\/10\/PinyolMarcAbril2021_Cat.pdf\">Tractaments Mar\u00e7-Abril<\/a><br \/><a href=\"https:\/\/miarnau.cat\/web\/wp-content\/uploads\/2021\/10\/Tractament_Pseudomones_2020_4_CA.pdf\">Tractament Pseudomones Monilia<\/a><\/p>\n<p><strong>AMETLLER<br \/><\/strong><a href=\"https:\/\/miarnau.cat\/web\/wp-content\/uploads\/2021\/11\/AmetllerPostRecoleccio2021_CA.pdf\">Tractaments caiguda fulles<\/a><\/p>\n<p>[\/et_pb_accordion_item][et_pb_accordion_item title=&#8221;2020&#8243; _builder_version=&#8221;4.16&#8243; _module_preset=&#8221;default&#8221; global_colors_info=&#8221;{}&#8221; open=&#8221;off&#8221;]<\/p>\n<p><strong>FRUITERS D&#8217;OS<\/strong><br \/><a href=\"https:\/\/miarnau.cat\/docs\/2020\/PinyolMarcAbril_2020_ES.pdf\" target=\"nueva\" rel=\"noopener\">Tratamientos Marzo-Abril<\/a><br \/><a href=\"https:\/\/miarnau.cat\/docs\/2020\/Tractament_Pseudomones_2020_4_ES.pdf\" target=\"nueva\" rel=\"noopener\">Tratamiento Pseudomonas Monilia<\/a><\/p>\n<p><strong>FRUITERS DE PEPITA<\/strong><br \/><a href=\"https:\/\/miarnau.cat\/docs\/2020\/RussetingConference2020_ES.pdf\" target=\"nueva\" rel=\"noopener\">Russeting Conference<\/a><\/p>\n<p><strong>AMETLLERS, NOGUERES I OLVERES<\/strong><br \/><a href=\"https:\/\/miarnau.cat\/web\/wp-content\/uploads\/2021\/10\/AmetllerPostRecoleccio2020_CA.pdf\" target=\"_blank\" rel=\"noopener\">Tractaments Postrecol\u00b7lecci\u00f3 Ametller<\/a><br \/><a href=\"https:\/\/miarnau.cat\/docs\/2020\/AmetllerCaigudaPet_2020_ES.pdf\" target=\"_blank\" rel=\"noopener\">AmetllerTractaments caiguda p\u00e8tals<\/a><br \/><a href=\"https:\/\/miarnau.cat\/docs\/2020\/AmetllerFert2020_ES.pdf\" target=\"_blank\" rel=\"noopener\">Fertilizaci\u00f3 Ametller<\/a><br \/><a href=\"https:\/\/miarnau.cat\/docs\/2020\/Tractament_Pseudomones_2020_4_ES.pdf\" target=\"_blank\" rel=\"noopener\">Tractament Pseudomones Monilia<\/a><\/p>\n<p><strong>EXTENSIUS<\/strong><br \/><a href=\"https:\/\/miarnau.cat\/docs\/2020\/Ara%C3%B1aMaiz_ApacheJun2020_ES.pdf\" target=\"_blank\" rel=\"noopener\">Control d&#8217;Aranya en Pan\u00eds<br \/><\/a><\/p>\n<p>[\/et_pb_accordion_item][\/et_pb_accordion][\/et_pb_column][\/et_pb_row][\/et_pb_section]<\/p>\n","protected":false},"excerpt":{"rendered":"<p>FRUITERS DE PEPITA Wuxal Fe: russeting Suspensi\u00f3 concentrada de Fe en forma bivalent complexat amb \u00e0cid heptagluc\u00f2nic, totalment soluble, per a la correcci\u00f3 de car\u00e8ncies de ferro, assimilable via foliar i radicular, estable en pH extrems tant en el brou com al s\u00f2l. Camp d\u2019aplicaci\u00f3:Corrector de car\u00e8ncies: Clorosi f\u00e8rrica per manca d\u2019absorci\u00f3 radicular i incompatibilitat [&hellip;]<\/p>\n","protected":false},"author":1,"featured_media":0,"parent":0,"menu_order":0,"comment_status":"closed","ping_status":"closed","template":"","meta":{"_et_pb_use_builder":"on","_et_pb_old_content":"","_et_gb_content_width":"","footnotes":""},"class_list":["post-731","page","type-page","status-publish","hentry"],"yoast_head":"<!-- This site is optimized with the Yoast SEO plugin v27.4 - https:\/\/yoast.com\/product\/yoast-seo-wordpress\/ -->\n<title>Butlletins - Miarnau Agritecno<\/title>\n<meta name=\"robots\" content=\"index, follow, max-snippet:-1, max-image-preview:large, max-video-preview:-1\" \/>\n<link rel=\"canonical\" href=\"https:\/\/miarnau.cat\/ca\/boletines\/\" \/>\n<meta property=\"og:locale\" content=\"ca_ES\" \/>\n<meta property=\"og:type\" content=\"article\" \/>\n<meta property=\"og:title\" content=\"Butlletins - Miarnau Agritecno\" \/>\n<meta property=\"og:description\" content=\"FRUITERS DE PEPITA Wuxal Fe: russeting Suspensi\u00f3 concentrada de Fe en forma bivalent complexat amb \u00e0cid heptagluc\u00f2nic, totalment soluble, per a la correcci\u00f3 de car\u00e8ncies de ferro, assimilable via foliar i radicular, estable en pH extrems tant en el brou com al s\u00f2l. Camp d\u2019aplicaci\u00f3:Corrector de car\u00e8ncies: Clorosi f\u00e8rrica per manca d\u2019absorci\u00f3 radicular i incompatibilitat [&hellip;]\" \/>\n<meta property=\"og:url\" content=\"https:\/\/miarnau.cat\/ca\/boletines\/\" \/>\n<meta property=\"og:site_name\" content=\"Miarnau Agritecno\" \/>\n<meta property=\"article:modified_time\" content=\"2024-12-02T12:12:20+00:00\" \/>\n<meta name=\"twitter:card\" content=\"summary_large_image\" \/>\n<meta name=\"twitter:label1\" content=\"Temps estimat de lectura\" \/>\n\t<meta name=\"twitter:data1\" content=\"4 minuts\" \/>\n<script type=\"application\/ld+json\" class=\"yoast-schema-graph\">{\"@context\":\"https:\\\/\\\/schema.org\",\"@graph\":[{\"@type\":\"WebPage\",\"@id\":\"https:\\\/\\\/miarnau.cat\\\/ca\\\/boletines\\\/\",\"url\":\"https:\\\/\\\/miarnau.cat\\\/ca\\\/boletines\\\/\",\"name\":\"Butlletins - Miarnau Agritecno\",\"isPartOf\":{\"@id\":\"https:\\\/\\\/miarnau.cat\\\/ca\\\/#website\"},\"datePublished\":\"2021-03-22T09:22:33+00:00\",\"dateModified\":\"2024-12-02T12:12:20+00:00\",\"breadcrumb\":{\"@id\":\"https:\\\/\\\/miarnau.cat\\\/ca\\\/boletines\\\/#breadcrumb\"},\"inLanguage\":\"ca\",\"potentialAction\":[{\"@type\":\"ReadAction\",\"target\":[\"https:\\\/\\\/miarnau.cat\\\/ca\\\/boletines\\\/\"]}]},{\"@type\":\"BreadcrumbList\",\"@id\":\"https:\\\/\\\/miarnau.cat\\\/ca\\\/boletines\\\/#breadcrumb\",\"itemListElement\":[{\"@type\":\"ListItem\",\"position\":1,\"name\":\"Portada\",\"item\":\"https:\\\/\\\/miarnau.cat\\\/ca\\\/\"},{\"@type\":\"ListItem\",\"position\":2,\"name\":\"Butlletins\"}]},{\"@type\":\"WebSite\",\"@id\":\"https:\\\/\\\/miarnau.cat\\\/ca\\\/#website\",\"url\":\"https:\\\/\\\/miarnau.cat\\\/ca\\\/\",\"name\":\"Miarnau Agritecno\",\"description\":\"Todo para agricultores, almacenistas de cereal y exportadores de fruta.\",\"publisher\":{\"@id\":\"https:\\\/\\\/miarnau.cat\\\/ca\\\/#organization\"},\"potentialAction\":[{\"@type\":\"SearchAction\",\"target\":{\"@type\":\"EntryPoint\",\"urlTemplate\":\"https:\\\/\\\/miarnau.cat\\\/ca\\\/?s={search_term_string}\"},\"query-input\":{\"@type\":\"PropertyValueSpecification\",\"valueRequired\":true,\"valueName\":\"search_term_string\"}}],\"inLanguage\":\"ca\"},{\"@type\":\"Organization\",\"@id\":\"https:\\\/\\\/miarnau.cat\\\/ca\\\/#organization\",\"name\":\"MIARNAU AGRITECNO\",\"url\":\"https:\\\/\\\/miarnau.cat\\\/ca\\\/\",\"logo\":{\"@type\":\"ImageObject\",\"inLanguage\":\"ca\",\"@id\":\"https:\\\/\\\/miarnau.cat\\\/ca\\\/#\\\/schema\\\/logo\\\/image\\\/\",\"url\":\"https:\\\/\\\/miarnau.cat\\\/web\\\/wp-content\\\/uploads\\\/2021\\\/07\\\/cropped-icono0-miarnau-1.png\",\"contentUrl\":\"https:\\\/\\\/miarnau.cat\\\/web\\\/wp-content\\\/uploads\\\/2021\\\/07\\\/cropped-icono0-miarnau-1.png\",\"width\":512,\"height\":512,\"caption\":\"MIARNAU AGRITECNO\"},\"image\":{\"@id\":\"https:\\\/\\\/miarnau.cat\\\/ca\\\/#\\\/schema\\\/logo\\\/image\\\/\"}}]}<\/script>\n<!-- \/ Yoast SEO plugin. -->","yoast_head_json":{"title":"Butlletins - Miarnau Agritecno","robots":{"index":"index","follow":"follow","max-snippet":"max-snippet:-1","max-image-preview":"max-image-preview:large","max-video-preview":"max-video-preview:-1"},"canonical":"https:\/\/miarnau.cat\/ca\/boletines\/","og_locale":"ca_ES","og_type":"article","og_title":"Butlletins - Miarnau Agritecno","og_description":"FRUITERS DE PEPITA Wuxal Fe: russeting Suspensi\u00f3 concentrada de Fe en forma bivalent complexat amb \u00e0cid heptagluc\u00f2nic, totalment soluble, per a la correcci\u00f3 de car\u00e8ncies de ferro, assimilable via foliar i radicular, estable en pH extrems tant en el brou com al s\u00f2l. Camp d\u2019aplicaci\u00f3:Corrector de car\u00e8ncies: Clorosi f\u00e8rrica per manca d\u2019absorci\u00f3 radicular i incompatibilitat [&hellip;]","og_url":"https:\/\/miarnau.cat\/ca\/boletines\/","og_site_name":"Miarnau Agritecno","article_modified_time":"2024-12-02T12:12:20+00:00","twitter_card":"summary_large_image","twitter_misc":{"Temps estimat de lectura":"4 minuts"},"schema":{"@context":"https:\/\/schema.org","@graph":[{"@type":"WebPage","@id":"https:\/\/miarnau.cat\/ca\/boletines\/","url":"https:\/\/miarnau.cat\/ca\/boletines\/","name":"Butlletins - Miarnau Agritecno","isPartOf":{"@id":"https:\/\/miarnau.cat\/ca\/#website"},"datePublished":"2021-03-22T09:22:33+00:00","dateModified":"2024-12-02T12:12:20+00:00","breadcrumb":{"@id":"https:\/\/miarnau.cat\/ca\/boletines\/#breadcrumb"},"inLanguage":"ca","potentialAction":[{"@type":"ReadAction","target":["https:\/\/miarnau.cat\/ca\/boletines\/"]}]},{"@type":"BreadcrumbList","@id":"https:\/\/miarnau.cat\/ca\/boletines\/#breadcrumb","itemListElement":[{"@type":"ListItem","position":1,"name":"Portada","item":"https:\/\/miarnau.cat\/ca\/"},{"@type":"ListItem","position":2,"name":"Butlletins"}]},{"@type":"WebSite","@id":"https:\/\/miarnau.cat\/ca\/#website","url":"https:\/\/miarnau.cat\/ca\/","name":"Miarnau Agritecno","description":"Todo para agricultores, almacenistas de cereal y exportadores de fruta.","publisher":{"@id":"https:\/\/miarnau.cat\/ca\/#organization"},"potentialAction":[{"@type":"SearchAction","target":{"@type":"EntryPoint","urlTemplate":"https:\/\/miarnau.cat\/ca\/?s={search_term_string}"},"query-input":{"@type":"PropertyValueSpecification","valueRequired":true,"valueName":"search_term_string"}}],"inLanguage":"ca"},{"@type":"Organization","@id":"https:\/\/miarnau.cat\/ca\/#organization","name":"MIARNAU AGRITECNO","url":"https:\/\/miarnau.cat\/ca\/","logo":{"@type":"ImageObject","inLanguage":"ca","@id":"https:\/\/miarnau.cat\/ca\/#\/schema\/logo\/image\/","url":"https:\/\/miarnau.cat\/web\/wp-content\/uploads\/2021\/07\/cropped-icono0-miarnau-1.png","contentUrl":"https:\/\/miarnau.cat\/web\/wp-content\/uploads\/2021\/07\/cropped-icono0-miarnau-1.png","width":512,"height":512,"caption":"MIARNAU AGRITECNO"},"image":{"@id":"https:\/\/miarnau.cat\/ca\/#\/schema\/logo\/image\/"}}]}},"publishpress_future_action":{"enabled":false,"date":"2026-04-26 06:09:13","action":"change-status","newStatus":"draft","terms":[],"taxonomy":"translation_priority","extraData":[]},"publishpress_future_workflow_manual_trigger":{"enabledWorkflows":[]},"_links":{"self":[{"href":"https:\/\/miarnau.cat\/ca\/wp-json\/wp\/v2\/pages\/731","targetHints":{"allow":["GET"]}}],"collection":[{"href":"https:\/\/miarnau.cat\/ca\/wp-json\/wp\/v2\/pages"}],"about":[{"href":"https:\/\/miarnau.cat\/ca\/wp-json\/wp\/v2\/types\/page"}],"author":[{"embeddable":true,"href":"https:\/\/miarnau.cat\/ca\/wp-json\/wp\/v2\/users\/1"}],"replies":[{"embeddable":true,"href":"https:\/\/miarnau.cat\/ca\/wp-json\/wp\/v2\/comments?post=731"}],"version-history":[{"count":29,"href":"https:\/\/miarnau.cat\/ca\/wp-json\/wp\/v2\/pages\/731\/revisions"}],"predecessor-version":[{"id":2266,"href":"https:\/\/miarnau.cat\/ca\/wp-json\/wp\/v2\/pages\/731\/revisions\/2266"}],"wp:attachment":[{"href":"https:\/\/miarnau.cat\/ca\/wp-json\/wp\/v2\/media?parent=731"}],"curies":[{"name":"wp","href":"https:\/\/api.w.org\/{rel}","templated":true}]}}