{"id":717,"date":"2021-03-18T09:24:41","date_gmt":"2021-03-18T09:24:41","guid":{"rendered":"https:\/\/miarnau.cat\/contacto\/"},"modified":"2022-03-03T15:47:02","modified_gmt":"2022-03-03T15:47:02","slug":"contacto","status":"publish","type":"page","link":"https:\/\/miarnau.cat\/ca\/contacto\/","title":{"rendered":"Contacte"},"content":{"rendered":"<p>[et_pb_section fb_built=&#8221;1&#8243; fullwidth=&#8221;on&#8221; _builder_version=&#8221;4.9.2&#8243; _module_preset=&#8221;default&#8221; global_colors_info=&#8221;{}&#8221;][et_pb_fullwidth_header title=&#8221;Contacte&#8221; _builder_version=&#8221;4.9.2&#8243; _module_preset=&#8221;default&#8221; global_colors_info=&#8221;{}&#8221;][\/et_pb_fullwidth_header][\/et_pb_section][et_pb_section fb_built=&#8221;1&#8243; module_id=&#8221;contact&#8221; _builder_version=&#8221;4.9.2&#8243; _module_preset=&#8221;default&#8221; global_colors_info=&#8221;{}&#8221;][et_pb_row column_structure=&#8221;1_3,1_3,1_3&#8243; _builder_version=&#8221;4.9.2&#8243; _module_preset=&#8221;default&#8221; custom_margin=&#8221;|auto|35px|auto||&#8221; global_colors_info=&#8221;{}&#8221;][et_pb_column type=&#8221;1_3&#8243; _builder_version=&#8221;4.9.2&#8243; _module_preset=&#8221;default&#8221; global_colors_info=&#8221;{}&#8221;][et_pb_text _builder_version=&#8221;4.9.2&#8243; _module_preset=&#8221;default&#8221; custom_padding=&#8221;||13px|||&#8221; global_colors_info=&#8221;{}&#8221;]<\/p>\n<p><strong>Miarnau AgriTecno S.L.<\/strong><br \/>P.I. Panam\u00e1 \u00b7 C\/ Jaume Sarroca, 5<br \/>Torres de Segre<br \/>25170 (Lleida)<br \/>Telf.:<strong> 973 796 081<\/strong><br \/>NIF B25220757<\/p>\n<p>[\/et_pb_text][et_pb_text _builder_version=&#8221;4.14.8&#8243; _module_preset=&#8221;default&#8221; global_colors_info=&#8221;{}&#8221;]<\/p>\n<p>Informaci\u00f3<br \/><a href=\"mailto:info@miarnau.cat\">info@miarnau.cat<\/a><\/p>\n<p>Administraci\u00f3<br \/><a href=\"mailto:administracio@miarnau.cat\">administracio@miarnau.cat<\/a><\/p>\n<p>T\u00e8cnics<br \/><a href=\"mailto:tecnics@miarnau.cat\">tecnics@miarnau.cat<\/a><\/p>\n<p>[\/et_pb_text][\/et_pb_column][et_pb_column type=&#8221;1_3&#8243; _builder_version=&#8221;4.9.2&#8243; _module_preset=&#8221;default&#8221; global_colors_info=&#8221;{}&#8221;][et_pb_text _builder_version=&#8221;4.14.8&#8243; _module_preset=&#8221;default&#8221; global_colors_info=&#8221;{}&#8221;]<\/p>\n<h4>Horari<\/h4>\n<p><strong>Estiu<br \/><\/strong><strong>Dilluns a Divendres<\/strong><br \/>08:30 a 13:30 i 16:00 a 20:00<\/p>\n<p><strong>Hivern<br \/><\/strong><strong>Dilluns a Divendres<\/strong><br \/>08:00 a 13:00 i 15:00 a 19:00<\/p>\n<p>[\/et_pb_text][\/et_pb_column][et_pb_column type=&#8221;1_3&#8243; _builder_version=&#8221;4.9.2&#8243; _module_preset=&#8221;default&#8221; global_colors_info=&#8221;{}&#8221;][et_pb_text _builder_version=&#8221;4.14.8&#8243; _module_preset=&#8221;default&#8221; hover_enabled=&#8221;0&#8243; global_colors_info=&#8221;{}&#8221; sticky_enabled=&#8221;0&#8243;]<\/p>\n<h4>Equip<\/h4>\n<p><strong>Gerent:<br \/><\/strong> Francesc Xavier Miarnau Domenech<\/p>\n<p><strong>T\u00e8cnics Comercials:<\/strong><br \/>Jordi Miarnau<br \/>Joan C. Belana<br \/>Joan L. i Serviu<br \/>Sergio E. Muraru<br \/>Eduard Ortiga<\/p>\n<p><strong>Administraci\u00f3:<\/strong><br \/>Teresa Miarnau<br \/>Rosa Colom<\/p>\n<p>[\/et_pb_text][\/et_pb_column][\/et_pb_row][\/et_pb_section][et_pb_section fb_built=&#8221;1&#8243; module_class=&#8221;no-margin no-padding&#8221; _builder_version=&#8221;4.9.2&#8243; _module_preset=&#8221;default&#8221; global_colors_info=&#8221;{}&#8221;][et_pb_row _builder_version=&#8221;4.9.2&#8243; _module_preset=&#8221;default&#8221; width=&#8221;100%&#8221; max_width=&#8221;2560px&#8221; global_colors_info=&#8221;{}&#8221;][et_pb_column type=&#8221;4_4&#8243; _builder_version=&#8221;4.9.2&#8243; _module_preset=&#8221;default&#8221; global_colors_info=&#8221;{}&#8221;][et_pb_text admin_label=&#8221;Mapa&#8221; _builder_version=&#8221;4.9.2&#8243; _module_preset=&#8221;default&#8221; global_colors_info=&#8221;{}&#8221;]<iframe src=\"https:\/\/www.google.com\/maps\/embed?pb=!1m14!1m8!1m3!1d191071.90561486103!2d0.509743!3d41.558454!3m2!1i1024!2i768!4f13.1!3m3!1m2!1s0x0%3A0x40bdf40f4ab38a67!2sMiarnau%20Agritecno%2C%20S.L.!5e0!3m2!1ses!2ses!4v1616059421686!5m2!1ses!2ses\" style=\"border:0; width:100%; height:400px;\" allowfullscreen=\"\" loading=\"lazy\"><\/iframe>[\/et_pb_text][\/et_pb_column][\/et_pb_row][\/et_pb_section]<\/p>\n","protected":false},"excerpt":{"rendered":"<p>Miarnau AgriTecno S.L.P.I. Panam\u00e1 \u00b7 C\/ Jaume Sarroca, 5Torres de Segre25170 (Lleida)Telf.: 973 796 081NIF B25220757Informaci\u00f3info@miarnau.cat Administraci\u00f3administracio@miarnau.cat T\u00e8cnicstecnics@miarnau.catHorari EstiuDilluns a Divendres08:30 a 13:30 i 16:00 a 20:00 HivernDilluns a Divendres08:00 a 13:00 i 15:00 a 19:00Equip Gerent: Francesc Xavier Miarnau Domenech T\u00e8cnics Comercials:Jordi MiarnauJoan C. BelanaJoan L. i ServiuSergio E. MuraruEduard Ortiga Administraci\u00f3:Teresa MiarnauRosa Colom<\/p>\n","protected":false},"author":1,"featured_media":0,"parent":0,"menu_order":0,"comment_status":"closed","ping_status":"closed","template":"","meta":{"_et_pb_use_builder":"on","_et_pb_old_content":"","_et_gb_content_width":"","footnotes":""},"class_list":["post-717","page","type-page","status-publish","hentry"],"yoast_head":"<!-- This site is optimized with the Yoast SEO plugin v27.4 - https:\/\/yoast.com\/product\/yoast-seo-wordpress\/ -->\n<title>Contacte - Miarnau Agritecno<\/title>\n<meta name=\"robots\" content=\"index, follow, max-snippet:-1, max-image-preview:large, max-video-preview:-1\" \/>\n<link rel=\"canonical\" href=\"https:\/\/miarnau.cat\/ca\/contacto\/\" \/>\n<meta property=\"og:locale\" content=\"ca_ES\" \/>\n<meta property=\"og:type\" content=\"article\" \/>\n<meta property=\"og:title\" content=\"Contacte - Miarnau Agritecno\" \/>\n<meta property=\"og:description\" content=\"Miarnau AgriTecno S.L.P.I. Panam\u00e1 \u00b7 C\/ Jaume Sarroca, 5Torres de Segre25170 (Lleida)Telf.: 973 796 081NIF B25220757Informaci\u00f3info@miarnau.cat Administraci\u00f3administracio@miarnau.cat T\u00e8cnicstecnics@miarnau.catHorari EstiuDilluns a Divendres08:30 a 13:30 i 16:00 a 20:00 HivernDilluns a Divendres08:00 a 13:00 i 15:00 a 19:00Equip Gerent: Francesc Xavier Miarnau Domenech T\u00e8cnics Comercials:Jordi MiarnauJoan C. BelanaJoan L. i ServiuSergio E. MuraruEduard Ortiga Administraci\u00f3:Teresa MiarnauRosa Colom\" \/>\n<meta property=\"og:url\" content=\"https:\/\/miarnau.cat\/ca\/contacto\/\" \/>\n<meta property=\"og:site_name\" content=\"Miarnau Agritecno\" \/>\n<meta property=\"article:modified_time\" content=\"2022-03-03T15:47:02+00:00\" \/>\n<meta name=\"twitter:card\" content=\"summary_large_image\" \/>\n<meta name=\"twitter:label1\" content=\"Temps estimat de lectura\" \/>\n\t<meta name=\"twitter:data1\" content=\"2 minuts\" \/>\n<script type=\"application\/ld+json\" class=\"yoast-schema-graph\">{\"@context\":\"https:\\\/\\\/schema.org\",\"@graph\":[{\"@type\":\"WebPage\",\"@id\":\"https:\\\/\\\/miarnau.cat\\\/ca\\\/contacto\\\/\",\"url\":\"https:\\\/\\\/miarnau.cat\\\/ca\\\/contacto\\\/\",\"name\":\"Contacte - Miarnau Agritecno\",\"isPartOf\":{\"@id\":\"https:\\\/\\\/miarnau.cat\\\/ca\\\/#website\"},\"datePublished\":\"2021-03-18T09:24:41+00:00\",\"dateModified\":\"2022-03-03T15:47:02+00:00\",\"breadcrumb\":{\"@id\":\"https:\\\/\\\/miarnau.cat\\\/ca\\\/contacto\\\/#breadcrumb\"},\"inLanguage\":\"ca\",\"potentialAction\":[{\"@type\":\"ReadAction\",\"target\":[\"https:\\\/\\\/miarnau.cat\\\/ca\\\/contacto\\\/\"]}]},{\"@type\":\"BreadcrumbList\",\"@id\":\"https:\\\/\\\/miarnau.cat\\\/ca\\\/contacto\\\/#breadcrumb\",\"itemListElement\":[{\"@type\":\"ListItem\",\"position\":1,\"name\":\"Portada\",\"item\":\"https:\\\/\\\/miarnau.cat\\\/ca\\\/\"},{\"@type\":\"ListItem\",\"position\":2,\"name\":\"Contacte\"}]},{\"@type\":\"WebSite\",\"@id\":\"https:\\\/\\\/miarnau.cat\\\/ca\\\/#website\",\"url\":\"https:\\\/\\\/miarnau.cat\\\/ca\\\/\",\"name\":\"Miarnau Agritecno\",\"description\":\"Todo para agricultores, almacenistas de cereal y exportadores de fruta.\",\"publisher\":{\"@id\":\"https:\\\/\\\/miarnau.cat\\\/ca\\\/#organization\"},\"potentialAction\":[{\"@type\":\"SearchAction\",\"target\":{\"@type\":\"EntryPoint\",\"urlTemplate\":\"https:\\\/\\\/miarnau.cat\\\/ca\\\/?s={search_term_string}\"},\"query-input\":{\"@type\":\"PropertyValueSpecification\",\"valueRequired\":true,\"valueName\":\"search_term_string\"}}],\"inLanguage\":\"ca\"},{\"@type\":\"Organization\",\"@id\":\"https:\\\/\\\/miarnau.cat\\\/ca\\\/#organization\",\"name\":\"MIARNAU AGRITECNO\",\"url\":\"https:\\\/\\\/miarnau.cat\\\/ca\\\/\",\"logo\":{\"@type\":\"ImageObject\",\"inLanguage\":\"ca\",\"@id\":\"https:\\\/\\\/miarnau.cat\\\/ca\\\/#\\\/schema\\\/logo\\\/image\\\/\",\"url\":\"https:\\\/\\\/miarnau.cat\\\/web\\\/wp-content\\\/uploads\\\/2021\\\/07\\\/cropped-icono0-miarnau-1.png\",\"contentUrl\":\"https:\\\/\\\/miarnau.cat\\\/web\\\/wp-content\\\/uploads\\\/2021\\\/07\\\/cropped-icono0-miarnau-1.png\",\"width\":512,\"height\":512,\"caption\":\"MIARNAU AGRITECNO\"},\"image\":{\"@id\":\"https:\\\/\\\/miarnau.cat\\\/ca\\\/#\\\/schema\\\/logo\\\/image\\\/\"}}]}<\/script>\n<!-- \/ Yoast SEO plugin. -->","yoast_head_json":{"title":"Contacte - Miarnau Agritecno","robots":{"index":"index","follow":"follow","max-snippet":"max-snippet:-1","max-image-preview":"max-image-preview:large","max-video-preview":"max-video-preview:-1"},"canonical":"https:\/\/miarnau.cat\/ca\/contacto\/","og_locale":"ca_ES","og_type":"article","og_title":"Contacte - Miarnau Agritecno","og_description":"Miarnau AgriTecno S.L.P.I. Panam\u00e1 \u00b7 C\/ Jaume Sarroca, 5Torres de Segre25170 (Lleida)Telf.: 973 796 081NIF B25220757Informaci\u00f3info@miarnau.cat Administraci\u00f3administracio@miarnau.cat T\u00e8cnicstecnics@miarnau.catHorari EstiuDilluns a Divendres08:30 a 13:30 i 16:00 a 20:00 HivernDilluns a Divendres08:00 a 13:00 i 15:00 a 19:00Equip Gerent: Francesc Xavier Miarnau Domenech T\u00e8cnics Comercials:Jordi MiarnauJoan C. BelanaJoan L. i ServiuSergio E. MuraruEduard Ortiga Administraci\u00f3:Teresa MiarnauRosa Colom","og_url":"https:\/\/miarnau.cat\/ca\/contacto\/","og_site_name":"Miarnau Agritecno","article_modified_time":"2022-03-03T15:47:02+00:00","twitter_card":"summary_large_image","twitter_misc":{"Temps estimat de lectura":"2 minuts"},"schema":{"@context":"https:\/\/schema.org","@graph":[{"@type":"WebPage","@id":"https:\/\/miarnau.cat\/ca\/contacto\/","url":"https:\/\/miarnau.cat\/ca\/contacto\/","name":"Contacte - Miarnau Agritecno","isPartOf":{"@id":"https:\/\/miarnau.cat\/ca\/#website"},"datePublished":"2021-03-18T09:24:41+00:00","dateModified":"2022-03-03T15:47:02+00:00","breadcrumb":{"@id":"https:\/\/miarnau.cat\/ca\/contacto\/#breadcrumb"},"inLanguage":"ca","potentialAction":[{"@type":"ReadAction","target":["https:\/\/miarnau.cat\/ca\/contacto\/"]}]},{"@type":"BreadcrumbList","@id":"https:\/\/miarnau.cat\/ca\/contacto\/#breadcrumb","itemListElement":[{"@type":"ListItem","position":1,"name":"Portada","item":"https:\/\/miarnau.cat\/ca\/"},{"@type":"ListItem","position":2,"name":"Contacte"}]},{"@type":"WebSite","@id":"https:\/\/miarnau.cat\/ca\/#website","url":"https:\/\/miarnau.cat\/ca\/","name":"Miarnau Agritecno","description":"Todo para agricultores, almacenistas de cereal y exportadores de fruta.","publisher":{"@id":"https:\/\/miarnau.cat\/ca\/#organization"},"potentialAction":[{"@type":"SearchAction","target":{"@type":"EntryPoint","urlTemplate":"https:\/\/miarnau.cat\/ca\/?s={search_term_string}"},"query-input":{"@type":"PropertyValueSpecification","valueRequired":true,"valueName":"search_term_string"}}],"inLanguage":"ca"},{"@type":"Organization","@id":"https:\/\/miarnau.cat\/ca\/#organization","name":"MIARNAU AGRITECNO","url":"https:\/\/miarnau.cat\/ca\/","logo":{"@type":"ImageObject","inLanguage":"ca","@id":"https:\/\/miarnau.cat\/ca\/#\/schema\/logo\/image\/","url":"https:\/\/miarnau.cat\/web\/wp-content\/uploads\/2021\/07\/cropped-icono0-miarnau-1.png","contentUrl":"https:\/\/miarnau.cat\/web\/wp-content\/uploads\/2021\/07\/cropped-icono0-miarnau-1.png","width":512,"height":512,"caption":"MIARNAU AGRITECNO"},"image":{"@id":"https:\/\/miarnau.cat\/ca\/#\/schema\/logo\/image\/"}}]}},"publishpress_future_action":{"enabled":false,"date":"2026-04-26 07:35:01","action":"change-status","newStatus":"draft","terms":[],"taxonomy":"translation_priority","extraData":[]},"publishpress_future_workflow_manual_trigger":{"enabledWorkflows":[]},"_links":{"self":[{"href":"https:\/\/miarnau.cat\/ca\/wp-json\/wp\/v2\/pages\/717","targetHints":{"allow":["GET"]}}],"collection":[{"href":"https:\/\/miarnau.cat\/ca\/wp-json\/wp\/v2\/pages"}],"about":[{"href":"https:\/\/miarnau.cat\/ca\/wp-json\/wp\/v2\/types\/page"}],"author":[{"embeddable":true,"href":"https:\/\/miarnau.cat\/ca\/wp-json\/wp\/v2\/users\/1"}],"replies":[{"embeddable":true,"href":"https:\/\/miarnau.cat\/ca\/wp-json\/wp\/v2\/comments?post=717"}],"version-history":[{"count":15,"href":"https:\/\/miarnau.cat\/ca\/wp-json\/wp\/v2\/pages\/717\/revisions"}],"predecessor-version":[{"id":1544,"href":"https:\/\/miarnau.cat\/ca\/wp-json\/wp\/v2\/pages\/717\/revisions\/1544"}],"wp:attachment":[{"href":"https:\/\/miarnau.cat\/ca\/wp-json\/wp\/v2\/media?parent=717"}],"curies":[{"name":"wp","href":"https:\/\/api.w.org\/{rel}","templated":true}]}}