{"id":703,"date":"2021-03-22T07:52:27","date_gmt":"2021-03-22T07:52:27","guid":{"rendered":"https:\/\/miarnau.cat\/tratamientos\/"},"modified":"2021-07-19T10:26:06","modified_gmt":"2021-07-19T10:26:06","slug":"tratamientos","status":"publish","type":"page","link":"https:\/\/miarnau.cat\/ca\/tratamientos\/","title":{"rendered":"Tractaments"},"content":{"rendered":"<p>[et_pb_section fb_built=&#8221;1&#8243; fullwidth=&#8221;on&#8221; _builder_version=&#8221;4.9.2&#8243; _module_preset=&#8221;default&#8221;][et_pb_fullwidth_header title=&#8221;Tractaments&#8221; _builder_version=&#8221;4.9.2&#8243; _module_preset=&#8221;default&#8221;][\/et_pb_fullwidth_header][\/et_pb_section][et_pb_section fb_built=&#8221;1&#8243; _builder_version=&#8221;4.9.2&#8243; _module_preset=&#8221;default&#8221;][et_pb_row _builder_version=&#8221;4.9.2&#8243; _module_preset=&#8221;default&#8221;][et_pb_column type=&#8221;4_4&#8243; _builder_version=&#8221;4.9.2&#8243; _module_preset=&#8221;default&#8221;][et_pb_text _builder_version=&#8221;4.9.2&#8243; _module_preset=&#8221;default&#8221;]<\/p>\n<h2 style=\"text-align: center;\">TRACTAMENTS PER A PRODUCTES EMMAGATZEMATS:<br \/>Cereals, Fruits secs, etc<\/h2>\n<h3 style=\"text-align: center;\">Normes i recomanacions per a un emmagatzematge correcte<\/h3>\n<p>[\/et_pb_text][\/et_pb_column][\/et_pb_row][et_pb_row column_structure=&#8221;1_2,1_2&#8243; _builder_version=&#8221;4.9.2&#8243; _module_preset=&#8221;default&#8221;][et_pb_column type=&#8221;1_2&#8243; _builder_version=&#8221;4.9.2&#8243; _module_preset=&#8221;default&#8221;][et_pb_text _builder_version=&#8221;4.9.2&#8243; _module_preset=&#8221;default&#8221;]<\/p>\n<h4>Pel que fa a l\u2019habitacle<\/h4>\n<ol>\n<li>Neteja del magatzem i voltants.<\/li>\n<li>Revisi\u00f3 d\u2019accessos i conduccions d\u2019aigua.<\/li>\n<li>Impermeabilitzaci\u00f3 de zones humides al terra i parets.<\/li>\n<\/ol>\n<p>[\/et_pb_text][\/et_pb_column][et_pb_column type=&#8221;1_2&#8243; _builder_version=&#8221;4.9.2&#8243; _module_preset=&#8221;default&#8221;][et_pb_text _builder_version=&#8221;4.9.2&#8243; _module_preset=&#8221;default&#8221;]<\/p>\n<h4>Pel que fa al producte a emmagatzemar<\/h4>\n<ol>\n<li>Humitat correcta (11-13 %).<\/li>\n<li>Producte net.<\/li>\n<li>Integritat f\u00edsica del gra de cereal o llegum.<\/li>\n<li>Temperatura d\u2019emmagatzematge per sota dels 30\u00baC.<\/li>\n<\/ol>\n<p>[\/et_pb_text][\/et_pb_column][\/et_pb_row][et_pb_row _builder_version=&#8221;4.9.2&#8243; _module_preset=&#8221;default&#8221;][et_pb_column type=&#8221;4_4&#8243; _builder_version=&#8221;4.9.2&#8243; _module_preset=&#8221;default&#8221;][et_pb_text _builder_version=&#8221;4.9.2&#8243; _module_preset=&#8221;default&#8221;]<\/p>\n<h2>Tractaments preventius<\/h2>\n<p>El producte, en el moment de l\u2019emmagatzematge, \u00e9s portador de postes, larves i fins i tot, adults que condicionaran la seva conservaci\u00f3.<\/p>\n<p>[\/et_pb_text][\/et_pb_column][\/et_pb_row][et_pb_row _builder_version=&#8221;4.9.2&#8243; _module_preset=&#8221;default&#8221;][et_pb_column type=&#8221;4_4&#8243; _builder_version=&#8221;4.9.2&#8243; _module_preset=&#8221;default&#8221;][et_pb_text _builder_version=&#8221;4.9.2&#8243; _module_preset=&#8221;default&#8221;]<\/p>\n<h3>1.Tractament de desinsectaci\u00f3 de magatzem o sitges amb un insecticida autoritzat.<\/h3>\n<p>[\/et_pb_text][\/et_pb_column][\/et_pb_row][et_pb_row _builder_version=&#8221;4.9.2&#8243; _module_preset=&#8221;default&#8221;][et_pb_column type=&#8221;4_4&#8243; _builder_version=&#8221;4.9.2&#8243; _module_preset=&#8221;default&#8221;][et_pb_text _builder_version=&#8221;4.9.2&#8243; _module_preset=&#8221;default&#8221; custom_padding=&#8221;22px|||||&#8221;]<\/p>\n<h3>2. Tractament amb K-OBIOL EC 25 o b\u00e9 K-OBIOL ULV6, ACTELLIC-50 i NUVAGRAIN al moment de l\u2019entrada de gra al magatzem.<\/h3>\n<p>[\/et_pb_text][\/et_pb_column][\/et_pb_row][et_pb_row column_structure=&#8221;1_3,1_3,1_3&#8243; _builder_version=&#8221;4.9.2&#8243; _module_preset=&#8221;default&#8221;][et_pb_column type=&#8221;1_3&#8243; _builder_version=&#8221;4.9.2&#8243; _module_preset=&#8221;default&#8221;][et_pb_image src=&#8221;https:\/\/miarnau.cat\/web\/wp-content\/uploads\/2021\/03\/K-Obiol-EC25-1L-y-5L.jpg&#8221; title_text=&#8221;K-Obiol-EC25-1L-y-5L&#8221; _builder_version=&#8221;4.9.2&#8243; _module_preset=&#8221;default&#8221;][\/et_pb_image][\/et_pb_column][et_pb_column type=&#8221;1_3&#8243; _builder_version=&#8221;4.9.2&#8243; _module_preset=&#8221;default&#8221;][et_pb_image src=&#8221;https:\/\/miarnau.cat\/web\/wp-content\/uploads\/2021\/03\/K-ObiolULV6.jpg&#8221; title_text=&#8221;K-Obiol+ULV6&#8243; _builder_version=&#8221;4.9.2&#8243; _module_preset=&#8221;default&#8221;][\/et_pb_image][\/et_pb_column][et_pb_column type=&#8221;1_3&#8243; _builder_version=&#8221;4.9.2&#8243; _module_preset=&#8221;default&#8221;][et_pb_image src=&#8221;https:\/\/miarnau.cat\/web\/wp-content\/uploads\/2021\/07\/Actellic-50-Sanitrade-300&#215;300.png&#8221; title_text=&#8221;Actellic-50-Sanitrade&#8221; _builder_version=&#8221;4.9.7&#8243; _module_preset=&#8221;default&#8221; hover_enabled=&#8221;0&#8243; sticky_enabled=&#8221;0&#8243;][\/et_pb_image][\/et_pb_column][\/et_pb_row][et_pb_row _builder_version=&#8221;4.9.2&#8243; _module_preset=&#8221;default&#8221;][et_pb_column type=&#8221;4_4&#8243; _builder_version=&#8221;4.9.2&#8243; _module_preset=&#8221;default&#8221;][et_pb_text _builder_version=&#8221;4.9.2&#8243; _module_preset=&#8221;default&#8221;]<\/p>\n<h3>3. Prevenci\u00f3 d\u2019encrostrament als munts de cereal amb SEED RIGHT D,  localitzat en superf\u00edcie.<\/h3>\n<p>Producte d\u2019origen natural basat en silicats i \u00f2xids de silici que, per la seva elevada higroscopicitat, controla el desenvolupament de floridures i fongs, redueix la humitat i, per les seves caracter\u00edstiques abrasives, controla el desenvolupament d\u2019insectes infectants presents als grans en fase d\u2019emmagatzematge.<br \/>Dosi: 2 kg\/Tn.<br \/><strong>Apte per a producci\u00f3 ecol\u00f2gica.<\/strong><\/p>\n<p>[\/et_pb_text][\/et_pb_column][\/et_pb_row][\/et_pb_section][et_pb_section fb_built=&#8221;1&#8243; _builder_version=&#8221;4.9.2&#8243; _module_preset=&#8221;default&#8221; background_color=&#8221;#bedaa3&#8243;][et_pb_row _builder_version=&#8221;4.9.2&#8243; _module_preset=&#8221;default&#8221;][et_pb_column type=&#8221;4_4&#8243; _builder_version=&#8221;4.9.2&#8243; _module_preset=&#8221;default&#8221;][et_pb_text admin_label=&#8221;Log\u00edstica del Tratamiento&#8221; _builder_version=&#8221;4.9.2&#8243; _module_preset=&#8221;default&#8221;]<\/p>\n<h2>Metodologia del tractament amb Fosfur<\/h2>\n<ol>\n<li>Determinar si el magatzem reuneix les condicions necess\u00e0ries de seguretat, estanqueitat i dist\u00e0ncia de nuclis habitats per a poder aplicar fosfur d\u2019alumini o magnesi.<\/li>\n<li>Determinada la pres\u00e8ncia de plaga, s\u2019efectuar\u00e0 el tractament amb Fosfur d\u2019alumini o magnesi localitzant i distribuint el fosfur en el gra emmagatzemat.<\/li>\n<li>Tractament de parets i resta del magatzem amb un insecticida autoritzat.<\/li>\n<li>Segellat pl\u00e0stic per a confinar el fosfur d\u2019hidrogen (fosf\u00e0 o gas fosfamina) al producte a desinsectar.<\/li>\n<li>Senyalitzaci\u00f3 amb r\u00e8tols del magatzem tractat.<\/li>\n<li>Aixecament del tractament segons el pla\u00e7 establert i un cop mesurat el fosfur d\u2019hidrogen \u00e9s per sota de la concentraci\u00f3 permesa.<\/li>\n<li>Certificat de la desinsectaci\u00f3 i del treball realitzat.<\/li>\n<\/ol>\n<p>[\/et_pb_text][\/et_pb_column][\/et_pb_row][\/et_pb_section][et_pb_section fb_built=&#8221;1&#8243; _builder_version=&#8221;4.9.2&#8243; _module_preset=&#8221;default&#8221;][et_pb_row _builder_version=&#8221;4.9.2&#8243; _module_preset=&#8221;default&#8221;][et_pb_column type=&#8221;4_4&#8243; _builder_version=&#8221;4.9.2&#8243; _module_preset=&#8221;default&#8221;][et_pb_text admin_label=&#8221;Desratizaci\u00f3n&#8221; _builder_version=&#8221;4.9.2&#8243; _module_preset=&#8221;default&#8221;]<\/p>\n<h2>Desratitzaci\u00f3<\/h2>\n<p>A granges, magatzems agr\u00edcoles, zones industrials i vivendes.<br \/>\nPersonal autoritzat i especialitzat en desratitzaci\u00f3.<br \/>\nPosada en pr\u00e0ctica de les millors estrat\u00e8gies pel control  i utilitzaci\u00f3 dels raticides m\u00e9s adients i desitjable pels rosegadors (esquers granulats, en pasta, blocs, en forma l\u00edquida, etc.).<\/p>\n<h2>Control de bufonets i talpa europea.<\/h2>\n<p>Producte: Phostoxin Tablet (aplicat per personal autoritzat).<br \/>\nLocalitzar les tabletes dintre les galeries i senyalitzar les zones tractades.<br \/>\nNo afecta la xarxa tr\u00f2fica.[\/et_pb_text][\/et_pb_column][\/et_pb_row][et_pb_row column_structure=&#8221;1_3,1_3,1_3&#8243; _builder_version=&#8221;4.9.2&#8243; _module_preset=&#8221;default&#8221;][et_pb_column type=&#8221;1_3&#8243; _builder_version=&#8221;4.9.2&#8243; _module_preset=&#8221;default&#8221;][et_pb_image src=&#8221;https:\/\/miarnau.cat\/web\/wp-content\/uploads\/2021\/03\/tratamientos_1.jpg&#8221; title_text=&#8221;tratamientos_1&#8243; _builder_version=&#8221;4.9.2&#8243; _module_preset=&#8221;default&#8221;][\/et_pb_image][\/et_pb_column][et_pb_column type=&#8221;1_3&#8243; _builder_version=&#8221;4.9.2&#8243; _module_preset=&#8221;default&#8221;][et_pb_image src=&#8221;https:\/\/miarnau.cat\/web\/wp-content\/uploads\/2021\/03\/tratamientos_2.jpg&#8221; title_text=&#8221;tratamientos_2&#8243; _builder_version=&#8221;4.9.2&#8243; _module_preset=&#8221;default&#8221;][\/et_pb_image][\/et_pb_column][et_pb_column type=&#8221;1_3&#8243; _builder_version=&#8221;4.9.2&#8243; _module_preset=&#8221;default&#8221;][et_pb_image src=&#8221;https:\/\/miarnau.cat\/web\/wp-content\/uploads\/2021\/03\/tratamientos_3.jpg&#8221; title_text=&#8221;tratamientos_3&#8243; _builder_version=&#8221;4.9.2&#8243; _module_preset=&#8221;default&#8221;][\/et_pb_image][\/et_pb_column][\/et_pb_row][et_pb_row column_structure=&#8221;1_3,1_3,1_3&#8243; _builder_version=&#8221;4.9.2&#8243; _module_preset=&#8221;default&#8221;][et_pb_column type=&#8221;1_3&#8243; _builder_version=&#8221;4.9.2&#8243; _module_preset=&#8221;default&#8221;][et_pb_image src=&#8221;https:\/\/miarnau.cat\/web\/wp-content\/uploads\/2021\/03\/tratamientos_4.jpg&#8221; title_text=&#8221;tratamientos_4&#8243; _builder_version=&#8221;4.9.2&#8243; _module_preset=&#8221;default&#8221;][\/et_pb_image][\/et_pb_column][et_pb_column type=&#8221;1_3&#8243; _builder_version=&#8221;4.9.2&#8243; _module_preset=&#8221;default&#8221;][et_pb_image src=&#8221;https:\/\/miarnau.cat\/web\/wp-content\/uploads\/2021\/03\/tratamientos_5.jpg&#8221; title_text=&#8221;tratamientos_5&#8243; _builder_version=&#8221;4.9.2&#8243; _module_preset=&#8221;default&#8221;][\/et_pb_image][\/et_pb_column][et_pb_column type=&#8221;1_3&#8243; _builder_version=&#8221;4.9.2&#8243; _module_preset=&#8221;default&#8221;][et_pb_image src=&#8221;https:\/\/miarnau.cat\/web\/wp-content\/uploads\/2021\/03\/tratamientos_6.jpg&#8221; title_text=&#8221;tratamientos_6&#8243; _builder_version=&#8221;4.9.2&#8243; _module_preset=&#8221;default&#8221;][\/et_pb_image][\/et_pb_column][\/et_pb_row][\/et_pb_section]<\/p>\n","protected":false},"excerpt":{"rendered":"<p>TRACTAMENTS PER A PRODUCTES EMMAGATZEMATS:Cereals, Fruits secs, etc Normes i recomanacions per a un emmagatzematge correctePel que fa a l\u2019habitacle Neteja del magatzem i voltants. Revisi\u00f3 d\u2019accessos i conduccions d\u2019aigua. Impermeabilitzaci\u00f3 de zones humides al terra i parets.Pel que fa al producte a emmagatzemar Humitat correcta (11-13 %). Producte net. Integritat f\u00edsica del gra de [&hellip;]<\/p>\n","protected":false},"author":1,"featured_media":0,"parent":0,"menu_order":0,"comment_status":"closed","ping_status":"closed","template":"","meta":{"_et_pb_use_builder":"on","_et_pb_old_content":"","_et_gb_content_width":"","footnotes":""},"class_list":["post-703","page","type-page","status-publish","hentry"],"yoast_head":"<!-- This site is optimized with the Yoast SEO plugin v27.4 - https:\/\/yoast.com\/product\/yoast-seo-wordpress\/ -->\n<title>Tractaments - Miarnau Agritecno<\/title>\n<meta name=\"robots\" content=\"index, follow, max-snippet:-1, max-image-preview:large, max-video-preview:-1\" \/>\n<link rel=\"canonical\" href=\"https:\/\/miarnau.cat\/ca\/tratamientos\/\" \/>\n<meta property=\"og:locale\" content=\"ca_ES\" \/>\n<meta property=\"og:type\" content=\"article\" \/>\n<meta property=\"og:title\" content=\"Tractaments - Miarnau Agritecno\" \/>\n<meta property=\"og:description\" content=\"TRACTAMENTS PER A PRODUCTES EMMAGATZEMATS:Cereals, Fruits secs, etc Normes i recomanacions per a un emmagatzematge correctePel que fa a l\u2019habitacle Neteja del magatzem i voltants. Revisi\u00f3 d\u2019accessos i conduccions d\u2019aigua. Impermeabilitzaci\u00f3 de zones humides al terra i parets.Pel que fa al producte a emmagatzemar Humitat correcta (11-13 %). Producte net. Integritat f\u00edsica del gra de [&hellip;]\" \/>\n<meta property=\"og:url\" content=\"https:\/\/miarnau.cat\/ca\/tratamientos\/\" \/>\n<meta property=\"og:site_name\" content=\"Miarnau Agritecno\" \/>\n<meta property=\"article:modified_time\" content=\"2021-07-19T10:26:06+00:00\" \/>\n<meta name=\"twitter:card\" content=\"summary_large_image\" \/>\n<meta name=\"twitter:label1\" content=\"Temps estimat de lectura\" \/>\n\t<meta name=\"twitter:data1\" content=\"6 minuts\" \/>\n<script type=\"application\/ld+json\" class=\"yoast-schema-graph\">{\"@context\":\"https:\\\/\\\/schema.org\",\"@graph\":[{\"@type\":\"WebPage\",\"@id\":\"https:\\\/\\\/miarnau.cat\\\/ca\\\/tratamientos\\\/\",\"url\":\"https:\\\/\\\/miarnau.cat\\\/ca\\\/tratamientos\\\/\",\"name\":\"Tractaments - Miarnau Agritecno\",\"isPartOf\":{\"@id\":\"https:\\\/\\\/miarnau.cat\\\/ca\\\/#website\"},\"datePublished\":\"2021-03-22T07:52:27+00:00\",\"dateModified\":\"2021-07-19T10:26:06+00:00\",\"breadcrumb\":{\"@id\":\"https:\\\/\\\/miarnau.cat\\\/ca\\\/tratamientos\\\/#breadcrumb\"},\"inLanguage\":\"ca\",\"potentialAction\":[{\"@type\":\"ReadAction\",\"target\":[\"https:\\\/\\\/miarnau.cat\\\/ca\\\/tratamientos\\\/\"]}]},{\"@type\":\"BreadcrumbList\",\"@id\":\"https:\\\/\\\/miarnau.cat\\\/ca\\\/tratamientos\\\/#breadcrumb\",\"itemListElement\":[{\"@type\":\"ListItem\",\"position\":1,\"name\":\"Portada\",\"item\":\"https:\\\/\\\/miarnau.cat\\\/ca\\\/\"},{\"@type\":\"ListItem\",\"position\":2,\"name\":\"Tractaments\"}]},{\"@type\":\"WebSite\",\"@id\":\"https:\\\/\\\/miarnau.cat\\\/ca\\\/#website\",\"url\":\"https:\\\/\\\/miarnau.cat\\\/ca\\\/\",\"name\":\"Miarnau Agritecno\",\"description\":\"Todo para agricultores, almacenistas de cereal y exportadores de fruta.\",\"publisher\":{\"@id\":\"https:\\\/\\\/miarnau.cat\\\/ca\\\/#organization\"},\"potentialAction\":[{\"@type\":\"SearchAction\",\"target\":{\"@type\":\"EntryPoint\",\"urlTemplate\":\"https:\\\/\\\/miarnau.cat\\\/ca\\\/?s={search_term_string}\"},\"query-input\":{\"@type\":\"PropertyValueSpecification\",\"valueRequired\":true,\"valueName\":\"search_term_string\"}}],\"inLanguage\":\"ca\"},{\"@type\":\"Organization\",\"@id\":\"https:\\\/\\\/miarnau.cat\\\/ca\\\/#organization\",\"name\":\"MIARNAU AGRITECNO\",\"url\":\"https:\\\/\\\/miarnau.cat\\\/ca\\\/\",\"logo\":{\"@type\":\"ImageObject\",\"inLanguage\":\"ca\",\"@id\":\"https:\\\/\\\/miarnau.cat\\\/ca\\\/#\\\/schema\\\/logo\\\/image\\\/\",\"url\":\"https:\\\/\\\/miarnau.cat\\\/web\\\/wp-content\\\/uploads\\\/2021\\\/07\\\/cropped-icono0-miarnau-1.png\",\"contentUrl\":\"https:\\\/\\\/miarnau.cat\\\/web\\\/wp-content\\\/uploads\\\/2021\\\/07\\\/cropped-icono0-miarnau-1.png\",\"width\":512,\"height\":512,\"caption\":\"MIARNAU AGRITECNO\"},\"image\":{\"@id\":\"https:\\\/\\\/miarnau.cat\\\/ca\\\/#\\\/schema\\\/logo\\\/image\\\/\"}}]}<\/script>\n<!-- \/ Yoast SEO plugin. -->","yoast_head_json":{"title":"Tractaments - Miarnau Agritecno","robots":{"index":"index","follow":"follow","max-snippet":"max-snippet:-1","max-image-preview":"max-image-preview:large","max-video-preview":"max-video-preview:-1"},"canonical":"https:\/\/miarnau.cat\/ca\/tratamientos\/","og_locale":"ca_ES","og_type":"article","og_title":"Tractaments - Miarnau Agritecno","og_description":"TRACTAMENTS PER A PRODUCTES EMMAGATZEMATS:Cereals, Fruits secs, etc Normes i recomanacions per a un emmagatzematge correctePel que fa a l\u2019habitacle Neteja del magatzem i voltants. Revisi\u00f3 d\u2019accessos i conduccions d\u2019aigua. Impermeabilitzaci\u00f3 de zones humides al terra i parets.Pel que fa al producte a emmagatzemar Humitat correcta (11-13 %). Producte net. Integritat f\u00edsica del gra de [&hellip;]","og_url":"https:\/\/miarnau.cat\/ca\/tratamientos\/","og_site_name":"Miarnau Agritecno","article_modified_time":"2021-07-19T10:26:06+00:00","twitter_card":"summary_large_image","twitter_misc":{"Temps estimat de lectura":"6 minuts"},"schema":{"@context":"https:\/\/schema.org","@graph":[{"@type":"WebPage","@id":"https:\/\/miarnau.cat\/ca\/tratamientos\/","url":"https:\/\/miarnau.cat\/ca\/tratamientos\/","name":"Tractaments - Miarnau Agritecno","isPartOf":{"@id":"https:\/\/miarnau.cat\/ca\/#website"},"datePublished":"2021-03-22T07:52:27+00:00","dateModified":"2021-07-19T10:26:06+00:00","breadcrumb":{"@id":"https:\/\/miarnau.cat\/ca\/tratamientos\/#breadcrumb"},"inLanguage":"ca","potentialAction":[{"@type":"ReadAction","target":["https:\/\/miarnau.cat\/ca\/tratamientos\/"]}]},{"@type":"BreadcrumbList","@id":"https:\/\/miarnau.cat\/ca\/tratamientos\/#breadcrumb","itemListElement":[{"@type":"ListItem","position":1,"name":"Portada","item":"https:\/\/miarnau.cat\/ca\/"},{"@type":"ListItem","position":2,"name":"Tractaments"}]},{"@type":"WebSite","@id":"https:\/\/miarnau.cat\/ca\/#website","url":"https:\/\/miarnau.cat\/ca\/","name":"Miarnau Agritecno","description":"Todo para agricultores, almacenistas de cereal y exportadores de fruta.","publisher":{"@id":"https:\/\/miarnau.cat\/ca\/#organization"},"potentialAction":[{"@type":"SearchAction","target":{"@type":"EntryPoint","urlTemplate":"https:\/\/miarnau.cat\/ca\/?s={search_term_string}"},"query-input":{"@type":"PropertyValueSpecification","valueRequired":true,"valueName":"search_term_string"}}],"inLanguage":"ca"},{"@type":"Organization","@id":"https:\/\/miarnau.cat\/ca\/#organization","name":"MIARNAU AGRITECNO","url":"https:\/\/miarnau.cat\/ca\/","logo":{"@type":"ImageObject","inLanguage":"ca","@id":"https:\/\/miarnau.cat\/ca\/#\/schema\/logo\/image\/","url":"https:\/\/miarnau.cat\/web\/wp-content\/uploads\/2021\/07\/cropped-icono0-miarnau-1.png","contentUrl":"https:\/\/miarnau.cat\/web\/wp-content\/uploads\/2021\/07\/cropped-icono0-miarnau-1.png","width":512,"height":512,"caption":"MIARNAU AGRITECNO"},"image":{"@id":"https:\/\/miarnau.cat\/ca\/#\/schema\/logo\/image\/"}}]}},"publishpress_future_action":{"enabled":false,"date":"2026-04-30 13:03:57","action":"change-status","newStatus":"draft","terms":[],"taxonomy":"translation_priority","extraData":[]},"publishpress_future_workflow_manual_trigger":{"enabledWorkflows":[]},"_links":{"self":[{"href":"https:\/\/miarnau.cat\/ca\/wp-json\/wp\/v2\/pages\/703","targetHints":{"allow":["GET"]}}],"collection":[{"href":"https:\/\/miarnau.cat\/ca\/wp-json\/wp\/v2\/pages"}],"about":[{"href":"https:\/\/miarnau.cat\/ca\/wp-json\/wp\/v2\/types\/page"}],"author":[{"embeddable":true,"href":"https:\/\/miarnau.cat\/ca\/wp-json\/wp\/v2\/users\/1"}],"replies":[{"embeddable":true,"href":"https:\/\/miarnau.cat\/ca\/wp-json\/wp\/v2\/comments?post=703"}],"version-history":[{"count":4,"href":"https:\/\/miarnau.cat\/ca\/wp-json\/wp\/v2\/pages\/703\/revisions"}],"predecessor-version":[{"id":716,"href":"https:\/\/miarnau.cat\/ca\/wp-json\/wp\/v2\/pages\/703\/revisions\/716"}],"wp:attachment":[{"href":"https:\/\/miarnau.cat\/ca\/wp-json\/wp\/v2\/media?parent=703"}],"curies":[{"name":"wp","href":"https:\/\/api.w.org\/{rel}","templated":true}]}}