{"id":683,"date":"2021-03-18T12:23:01","date_gmt":"2021-03-18T12:23:01","guid":{"rendered":"https:\/\/miarnau.cat\/servicios\/"},"modified":"2021-11-15T16:00:13","modified_gmt":"2021-11-15T16:00:13","slug":"servicios","status":"publish","type":"page","link":"https:\/\/miarnau.cat\/ca\/servicios\/","title":{"rendered":"Serveis"},"content":{"rendered":"<p>[et_pb_section fb_built=&#8221;1&#8243; fullwidth=&#8221;on&#8221; _builder_version=&#8221;4.9.2&#8243; _module_preset=&#8221;default&#8221; global_colors_info=&#8221;{}&#8221;][et_pb_fullwidth_header title=&#8221;Serveis&#8221; _builder_version=&#8221;4.9.2&#8243; _module_preset=&#8221;default&#8221; global_colors_info=&#8221;{}&#8221;][\/et_pb_fullwidth_header][\/et_pb_section][et_pb_section fb_built=&#8221;1&#8243; _builder_version=&#8221;4.9.4&#8243; _module_preset=&#8221;default&#8221; background_color=&#8221;#c0d893&#8243; global_colors_info=&#8221;{}&#8221;][et_pb_row _builder_version=&#8221;4.9.2&#8243; _module_preset=&#8221;default&#8221; global_colors_info=&#8221;{}&#8221;][et_pb_column type=&#8221;4_4&#8243; _builder_version=&#8221;4.9.2&#8243; _module_preset=&#8221;default&#8221; global_colors_info=&#8221;{}&#8221;][et_pb_text _builder_version=&#8221;4.13.1&#8243; _module_preset=&#8221;default&#8221; hover_enabled=&#8221;0&#8243; global_colors_info=&#8221;{}&#8221; sticky_enabled=&#8221;0&#8243;]<\/p>\n<h2>Distribuci\u00f3 de productes fitosanitaris i fertilitzants<\/h2>\n<p>Des de 1967, el desenvolupament i promoci\u00f3 de nombroses especialitats fitosanit\u00e0ries (fungicides, insecticides, herbicides, reguladors de creixement i correctors) fa que el 1989 l\u2019empresa MIARNAU AGRITECNO, distribu\u00efdora i promotora de productes d&#8217;empreses subministradores de productes per a l\u2019agricultura. <a href=\"https:\/\/miarnau.cat\/ca\/productos-2\/\">Vegeu les nostres distribuicions.<\/a><\/p>\n<p>[\/et_pb_text][\/et_pb_column][\/et_pb_row][\/et_pb_section][et_pb_section fb_built=&#8221;1&#8243; _builder_version=&#8221;4.9.4&#8243; _module_preset=&#8221;default&#8221; background_color=&#8221;#FFFFFF&#8221; global_colors_info=&#8221;{}&#8221;][et_pb_row _builder_version=&#8221;4.9.4&#8243; _module_preset=&#8221;default&#8221; global_colors_info=&#8221;{}&#8221;][et_pb_column type=&#8221;4_4&#8243; _builder_version=&#8221;4.9.4&#8243; _module_preset=&#8221;default&#8221; global_colors_info=&#8221;{}&#8221;][et_pb_text _builder_version=&#8221;4.9.4&#8243; _module_preset=&#8221;default&#8221; text_font_size=&#8221;15px&#8221; custom_padding=&#8221;0px|||||&#8221; global_colors_info=&#8221;{}&#8221;]<\/p>\n<h2>Tractaments post collita<\/h2>\n<p>&nbsp;<\/p>\n<p>Oferim solucions per a problemes de conservaci\u00f3 de la fruita en cambres frigor\u00edfiques. Des de fungicides fins a segrestadors d\u2019etil\u00e8 que rebaixen la velocitat de maduraci\u00f3 tot complint les normatives de producci\u00f3 ecol\u00f2gica tant a  l\u2019emmagatzematge com al transport.<\/p>\n<p>Podem monitoritzar les condicions de conservaci\u00f3 durant el transport de la mercaderia: temperatura, humitat, cops, obertura de portes&#8230; i enviar les dades en l\u00ednia.<\/p>\n<p>Disposem d&#8217;equips de nebulitzaci\u00f3 i una gran gamma de productes per a la desinfecci\u00f3 de c\u00e0meres, obradors i espais d&#8217;ind\u00fastria aliment\u00e0ria. Volem ajudar les empreses a garantir un control total de plagues, fongs i bacteris.<\/p>\n<p>&nbsp;<\/p>\n<p>&nbsp;<\/p>\n<p>[\/et_pb_text][\/et_pb_column][\/et_pb_row][\/et_pb_section][et_pb_section fb_built=&#8221;1&#8243; _builder_version=&#8221;4.9.4&#8243; _module_preset=&#8221;default&#8221; background_color=&#8221;#cfef9e&#8221; global_colors_info=&#8221;{}&#8221;][et_pb_row _builder_version=&#8221;4.9.2&#8243; _module_preset=&#8221;default&#8221; custom_padding=&#8221;||51px|||&#8221; hover_enabled=&#8221;0&#8243; global_colors_info=&#8221;{}&#8221; sticky_enabled=&#8221;0&#8243;][et_pb_column type=&#8221;4_4&#8243; _builder_version=&#8221;4.9.2&#8243; _module_preset=&#8221;default&#8221; global_colors_info=&#8221;{}&#8221;][et_pb_text _builder_version=&#8221;4.13.1&#8243; _module_preset=&#8221;default&#8221; hover_enabled=&#8221;0&#8243; global_colors_info=&#8221;{}&#8221; sticky_enabled=&#8221;0&#8243;]<\/p>\n<h2>Assessorament t\u00e8cnic-comercial.<\/h2>\n<p><strong>Assessorament t\u00e8cnic en protecci\u00f3 de cultius i control de plagues.<\/strong><br \/>L\u2019experi\u00e8ncia adquirida durant m\u00e9s de 40 anys i viscuda a la nostra explotaci\u00f3 agr\u00edcola es tramet a tot el nostre equip t\u00e8cnic comercial que garanteix un diagn\u00f2stic encertat de cada problema i ofereix la soluci\u00f3 m\u00e9s efica\u00e7. El nostre assessorament engloba fertilitzaci\u00f3, reg, noves plantacions, gesti\u00f3 agron\u00f2mica i comercialitzaci\u00f3.<\/p>\n<p>Som especialistes en <strong>producci\u00f3 ecol\u00f2gica<\/strong> de fruiters d&#8217;os i pepita, oliveres, ametllers i cereals, des de fa m\u00e9s de 15 anys els nostres clients confien en el nostre assessorament.<\/p>\n<p><strong><\/strong><\/p>\n<p><strong>Assessorament t\u00e8cnic en post collita per a centrals hortofruct\u00edcoles.<\/strong><\/p>\n<p>Disposem de coneixements i productes per a l\u00ednies de neteja, confecci\u00f3 i envasat de fruita. Recolzat per empreses de pes internacional a l\u2019\u00e0mbit de centrals, productes Dencher i processos de post collita com Citrosol i GreenKeeper.<\/p>\n<p>[\/et_pb_text][\/et_pb_column][\/et_pb_row][\/et_pb_section][et_pb_section fb_built=&#8221;1&#8243; _builder_version=&#8221;4.9.4&#8243; _module_preset=&#8221;default&#8221; background_enable_color=&#8221;off&#8221; global_colors_info=&#8221;{}&#8221;][et_pb_row _builder_version=&#8221;4.9.2&#8243; _module_preset=&#8221;default&#8221; global_colors_info=&#8221;{}&#8221;][et_pb_column type=&#8221;4_4&#8243; _builder_version=&#8221;4.9.2&#8243; _module_preset=&#8221;default&#8221; global_colors_info=&#8221;{}&#8221;][et_pb_text _builder_version=&#8221;4.9.2&#8243; _module_preset=&#8221;default&#8221; global_colors_info=&#8221;{}&#8221;]<\/p>\n<h2>Desinsectaci\u00f3 de cereal i productes emmagatzemats<\/h2>\n<p>A partir de la collita al camp de cereals, lleguminoses etc, poden ser consumits, transformats o emmagatzemats i contaminar-se i alterar-se per insectes, rosegadors, aus i fongs. La nostra empresa autoritzada per a aplicar fumigants (agricultura) i gasos o productes que generen gasos (biocides), \u00e9s altament experimentada en desinsectar i desratitzar magatzem, sitges, f\u00e0briques de pinso, farineres i ind\u00fastria aliment\u00e0ria com a empresa autoritzada per a  tractaments fitosanitaris i tamb\u00e9 biocides, antiga DDD: desinsectaci\u00f3, desratitzaci\u00f3 i desinfecci\u00f3. Des de 1988, l\u2019empresa MIARNAU AGRITECNO est\u00e0 autoritzada per a aplicar fumigants (abans classificats com a productes molt t\u00f2xics) per a la desinsectaci\u00f3 de gra emmagatzemat i ind\u00fastria de transformaci\u00f3, sumant l\u2019experi\u00e8ncia adquirida des de 1968 a la gesti\u00f3 i aplicaci\u00f3 de bromur de metil, fosfur d\u2019alumini i magnesi.<\/p>\n<p>Les aplicacions s\u00f3n dirigides per personal amb carnet d\u2019aplicador de fumigants. El personal auxiliar d\u2019\u00e0mplia experi\u00e8ncia est\u00e0 al dia de les obligacions administratives i laborals, amb els cursos de riscs laborals i pertinents controls sanitaris.<\/p>\n<p>Aix\u00ed mateix disposem d\u2019assegurances d\u2019accident i responsabilitat civil.<\/p>\n<p>[\/et_pb_text][\/et_pb_column][\/et_pb_row][\/et_pb_section]<\/p>\n","protected":false},"excerpt":{"rendered":"<p>Distribuci\u00f3 de productes fitosanitaris i fertilitzants Des de 1967, el desenvolupament i promoci\u00f3 de nombroses especialitats fitosanit\u00e0ries (fungicides, insecticides, herbicides, reguladors de creixement i correctors) fa que el 1989 l\u2019empresa MIARNAU AGRITECNO, distribu\u00efdora i promotora de productes d&#8217;empreses subministradores de productes per a l\u2019agricultura. Vegeu les nostres distribuicions.Tractaments post collita &nbsp; Oferim solucions per a [&hellip;]<\/p>\n","protected":false},"author":1,"featured_media":0,"parent":0,"menu_order":0,"comment_status":"closed","ping_status":"closed","template":"","meta":{"_et_pb_use_builder":"on","_et_pb_old_content":"","_et_gb_content_width":"","footnotes":""},"class_list":["post-683","page","type-page","status-publish","hentry"],"yoast_head":"<!-- This site is optimized with the Yoast SEO plugin v27.4 - https:\/\/yoast.com\/product\/yoast-seo-wordpress\/ -->\n<title>Serveis - Miarnau Agritecno<\/title>\n<meta name=\"robots\" content=\"index, follow, max-snippet:-1, max-image-preview:large, max-video-preview:-1\" \/>\n<link rel=\"canonical\" href=\"https:\/\/miarnau.cat\/ca\/servicios\/\" \/>\n<meta property=\"og:locale\" content=\"ca_ES\" \/>\n<meta property=\"og:type\" content=\"article\" \/>\n<meta property=\"og:title\" content=\"Serveis - Miarnau Agritecno\" \/>\n<meta property=\"og:description\" content=\"Distribuci\u00f3 de productes fitosanitaris i fertilitzants Des de 1967, el desenvolupament i promoci\u00f3 de nombroses especialitats fitosanit\u00e0ries (fungicides, insecticides, herbicides, reguladors de creixement i correctors) fa que el 1989 l\u2019empresa MIARNAU AGRITECNO, distribu\u00efdora i promotora de productes d&#039;empreses subministradores de productes per a l\u2019agricultura. Vegeu les nostres distribuicions.Tractaments post collita &nbsp; Oferim solucions per a [&hellip;]\" \/>\n<meta property=\"og:url\" content=\"https:\/\/miarnau.cat\/ca\/servicios\/\" \/>\n<meta property=\"og:site_name\" content=\"Miarnau Agritecno\" \/>\n<meta property=\"article:modified_time\" content=\"2021-11-15T16:00:13+00:00\" \/>\n<meta name=\"twitter:card\" content=\"summary_large_image\" \/>\n<meta name=\"twitter:label1\" content=\"Temps estimat de lectura\" \/>\n\t<meta name=\"twitter:data1\" content=\"4 minuts\" \/>\n<script type=\"application\/ld+json\" class=\"yoast-schema-graph\">{\"@context\":\"https:\\\/\\\/schema.org\",\"@graph\":[{\"@type\":\"WebPage\",\"@id\":\"https:\\\/\\\/miarnau.cat\\\/ca\\\/servicios\\\/\",\"url\":\"https:\\\/\\\/miarnau.cat\\\/ca\\\/servicios\\\/\",\"name\":\"Serveis - Miarnau Agritecno\",\"isPartOf\":{\"@id\":\"https:\\\/\\\/miarnau.cat\\\/ca\\\/#website\"},\"datePublished\":\"2021-03-18T12:23:01+00:00\",\"dateModified\":\"2021-11-15T16:00:13+00:00\",\"breadcrumb\":{\"@id\":\"https:\\\/\\\/miarnau.cat\\\/ca\\\/servicios\\\/#breadcrumb\"},\"inLanguage\":\"ca\",\"potentialAction\":[{\"@type\":\"ReadAction\",\"target\":[\"https:\\\/\\\/miarnau.cat\\\/ca\\\/servicios\\\/\"]}]},{\"@type\":\"BreadcrumbList\",\"@id\":\"https:\\\/\\\/miarnau.cat\\\/ca\\\/servicios\\\/#breadcrumb\",\"itemListElement\":[{\"@type\":\"ListItem\",\"position\":1,\"name\":\"Portada\",\"item\":\"https:\\\/\\\/miarnau.cat\\\/ca\\\/\"},{\"@type\":\"ListItem\",\"position\":2,\"name\":\"Serveis\"}]},{\"@type\":\"WebSite\",\"@id\":\"https:\\\/\\\/miarnau.cat\\\/ca\\\/#website\",\"url\":\"https:\\\/\\\/miarnau.cat\\\/ca\\\/\",\"name\":\"Miarnau Agritecno\",\"description\":\"Todo para agricultores, almacenistas de cereal y exportadores de fruta.\",\"publisher\":{\"@id\":\"https:\\\/\\\/miarnau.cat\\\/ca\\\/#organization\"},\"potentialAction\":[{\"@type\":\"SearchAction\",\"target\":{\"@type\":\"EntryPoint\",\"urlTemplate\":\"https:\\\/\\\/miarnau.cat\\\/ca\\\/?s={search_term_string}\"},\"query-input\":{\"@type\":\"PropertyValueSpecification\",\"valueRequired\":true,\"valueName\":\"search_term_string\"}}],\"inLanguage\":\"ca\"},{\"@type\":\"Organization\",\"@id\":\"https:\\\/\\\/miarnau.cat\\\/ca\\\/#organization\",\"name\":\"MIARNAU AGRITECNO\",\"url\":\"https:\\\/\\\/miarnau.cat\\\/ca\\\/\",\"logo\":{\"@type\":\"ImageObject\",\"inLanguage\":\"ca\",\"@id\":\"https:\\\/\\\/miarnau.cat\\\/ca\\\/#\\\/schema\\\/logo\\\/image\\\/\",\"url\":\"https:\\\/\\\/miarnau.cat\\\/web\\\/wp-content\\\/uploads\\\/2021\\\/07\\\/cropped-icono0-miarnau-1.png\",\"contentUrl\":\"https:\\\/\\\/miarnau.cat\\\/web\\\/wp-content\\\/uploads\\\/2021\\\/07\\\/cropped-icono0-miarnau-1.png\",\"width\":512,\"height\":512,\"caption\":\"MIARNAU AGRITECNO\"},\"image\":{\"@id\":\"https:\\\/\\\/miarnau.cat\\\/ca\\\/#\\\/schema\\\/logo\\\/image\\\/\"}}]}<\/script>\n<!-- \/ Yoast SEO plugin. -->","yoast_head_json":{"title":"Serveis - Miarnau Agritecno","robots":{"index":"index","follow":"follow","max-snippet":"max-snippet:-1","max-image-preview":"max-image-preview:large","max-video-preview":"max-video-preview:-1"},"canonical":"https:\/\/miarnau.cat\/ca\/servicios\/","og_locale":"ca_ES","og_type":"article","og_title":"Serveis - Miarnau Agritecno","og_description":"Distribuci\u00f3 de productes fitosanitaris i fertilitzants Des de 1967, el desenvolupament i promoci\u00f3 de nombroses especialitats fitosanit\u00e0ries (fungicides, insecticides, herbicides, reguladors de creixement i correctors) fa que el 1989 l\u2019empresa MIARNAU AGRITECNO, distribu\u00efdora i promotora de productes d'empreses subministradores de productes per a l\u2019agricultura. Vegeu les nostres distribuicions.Tractaments post collita &nbsp; Oferim solucions per a [&hellip;]","og_url":"https:\/\/miarnau.cat\/ca\/servicios\/","og_site_name":"Miarnau Agritecno","article_modified_time":"2021-11-15T16:00:13+00:00","twitter_card":"summary_large_image","twitter_misc":{"Temps estimat de lectura":"4 minuts"},"schema":{"@context":"https:\/\/schema.org","@graph":[{"@type":"WebPage","@id":"https:\/\/miarnau.cat\/ca\/servicios\/","url":"https:\/\/miarnau.cat\/ca\/servicios\/","name":"Serveis - Miarnau Agritecno","isPartOf":{"@id":"https:\/\/miarnau.cat\/ca\/#website"},"datePublished":"2021-03-18T12:23:01+00:00","dateModified":"2021-11-15T16:00:13+00:00","breadcrumb":{"@id":"https:\/\/miarnau.cat\/ca\/servicios\/#breadcrumb"},"inLanguage":"ca","potentialAction":[{"@type":"ReadAction","target":["https:\/\/miarnau.cat\/ca\/servicios\/"]}]},{"@type":"BreadcrumbList","@id":"https:\/\/miarnau.cat\/ca\/servicios\/#breadcrumb","itemListElement":[{"@type":"ListItem","position":1,"name":"Portada","item":"https:\/\/miarnau.cat\/ca\/"},{"@type":"ListItem","position":2,"name":"Serveis"}]},{"@type":"WebSite","@id":"https:\/\/miarnau.cat\/ca\/#website","url":"https:\/\/miarnau.cat\/ca\/","name":"Miarnau Agritecno","description":"Todo para agricultores, almacenistas de cereal y exportadores de fruta.","publisher":{"@id":"https:\/\/miarnau.cat\/ca\/#organization"},"potentialAction":[{"@type":"SearchAction","target":{"@type":"EntryPoint","urlTemplate":"https:\/\/miarnau.cat\/ca\/?s={search_term_string}"},"query-input":{"@type":"PropertyValueSpecification","valueRequired":true,"valueName":"search_term_string"}}],"inLanguage":"ca"},{"@type":"Organization","@id":"https:\/\/miarnau.cat\/ca\/#organization","name":"MIARNAU AGRITECNO","url":"https:\/\/miarnau.cat\/ca\/","logo":{"@type":"ImageObject","inLanguage":"ca","@id":"https:\/\/miarnau.cat\/ca\/#\/schema\/logo\/image\/","url":"https:\/\/miarnau.cat\/web\/wp-content\/uploads\/2021\/07\/cropped-icono0-miarnau-1.png","contentUrl":"https:\/\/miarnau.cat\/web\/wp-content\/uploads\/2021\/07\/cropped-icono0-miarnau-1.png","width":512,"height":512,"caption":"MIARNAU AGRITECNO"},"image":{"@id":"https:\/\/miarnau.cat\/ca\/#\/schema\/logo\/image\/"}}]}},"publishpress_future_action":{"enabled":false,"date":"2026-04-30 10:34:47","action":"change-status","newStatus":"draft","terms":[],"taxonomy":"translation_priority","extraData":[]},"publishpress_future_workflow_manual_trigger":{"enabledWorkflows":[]},"_links":{"self":[{"href":"https:\/\/miarnau.cat\/ca\/wp-json\/wp\/v2\/pages\/683","targetHints":{"allow":["GET"]}}],"collection":[{"href":"https:\/\/miarnau.cat\/ca\/wp-json\/wp\/v2\/pages"}],"about":[{"href":"https:\/\/miarnau.cat\/ca\/wp-json\/wp\/v2\/types\/page"}],"author":[{"embeddable":true,"href":"https:\/\/miarnau.cat\/ca\/wp-json\/wp\/v2\/users\/1"}],"replies":[{"embeddable":true,"href":"https:\/\/miarnau.cat\/ca\/wp-json\/wp\/v2\/comments?post=683"}],"version-history":[{"count":10,"href":"https:\/\/miarnau.cat\/ca\/wp-json\/wp\/v2\/pages\/683\/revisions"}],"predecessor-version":[{"id":1126,"href":"https:\/\/miarnau.cat\/ca\/wp-json\/wp\/v2\/pages\/683\/revisions\/1126"}],"wp:attachment":[{"href":"https:\/\/miarnau.cat\/ca\/wp-json\/wp\/v2\/media?parent=683"}],"curies":[{"name":"wp","href":"https:\/\/api.w.org\/{rel}","templated":true}]}}