{"id":678,"date":"2021-03-18T08:24:13","date_gmt":"2021-03-18T08:24:13","guid":{"rendered":"https:\/\/miarnau.cat\/empresa\/"},"modified":"2021-10-29T10:18:42","modified_gmt":"2021-10-29T10:18:42","slug":"empresa","status":"publish","type":"page","link":"https:\/\/miarnau.cat\/ca\/empresa\/","title":{"rendered":"Empresa"},"content":{"rendered":"<p>[et_pb_section fb_built=&#8221;1&#8243; fullwidth=&#8221;on&#8221; _builder_version=&#8221;4.9.2&#8243; _module_preset=&#8221;default&#8221; global_colors_info=&#8221;{}&#8221;][et_pb_fullwidth_header title=&#8221;Empresa&#8221; admin_label=&#8221;Fullwidth Header&#8221; _builder_version=&#8221;4.9.2&#8243; _module_preset=&#8221;default&#8221; global_colors_info=&#8221;{}&#8221;][\/et_pb_fullwidth_header][\/et_pb_section][et_pb_section fb_built=&#8221;1&#8243; _builder_version=&#8221;4.9.2&#8243; _module_preset=&#8221;default&#8221; global_colors_info=&#8221;{}&#8221;][et_pb_row _builder_version=&#8221;4.9.2&#8243; _module_preset=&#8221;default&#8221; global_colors_info=&#8221;{}&#8221;][et_pb_column type=&#8221;4_4&#8243; _builder_version=&#8221;4.9.2&#8243; _module_preset=&#8221;default&#8221; global_colors_info=&#8221;{}&#8221;][et_pb_text admin_label=&#8221;Text&#8221; _builder_version=&#8221;4.9.2&#8243; _module_preset=&#8221;default&#8221; global_colors_info=&#8221;{}&#8221;]<\/p>\n<p>Miarnau Agritecno, S.L. va ser fundada per en Francesc Xavier Miarnau i Dom\u00e8nech, Enginyer T\u00e8cnic Agr\u00edcola i agricultor.<\/p>\n<p>Des de 1964 va desenvolupar i promoure productes clau en fructicultura i cultius extensius com a t\u00e8cnic comercial de Zeltia Agraria, a les zones de Lleida i el Baix Cinca.<\/p>\n<p>[\/et_pb_text][\/et_pb_column][\/et_pb_row][et_pb_row column_structure=&#8221;1_2,1_2&#8243; _builder_version=&#8221;4.9.2&#8243; _module_preset=&#8221;default&#8221; global_colors_info=&#8221;{}&#8221;][et_pb_column type=&#8221;1_2&#8243; _builder_version=&#8221;4.9.2&#8243; _module_preset=&#8221;default&#8221; global_colors_info=&#8221;{}&#8221;][et_pb_image src=&#8221;https:\/\/miarnau.cat\/web\/wp-content\/uploads\/2021\/03\/miarnau.jpeg&#8221; title_text=&#8221;miarnau&#8221; _builder_version=&#8221;4.11.1&#8243; _module_preset=&#8221;default&#8221; box_shadow_style=&#8221;preset2&#8243; global_colors_info=&#8221;{}&#8221;][\/et_pb_image][\/et_pb_column][et_pb_column type=&#8221;1_2&#8243; _builder_version=&#8221;4.9.2&#8243; _module_preset=&#8221;default&#8221; global_colors_info=&#8221;{}&#8221;][et_pb_text _builder_version=&#8221;4.9.2&#8243; _module_preset=&#8221;default&#8221; global_colors_info=&#8221;{}&#8221;]<\/p>\n<p>Actualment l\u2019empresa est\u00e0 integrada per en F.X. Miarnau Dom\u00e8nech, Jordi Miarnau i Teresa Miarnau amb el personal t\u00e8cnic, comercial i administratiu.\u00a0 \u00c9s una empresa de tractaments, serveis i comercialitzaci\u00f3 de productes per l\u2019agricultura, experimentada en sanitat vegetal, control de plagues, direcci\u00f3 i assessorament.<\/p>\n<p><strong>Altres activitats del grup:<\/strong> F.X. Miarnau Conejos dirigeix l\u2019empresa Produccions Agr\u00edcoles Segre, S.L. dedicada al conreu de fruiters (presseguer, nectarina, perera i pomera), cereal i olivera a la comarca del Segri\u00e0 (Lleida) amb m\u00e9s de 100 Ha de cultius propis.<\/p>\n<p>[\/et_pb_text][\/et_pb_column][\/et_pb_row][et_pb_row _builder_version=&#8221;4.9.2&#8243; _module_preset=&#8221;default&#8221; custom_padding=&#8221;||44px|||&#8221; global_colors_info=&#8221;{}&#8221;][et_pb_column type=&#8221;4_4&#8243; _builder_version=&#8221;4.9.2&#8243; _module_preset=&#8221;default&#8221; global_colors_info=&#8221;{}&#8221;][et_pb_text _builder_version=&#8221;4.9.2&#8243; _module_preset=&#8221;default&#8221; global_colors_info=&#8221;{}&#8221;]<\/p>\n<p><strong>Productes desenvolupats:<\/strong><\/p>\n<p>Reguladors: Berelex, Regulex, Promal\u00edn<br \/>Herbicides: Gramoxone, Fusilade, Splendor, Touchdown<br \/>Fungicides: Sembral ML, Flutriazol, Carboxina<br \/>Fumigants: Fosfur d\u2019alumini y de magnesi<br \/>Raticides: Ratack, Kler<\/p>\n<p>[\/et_pb_text][\/et_pb_column][\/et_pb_row][et_pb_row column_structure=&#8221;1_2,1_2&#8243; _builder_version=&#8221;4.9.2&#8243; _module_preset=&#8221;default&#8221; global_colors_info=&#8221;{}&#8221;][et_pb_column type=&#8221;1_2&#8243; _builder_version=&#8221;4.9.2&#8243; _module_preset=&#8221;default&#8221; global_colors_info=&#8221;{}&#8221;][et_pb_image src=&#8221;https:\/\/miarnau.cat\/web\/wp-content\/uploads\/2021\/08\/1629728261193_rec2-189&#215;300.jpg&#8221; title_text=&#8221;1629728261193_rec2&#8243; _builder_version=&#8221;4.11.1&#8243; _module_preset=&#8221;default&#8221; box_shadow_style=&#8221;preset2&#8243; global_colors_info=&#8221;{}&#8221;][\/et_pb_image][\/et_pb_column][et_pb_column type=&#8221;1_2&#8243; _builder_version=&#8221;4.9.2&#8243; _module_preset=&#8221;default&#8221; global_colors_info=&#8221;{}&#8221;][et_pb_text _builder_version=&#8221;4.9.2&#8243; _module_preset=&#8221;default&#8221; global_colors_info=&#8221;{}&#8221;]<\/p>\n<p><span>Agrobotiga inaugurada el 2020.<\/span><\/p>\n<p><span>Enmig la pand\u00e8mia, vam obrir la nostra agrobotiga amb venda f\u00edsica i per la web.<\/span><\/p>\n<p><span>Trobareu productes pel jard\u00ed i l\u2019hort com ara llavors, \u00a0planter, adobs, substrats, insecticides, fungicides, herbicides, eines i m\u00e9s.<\/span><\/p>\n<p><span>Podr\u00e0s tenir cura de la teva mascota amb antiparasitaris, pinsos i capricis per a gats, gossos i fures.<\/span><\/p>\n<p><span>Servim pellet per a calefacci\u00f3 industrial (granges, f\u00e0briques etc) i dom\u00e8stica.<\/span><\/p>\n<p>[\/et_pb_text][\/et_pb_column][\/et_pb_row][et_pb_row column_structure=&#8221;1_2,1_2&#8243; _builder_version=&#8221;4.11.1&#8243; _module_preset=&#8221;default&#8221; global_colors_info=&#8221;{}&#8221;][et_pb_column type=&#8221;1_2&#8243; _builder_version=&#8221;4.9.2&#8243; _module_preset=&#8221;default&#8221; global_colors_info=&#8221;{}&#8221;][et_pb_image src=&#8221;https:\/\/miarnau.cat\/web\/wp-content\/uploads\/2021\/08\/1629728261204_3rec-1024&#215;635.jpg&#8221; title_text=&#8221;1629728261204_3rec&#8221; _builder_version=&#8221;4.11.1&#8243; _module_preset=&#8221;default&#8221; box_shadow_style=&#8221;preset2&#8243; global_colors_info=&#8221;{}&#8221;][\/et_pb_image][\/et_pb_column][et_pb_column type=&#8221;1_2&#8243; _builder_version=&#8221;4.11.1&#8243; _module_preset=&#8221;default&#8221; global_colors_info=&#8221;{}&#8221;][et_pb_image src=&#8221;https:\/\/miarnau.cat\/web\/wp-content\/uploads\/2021\/10\/1629728261201_2rec2-e1633433119242.jpg&#8221; title_text=&#8221;1629728261201_2rec2&#8243; src_last_edited=&#8221;off|desktop&#8221; _builder_version=&#8221;4.11.1&#8243; _module_preset=&#8221;default&#8221; box_shadow_style=&#8221;preset2&#8243; global_colors_info=&#8221;{}&#8221; src__hover_enabled=&#8221;on|desktop&#8221; src__hover=&#8221;https:\/\/miarnau.cat\/web\/wp-content\/uploads\/2021\/10\/1629728261201_2rec2-e1633433119242.jpg&#8221;][\/et_pb_image][et_pb_text _builder_version=&#8221;4.9.2&#8243; _module_preset=&#8221;default&#8221; global_colors_info=&#8221;{}&#8221;][\/et_pb_text][\/et_pb_column][\/et_pb_row][\/et_pb_section]<\/p>\n","protected":false},"excerpt":{"rendered":"<p>Miarnau Agritecno, S.L. va ser fundada per en Francesc Xavier Miarnau i Dom\u00e8nech, Enginyer T\u00e8cnic Agr\u00edcola i agricultor. Des de 1964 va desenvolupar i promoure productes clau en fructicultura i cultius extensius com a t\u00e8cnic comercial de Zeltia Agraria, a les zones de Lleida i el Baix Cinca.Actualment l\u2019empresa est\u00e0 integrada per en F.X. Miarnau [&hellip;]<\/p>\n","protected":false},"author":1,"featured_media":0,"parent":0,"menu_order":0,"comment_status":"closed","ping_status":"closed","template":"","meta":{"_et_pb_use_builder":"on","_et_pb_old_content":"","_et_gb_content_width":"","footnotes":""},"class_list":["post-678","page","type-page","status-publish","hentry"],"yoast_head":"<!-- This site is optimized with the Yoast SEO plugin v27.4 - https:\/\/yoast.com\/product\/yoast-seo-wordpress\/ -->\n<title>Empresa - Miarnau Agritecno<\/title>\n<meta name=\"robots\" content=\"index, follow, max-snippet:-1, max-image-preview:large, max-video-preview:-1\" \/>\n<link rel=\"canonical\" href=\"https:\/\/miarnau.cat\/ca\/empresa\/\" \/>\n<meta property=\"og:locale\" content=\"ca_ES\" \/>\n<meta property=\"og:type\" content=\"article\" \/>\n<meta property=\"og:title\" content=\"Empresa - Miarnau Agritecno\" \/>\n<meta property=\"og:description\" content=\"Miarnau Agritecno, S.L. va ser fundada per en Francesc Xavier Miarnau i Dom\u00e8nech, Enginyer T\u00e8cnic Agr\u00edcola i agricultor. Des de 1964 va desenvolupar i promoure productes clau en fructicultura i cultius extensius com a t\u00e8cnic comercial de Zeltia Agraria, a les zones de Lleida i el Baix Cinca.Actualment l\u2019empresa est\u00e0 integrada per en F.X. Miarnau [&hellip;]\" \/>\n<meta property=\"og:url\" content=\"https:\/\/miarnau.cat\/ca\/empresa\/\" \/>\n<meta property=\"og:site_name\" content=\"Miarnau Agritecno\" \/>\n<meta property=\"article:modified_time\" content=\"2021-10-29T10:18:42+00:00\" \/>\n<meta name=\"twitter:card\" content=\"summary_large_image\" \/>\n<meta name=\"twitter:label1\" content=\"Temps estimat de lectura\" \/>\n\t<meta name=\"twitter:data1\" content=\"4 minuts\" \/>\n<script type=\"application\/ld+json\" class=\"yoast-schema-graph\">{\"@context\":\"https:\\\/\\\/schema.org\",\"@graph\":[{\"@type\":\"WebPage\",\"@id\":\"https:\\\/\\\/miarnau.cat\\\/ca\\\/empresa\\\/\",\"url\":\"https:\\\/\\\/miarnau.cat\\\/ca\\\/empresa\\\/\",\"name\":\"Empresa - Miarnau Agritecno\",\"isPartOf\":{\"@id\":\"https:\\\/\\\/miarnau.cat\\\/ca\\\/#website\"},\"datePublished\":\"2021-03-18T08:24:13+00:00\",\"dateModified\":\"2021-10-29T10:18:42+00:00\",\"breadcrumb\":{\"@id\":\"https:\\\/\\\/miarnau.cat\\\/ca\\\/empresa\\\/#breadcrumb\"},\"inLanguage\":\"ca\",\"potentialAction\":[{\"@type\":\"ReadAction\",\"target\":[\"https:\\\/\\\/miarnau.cat\\\/ca\\\/empresa\\\/\"]}]},{\"@type\":\"BreadcrumbList\",\"@id\":\"https:\\\/\\\/miarnau.cat\\\/ca\\\/empresa\\\/#breadcrumb\",\"itemListElement\":[{\"@type\":\"ListItem\",\"position\":1,\"name\":\"Portada\",\"item\":\"https:\\\/\\\/miarnau.cat\\\/ca\\\/\"},{\"@type\":\"ListItem\",\"position\":2,\"name\":\"Empresa\"}]},{\"@type\":\"WebSite\",\"@id\":\"https:\\\/\\\/miarnau.cat\\\/ca\\\/#website\",\"url\":\"https:\\\/\\\/miarnau.cat\\\/ca\\\/\",\"name\":\"Miarnau Agritecno\",\"description\":\"Todo para agricultores, almacenistas de cereal y exportadores de fruta.\",\"publisher\":{\"@id\":\"https:\\\/\\\/miarnau.cat\\\/ca\\\/#organization\"},\"potentialAction\":[{\"@type\":\"SearchAction\",\"target\":{\"@type\":\"EntryPoint\",\"urlTemplate\":\"https:\\\/\\\/miarnau.cat\\\/ca\\\/?s={search_term_string}\"},\"query-input\":{\"@type\":\"PropertyValueSpecification\",\"valueRequired\":true,\"valueName\":\"search_term_string\"}}],\"inLanguage\":\"ca\"},{\"@type\":\"Organization\",\"@id\":\"https:\\\/\\\/miarnau.cat\\\/ca\\\/#organization\",\"name\":\"MIARNAU AGRITECNO\",\"url\":\"https:\\\/\\\/miarnau.cat\\\/ca\\\/\",\"logo\":{\"@type\":\"ImageObject\",\"inLanguage\":\"ca\",\"@id\":\"https:\\\/\\\/miarnau.cat\\\/ca\\\/#\\\/schema\\\/logo\\\/image\\\/\",\"url\":\"https:\\\/\\\/miarnau.cat\\\/web\\\/wp-content\\\/uploads\\\/2021\\\/07\\\/cropped-icono0-miarnau-1.png\",\"contentUrl\":\"https:\\\/\\\/miarnau.cat\\\/web\\\/wp-content\\\/uploads\\\/2021\\\/07\\\/cropped-icono0-miarnau-1.png\",\"width\":512,\"height\":512,\"caption\":\"MIARNAU AGRITECNO\"},\"image\":{\"@id\":\"https:\\\/\\\/miarnau.cat\\\/ca\\\/#\\\/schema\\\/logo\\\/image\\\/\"}}]}<\/script>\n<!-- \/ Yoast SEO plugin. -->","yoast_head_json":{"title":"Empresa - Miarnau Agritecno","robots":{"index":"index","follow":"follow","max-snippet":"max-snippet:-1","max-image-preview":"max-image-preview:large","max-video-preview":"max-video-preview:-1"},"canonical":"https:\/\/miarnau.cat\/ca\/empresa\/","og_locale":"ca_ES","og_type":"article","og_title":"Empresa - Miarnau Agritecno","og_description":"Miarnau Agritecno, S.L. va ser fundada per en Francesc Xavier Miarnau i Dom\u00e8nech, Enginyer T\u00e8cnic Agr\u00edcola i agricultor. Des de 1964 va desenvolupar i promoure productes clau en fructicultura i cultius extensius com a t\u00e8cnic comercial de Zeltia Agraria, a les zones de Lleida i el Baix Cinca.Actualment l\u2019empresa est\u00e0 integrada per en F.X. Miarnau [&hellip;]","og_url":"https:\/\/miarnau.cat\/ca\/empresa\/","og_site_name":"Miarnau Agritecno","article_modified_time":"2021-10-29T10:18:42+00:00","twitter_card":"summary_large_image","twitter_misc":{"Temps estimat de lectura":"4 minuts"},"schema":{"@context":"https:\/\/schema.org","@graph":[{"@type":"WebPage","@id":"https:\/\/miarnau.cat\/ca\/empresa\/","url":"https:\/\/miarnau.cat\/ca\/empresa\/","name":"Empresa - Miarnau Agritecno","isPartOf":{"@id":"https:\/\/miarnau.cat\/ca\/#website"},"datePublished":"2021-03-18T08:24:13+00:00","dateModified":"2021-10-29T10:18:42+00:00","breadcrumb":{"@id":"https:\/\/miarnau.cat\/ca\/empresa\/#breadcrumb"},"inLanguage":"ca","potentialAction":[{"@type":"ReadAction","target":["https:\/\/miarnau.cat\/ca\/empresa\/"]}]},{"@type":"BreadcrumbList","@id":"https:\/\/miarnau.cat\/ca\/empresa\/#breadcrumb","itemListElement":[{"@type":"ListItem","position":1,"name":"Portada","item":"https:\/\/miarnau.cat\/ca\/"},{"@type":"ListItem","position":2,"name":"Empresa"}]},{"@type":"WebSite","@id":"https:\/\/miarnau.cat\/ca\/#website","url":"https:\/\/miarnau.cat\/ca\/","name":"Miarnau Agritecno","description":"Todo para agricultores, almacenistas de cereal y exportadores de fruta.","publisher":{"@id":"https:\/\/miarnau.cat\/ca\/#organization"},"potentialAction":[{"@type":"SearchAction","target":{"@type":"EntryPoint","urlTemplate":"https:\/\/miarnau.cat\/ca\/?s={search_term_string}"},"query-input":{"@type":"PropertyValueSpecification","valueRequired":true,"valueName":"search_term_string"}}],"inLanguage":"ca"},{"@type":"Organization","@id":"https:\/\/miarnau.cat\/ca\/#organization","name":"MIARNAU AGRITECNO","url":"https:\/\/miarnau.cat\/ca\/","logo":{"@type":"ImageObject","inLanguage":"ca","@id":"https:\/\/miarnau.cat\/ca\/#\/schema\/logo\/image\/","url":"https:\/\/miarnau.cat\/web\/wp-content\/uploads\/2021\/07\/cropped-icono0-miarnau-1.png","contentUrl":"https:\/\/miarnau.cat\/web\/wp-content\/uploads\/2021\/07\/cropped-icono0-miarnau-1.png","width":512,"height":512,"caption":"MIARNAU AGRITECNO"},"image":{"@id":"https:\/\/miarnau.cat\/ca\/#\/schema\/logo\/image\/"}}]}},"publishpress_future_action":{"enabled":false,"date":"2026-04-26 07:35:00","action":"change-status","newStatus":"draft","terms":[],"taxonomy":"translation_priority","extraData":[]},"publishpress_future_workflow_manual_trigger":{"enabledWorkflows":[]},"_links":{"self":[{"href":"https:\/\/miarnau.cat\/ca\/wp-json\/wp\/v2\/pages\/678","targetHints":{"allow":["GET"]}}],"collection":[{"href":"https:\/\/miarnau.cat\/ca\/wp-json\/wp\/v2\/pages"}],"about":[{"href":"https:\/\/miarnau.cat\/ca\/wp-json\/wp\/v2\/types\/page"}],"author":[{"embeddable":true,"href":"https:\/\/miarnau.cat\/ca\/wp-json\/wp\/v2\/users\/1"}],"replies":[{"embeddable":true,"href":"https:\/\/miarnau.cat\/ca\/wp-json\/wp\/v2\/comments?post=678"}],"version-history":[{"count":7,"href":"https:\/\/miarnau.cat\/ca\/wp-json\/wp\/v2\/pages\/678\/revisions"}],"predecessor-version":[{"id":1062,"href":"https:\/\/miarnau.cat\/ca\/wp-json\/wp\/v2\/pages\/678\/revisions\/1062"}],"wp:attachment":[{"href":"https:\/\/miarnau.cat\/ca\/wp-json\/wp\/v2\/media?parent=678"}],"curies":[{"name":"wp","href":"https:\/\/api.w.org\/{rel}","templated":true}]}}