{"id":660,"date":"2021-03-03T10:03:30","date_gmt":"2021-03-03T09:03:30","guid":{"rendered":"https:\/\/miarnau.cat\/inicio\/"},"modified":"2023-02-27T17:03:39","modified_gmt":"2023-02-27T17:03:39","slug":"inicio","status":"publish","type":"page","link":"https:\/\/miarnau.cat\/ca\/","title":{"rendered":"Inici"},"content":{"rendered":"<p>[et_pb_section fb_built=&#8221;1&#8243; custom_padding_last_edited=&#8221;off|desktop&#8221; admin_label=&#8221;Hero&#8221; _builder_version=&#8221;4.16&#8243; background_color_gradient_direction=&#8221;90deg&#8221; background_image=&#8221;https:\/\/miarnau.cat\/web\/wp-content\/uploads\/2021\/03\/home.jpg&#8221; custom_padding=&#8221;10%||10%|&#8221; global_colors_info=&#8221;{}&#8221;][et_pb_row _builder_version=&#8221;4.16&#8243; background_size=&#8221;initial&#8221; background_position=&#8221;top_left&#8221; background_repeat=&#8221;repeat&#8221; custom_margin=&#8221;|||&#8221; animation_style=&#8221;zoom&#8221; animation_intensity_zoom=&#8221;4%&#8221; global_colors_info=&#8221;{}&#8221;][et_pb_column type=&#8221;4_4&#8243; _builder_version=&#8221;4.16&#8243; custom_padding=&#8221;|||&#8221; global_colors_info=&#8221;{}&#8221; custom_padding__hover=&#8221;|||&#8221;][et_pb_text admin_label=&#8221;Title&#8221; _builder_version=&#8221;4.20.0&#8243; text_font=&#8221;||||||||&#8221; header_font=&#8221;Cormorant Garamond|700|||||||&#8221; header_font_size=&#8221;64px&#8221; background_layout=&#8221;dark&#8221; animation_style=&#8221;fold&#8221; animation_direction=&#8221;bottom&#8221; animation_delay=&#8221;50ms&#8221; animation_intensity_fold=&#8221;30%&#8221; animation_starting_opacity=&#8221;100%&#8221; hover_enabled=&#8221;0&#8243; global_colors_info=&#8221;{}&#8221; sticky_enabled=&#8221;0&#8243;]<\/p>\n<h1>Novetats<\/h1>\n<blockquote class=\"wp-embedded-content\" data-secret=\"zNqQGWySel\"><p><a href=\"https:\/\/miarnau.cat\/ca\/informacion\/\">Blog informatiu<\/a><\/p><\/blockquote>\n<p><iframe loading=\"lazy\" class=\"wp-embedded-content\" sandbox=\"allow-scripts\" security=\"restricted\" style=\"position: absolute; clip: rect(1px, 1px, 1px, 1px);\" title=\"&#8220;Blog informatiu&#8221; &#8212; Miarnau Agritecno\" src=\"https:\/\/miarnau.cat\/ca\/informacion\/embed\/#?secret=kCEBpLtlaH#?secret=zNqQGWySel\" data-secret=\"zNqQGWySel\" width=\"600\" height=\"338\" frameborder=\"0\" marginwidth=\"0\" marginheight=\"0\" scrolling=\"no\"><\/iframe><\/p>\n<blockquote class=\"wp-embedded-content\" data-secret=\"8CVr1QYZid\"><p><a href=\"https:\/\/miarnau.cat\/ca\/boletines\/\">Butlletins<\/a><\/p><\/blockquote>\n<p><iframe loading=\"lazy\" class=\"wp-embedded-content\" sandbox=\"allow-scripts\" security=\"restricted\" style=\"position: absolute; clip: rect(1px, 1px, 1px, 1px);\" title=\"&#8220;Butlletins&#8221; &#8212; Miarnau Agritecno\" src=\"https:\/\/miarnau.cat\/ca\/boletines\/embed\/#?secret=JtBLhAnB2Z#?secret=8CVr1QYZid\" data-secret=\"8CVr1QYZid\" width=\"600\" height=\"338\" frameborder=\"0\" marginwidth=\"0\" marginheight=\"0\" scrolling=\"no\"><\/iframe><\/p>\n<p>&nbsp;<\/p>\n<p>[\/et_pb_text][et_pb_text admin_label=&#8221;Title&#8221; _builder_version=&#8221;4.16&#8243; text_font=&#8221;||||||||&#8221; header_font=&#8221;Cormorant Garamond|700|||||||&#8221; header_font_size=&#8221;64px&#8221; background_layout=&#8221;dark&#8221; animation_style=&#8221;fold&#8221; animation_direction=&#8221;bottom&#8221; animation_delay=&#8221;50ms&#8221; animation_intensity_fold=&#8221;30%&#8221; animation_starting_opacity=&#8221;100%&#8221; global_colors_info=&#8221;{}&#8221;]<\/p>\n<h1>Distribuci\u00f3 de fitosanitaris i fertilitzants.<\/h1>\n<h1>Serveis de Desinfecci\u00f3, Desinsectaci\u00f3 i Desratizaci\u00f3.<\/h1>\n<p>[\/et_pb_text][et_pb_text admin_label=&#8221;Texto&#8221; _builder_version=&#8221;4.16&#8243; _module_preset=&#8221;default&#8221; text_text_color=&#8221;#FFFFFF&#8221; header_text_color=&#8221;#FFFFFF&#8221; background_enable_color=&#8221;off&#8221; background_layout=&#8221;dark&#8221; custom_padding=&#8221;21px||0px|||&#8221; global_colors_info=&#8221;{}&#8221;]<\/p>\n<h1><strong>Assessorament t\u00e8cnic en protecci\u00f3 de cultius i control de plagues.<\/strong><\/h1>\n<h3>L\u2019experi\u00e8ncia adquirida durant m\u00e9s de <strong>40 anys<\/strong> i viscuda a la nostra explotaci\u00f3 agr\u00edcola \u00e9s transmesa a tot el nostre equip t\u00e8cnic comercial que garantitza un diagn\u00f2stic encertat de cada problema i ofereix la soluci\u00f3 m\u00e9s efica\u00e7. El nostre assessorament engloba fertilitzaci\u00f3, reg, noves plantacions, gesti\u00f3 agron\u00f2mica, mecanitzaci\u00f3 i comercialitzaci\u00f3.<\/h3>\n<div id=\"gtx-trans\" style=\"position: absolute; left: 507px; top: 99.0938px;\">\n<div class=\"gtx-trans-icon\">\u00a0<\/div>\n<\/div>\n<p>[\/et_pb_text][\/et_pb_column][\/et_pb_row][\/et_pb_section][et_pb_section fb_built=&#8221;1&#8243; admin_label=&#8221;Recipes&#8221; _builder_version=&#8221;4.16&#8243; background_enable_image=&#8221;off&#8221; background_size=&#8221;initial&#8221; custom_padding=&#8221;90px||90px|&#8221; global_colors_info=&#8221;{}&#8221;][et_pb_row column_structure=&#8221;1_4,1_4,1_4,1_4&#8243; _builder_version=&#8221;4.16&#8243; width=&#8221;100%&#8221; max_width=&#8221;2560px&#8221; global_colors_info=&#8221;{}&#8221;][et_pb_column type=&#8221;1_4&#8243; _builder_version=&#8221;4.16&#8243; custom_padding=&#8221;|||&#8221; global_colors_info=&#8221;{}&#8221; custom_padding__hover=&#8221;|||&#8221;][et_pb_image src=&#8221;https:\/\/miarnau.cat\/web\/wp-content\/uploads\/2021\/06\/DSCF0373-scaled.jpg&#8221; title_text=&#8221;DSCF0373&#8243; url=&#8221;https:\/\/miarnau.cat\/web\/tractaments\/&#8221; _builder_version=&#8221;4.16&#8243; _module_preset=&#8221;default&#8221; width=&#8221;100%&#8221; custom_margin=&#8221;|-4px||||&#8221; global_colors_info=&#8221;{}&#8221;][\/et_pb_image][\/et_pb_column][et_pb_column type=&#8221;1_4&#8243; _builder_version=&#8221;4.16&#8243; custom_padding=&#8221;|||&#8221; global_colors_info=&#8221;{}&#8221; custom_padding__hover=&#8221;|||&#8221;][et_pb_image src=&#8221;https:\/\/miarnau.cat\/web\/wp-content\/uploads\/2021\/03\/04-300&#215;225.jpg&#8221; alt=&#8221;Camp de blat&#8221; title_text=&#8221;camp de blat a l&#8217;estiu&#8221; url=&#8221;https:\/\/miarnau.cat\/web\/categoria-producte\/mascotes\/&#8221; _builder_version=&#8221;4.16&#8243; _module_preset=&#8221;default&#8221; custom_margin=&#8221;|-49px||||&#8221; custom_padding=&#8221;|0px||||&#8221; global_colors_info=&#8221;{}&#8221;][\/et_pb_image][\/et_pb_column][et_pb_column type=&#8221;1_4&#8243; _builder_version=&#8221;4.16&#8243; custom_padding=&#8221;|||&#8221; global_colors_info=&#8221;{}&#8221; custom_padding__hover=&#8221;|||&#8221;][et_pb_image src=&#8221;https:\/\/miarnau.cat\/web\/wp-content\/uploads\/2021\/06\/DSCF2049-scaled.jpg&#8221; title_text=&#8221;DSCF2049&#8243; url=&#8221;https:\/\/miarnau.cat\/web\/productes\/&#8221; _builder_version=&#8221;4.16&#8243; _module_preset=&#8221;default&#8221; global_colors_info=&#8221;{}&#8221;][\/et_pb_image][\/et_pb_column][et_pb_column type=&#8221;1_4&#8243; _builder_version=&#8221;4.16&#8243; custom_padding=&#8221;|||&#8221; global_colors_info=&#8221;{}&#8221; custom_padding__hover=&#8221;|||&#8221;][et_pb_image src=&#8221;https:\/\/miarnau.cat\/web\/wp-content\/uploads\/2021\/03\/03.jpg&#8221; title_text=&#8221;03&#8243; url=&#8221;https:\/\/miarnau.cat\/web\/boletins\/&#8221; _builder_version=&#8221;4.16&#8243; _module_preset=&#8221;default&#8221; global_colors_info=&#8221;{}&#8221;][\/et_pb_image][\/et_pb_column][\/et_pb_row][\/et_pb_section][et_pb_section fb_built=&#8221;1&#8243; admin_label=&#8221;Meal Plans&#8221; _builder_version=&#8221;4.16&#8243; background_color=&#8221;#f9f2f2&#8243; background_image=&#8221;https:\/\/miarnau.cat\/web\/wp-content\/uploads\/2021\/03\/home2.jpg&#8221; background_size=&#8221;initial&#8221; custom_margin=&#8221;|||&#8221; custom_padding=&#8221;8%|0px|8%|0px&#8221; global_colors_info=&#8221;{}&#8221;][et_pb_row _builder_version=&#8221;4.16&#8243; global_colors_info=&#8221;{}&#8221;][et_pb_column type=&#8221;4_4&#8243; _builder_version=&#8221;4.16&#8243; custom_padding=&#8221;|||&#8221; global_colors_info=&#8221;{}&#8221; custom_padding__hover=&#8221;|||&#8221;][et_pb_cta title=&#8221;Especialistes en l\u2019assessorament de fruiters&#8221; button_url=&#8221;#&#8221; _builder_version=&#8221;4.16&#8243; header_font=&#8221;Cormorant Garamond|600|||||||&#8221; header_font_size=&#8221;40px&#8221; header_line_height=&#8221;1.4em&#8221; body_font=&#8221;Cormorant Garamond||||||||&#8221; body_font_size=&#8221;20px&#8221; body_line_height=&#8221;1.8em&#8221; background_color=&#8221;#ffffff&#8221; custom_button=&#8221;on&#8221; button_text_size=&#8221;14px&#8221; button_text_color=&#8221;#ffffff&#8221; button_bg_color=&#8221;#ff7864&#8243; button_border_width=&#8221;8px&#8221; button_border_color=&#8221;#ff7864&#8243; button_border_radius=&#8221;0px&#8221; button_font=&#8221;Montserrat|||on|||||&#8221; button_use_icon=&#8221;off&#8221; background_layout=&#8221;light&#8221; custom_padding=&#8221;40px||60px|||&#8221; custom_padding_tablet=&#8221;&#8221; custom_padding_phone=&#8221;&#8221; custom_padding_last_edited=&#8221;on|desktop&#8221; animation_style=&#8221;fold&#8221; animation_direction=&#8221;bottom&#8221; animation_intensity_fold=&#8221;10%&#8221; animation_starting_opacity=&#8221;100%&#8221; global_colors_info=&#8221;{}&#8221; button_text_size__hover_enabled=&#8221;off&#8221; button_one_text_size__hover_enabled=&#8221;off&#8221; button_two_text_size__hover_enabled=&#8221;off&#8221; button_text_color__hover_enabled=&#8221;off&#8221; button_one_text_color__hover_enabled=&#8221;off&#8221; button_two_text_color__hover_enabled=&#8221;off&#8221; button_border_width__hover_enabled=&#8221;off&#8221; button_one_border_width__hover_enabled=&#8221;off&#8221; button_two_border_width__hover_enabled=&#8221;off&#8221; button_border_color__hover_enabled=&#8221;off&#8221; button_one_border_color__hover_enabled=&#8221;off&#8221; button_two_border_color__hover_enabled=&#8221;off&#8221; button_border_radius__hover_enabled=&#8221;off&#8221; button_one_border_radius__hover_enabled=&#8221;off&#8221; button_two_border_radius__hover_enabled=&#8221;off&#8221; button_letter_spacing__hover_enabled=&#8221;off&#8221; button_one_letter_spacing__hover_enabled=&#8221;off&#8221; button_two_letter_spacing__hover_enabled=&#8221;off&#8221; button_bg_color__hover_enabled=&#8221;off&#8221; button_one_bg_color__hover_enabled=&#8221;off&#8221; button_two_bg_color__hover_enabled=&#8221;off&#8221;]<\/p>\n<p>Oliveres, ametllers, cereals d\u2019hivern, pan\u00eds&#8230;, tant en <strong>producci\u00f3 integrada<\/strong> com <strong>ecol\u00f2gica<\/strong>.<\/p>\n<p>[\/et_pb_cta][\/et_pb_column][\/et_pb_row][\/et_pb_section][et_pb_section fb_built=&#8221;1&#8243; admin_label=&#8221;Recipes&#8221; _builder_version=&#8221;4.16&#8243; background_enable_image=&#8221;off&#8221; background_size=&#8221;initial&#8221; custom_padding=&#8221;90px||90px|&#8221; global_colors_info=&#8221;{}&#8221;][et_pb_row _builder_version=&#8221;4.16&#8243; custom_margin=&#8221;|||&#8221; global_colors_info=&#8221;{}&#8221;][et_pb_column type=&#8221;4_4&#8243; _builder_version=&#8221;4.16&#8243; custom_padding=&#8221;|||&#8221; global_colors_info=&#8221;{}&#8221; custom_padding__hover=&#8221;|||&#8221;][et_pb_text admin_label=&#8221;Title&#8221; _builder_version=&#8221;4.16&#8243; text_font=&#8221;||||||||&#8221; header_font=&#8221;||||||||&#8221; header_2_font=&#8221;Cormorant Garamond|500|||||||&#8221; header_2_text_color=&#8221;#1e1e1e&#8221; header_2_font_size=&#8221;36px&#8221; text_orientation=&#8221;center&#8221; custom_margin=&#8221;||15px|&#8221; animation_style=&#8221;fade&#8221; global_colors_info=&#8221;{}&#8221;]<\/p>\n<h2>Finques de la nostra empresa Produccions Agr\u00edcoles Segre<\/h2>\n<p>Provem els productes i posem en pr\u00e0ctica els m\u00e8todes que els nostres t\u00e8cnics aconsellen a Agricultors i Magatzemistes.<\/p>\n<p>&nbsp;<\/p>\n<p>[\/et_pb_text][et_pb_divider color=&#8221;#cccccc&#8221; divider_weight=&#8221;2px&#8221; _builder_version=&#8221;4.16&#8243; max_width=&#8221;80px&#8221; max_width_tablet=&#8221;100px&#8221; max_width_phone=&#8221;100px&#8221; max_width_last_edited=&#8221;off|desktop&#8221; module_alignment=&#8221;center&#8221; animation_style=&#8221;fade&#8221; global_colors_info=&#8221;{}&#8221;][\/et_pb_divider][\/et_pb_column][\/et_pb_row][et_pb_row column_structure=&#8221;1_3,1_3,1_3&#8243; admin_label=&#8221;Frutales&#8221; _builder_version=&#8221;4.16&#8243; locked=&#8221;off&#8221; global_colors_info=&#8221;{}&#8221;][et_pb_column type=&#8221;1_3&#8243; _builder_version=&#8221;4.16&#8243; custom_padding=&#8221;|||&#8221; global_colors_info=&#8221;{}&#8221; custom_padding__hover=&#8221;|||&#8221;][et_pb_image src=&#8221;https:\/\/miarnau.cat\/web\/wp-content\/uploads\/2021\/03\/pera.jpg&#8221; title_text=&#8221;pera&#8221; _builder_version=&#8221;4.16&#8243; _module_preset=&#8221;default&#8221; global_colors_info=&#8221;{}&#8221;][\/et_pb_image][\/et_pb_column][et_pb_column type=&#8221;1_3&#8243; _builder_version=&#8221;4.16&#8243; custom_padding=&#8221;|||&#8221; global_colors_info=&#8221;{}&#8221; custom_padding__hover=&#8221;|||&#8221;][et_pb_image src=&#8221;https:\/\/miarnau.cat\/web\/wp-content\/uploads\/2021\/03\/paraguayo.jpg&#8221; title_text=&#8221;paraguayo&#8221; _builder_version=&#8221;4.16&#8243; _module_preset=&#8221;default&#8221; global_colors_info=&#8221;{}&#8221;][\/et_pb_image][\/et_pb_column][et_pb_column type=&#8221;1_3&#8243; _builder_version=&#8221;4.16&#8243; custom_padding=&#8221;|||&#8221; global_colors_info=&#8221;{}&#8221; custom_padding__hover=&#8221;|||&#8221;][et_pb_image src=&#8221;https:\/\/miarnau.cat\/web\/wp-content\/uploads\/2021\/03\/nectarina.jpg&#8221; title_text=&#8221;nectarina&#8221; _builder_version=&#8221;4.16&#8243; _module_preset=&#8221;default&#8221; global_colors_info=&#8221;{}&#8221;][\/et_pb_image][\/et_pb_column][\/et_pb_row][\/et_pb_section][et_pb_section fb_built=&#8221;1&#8243; admin_label=&#8221;Featured Recipe Section&#8221; _builder_version=&#8221;4.16&#8243; background_image=&#8221;https:\/\/miarnau.cat\/web\/wp-content\/uploads\/2021\/05\/DSCF0448-scaled.jpg&#8221; custom_padding=&#8221;90px|0px|90px|0px&#8221; global_colors_info=&#8221;{}&#8221;][et_pb_row column_structure=&#8221;1_2,1_2&#8243; _builder_version=&#8221;4.16&#8243; custom_margin=&#8221;|221px||auto||&#8221; custom_padding=&#8221;|0px||||&#8221; animation_style=&#8221;fade&#8221; global_colors_info=&#8221;{}&#8221;][et_pb_column type=&#8221;1_2&#8243; _builder_version=&#8221;4.16&#8243; custom_padding=&#8221;|||&#8221; global_colors_info=&#8221;{}&#8221; custom_padding__hover=&#8221;|||&#8221;][\/et_pb_column][et_pb_column type=&#8221;1_2&#8243; _builder_version=&#8221;4.16&#8243; background_color=&#8221;#ffffff&#8221; custom_padding=&#8221;30px|45px|30px|45px&#8221; custom_padding_tablet=&#8221;&#8221; custom_padding_phone=&#8221;30px|30px|30px|30px&#8221; custom_padding_last_edited=&#8221;on|desktop&#8221; global_colors_info=&#8221;{}&#8221; padding_phone=&#8221;30px|30px|30px|30px&#8221; padding_last_edited=&#8221;on|desktop&#8221; custom_padding__hover=&#8221;|||&#8221;][et_pb_text _builder_version=&#8221;4.16&#8243; header_font=&#8221;||||||||&#8221; header_2_font=&#8221;Cormorant Garamond|600|||||||&#8221; header_2_text_color=&#8221;#1e1e1&#8243; header_2_font_size=&#8221;36px&#8221; header_2_line_height=&#8221;1.3em&#8221; animation_style=&#8221;fade&#8221; global_colors_info=&#8221;{}&#8221;]<\/p>\n<h2>Especialistes en el control de plagues que afecten als productes emmagatzemats i a les f\u00e0briques transformadores de gra.<\/h2>\n<p>[\/et_pb_text][et_pb_text _builder_version=&#8221;4.16&#8243; text_font=&#8221;Cormorant Garamond|500|||||||&#8221; text_text_color=&#8221;#1e1e1e&#8221; text_font_size=&#8221;20px&#8221; text_line_height=&#8221;1.8em&#8221; animation_style=&#8221;fade&#8221; global_colors_info=&#8221;{}&#8221;]<\/p>\n<p>Pinso, pasta, farineres&#8230; <\/p>\n<p>[\/et_pb_text][\/et_pb_column][\/et_pb_row][\/et_pb_section][et_pb_section fb_built=&#8221;1&#8243; admin_label=&#8221;News&#8221; _builder_version=&#8221;4.16&#8243; custom_margin=&#8221;|||&#8221; custom_padding=&#8221;90px||90px|&#8221; global_colors_info=&#8221;{}&#8221;][et_pb_row _builder_version=&#8221;4.16&#8243; custom_margin=&#8221;|||&#8221; locked=&#8221;off&#8221; global_colors_info=&#8221;{}&#8221;][et_pb_column type=&#8221;4_4&#8243; _builder_version=&#8221;4.16&#8243; custom_padding=&#8221;|||&#8221; global_colors_info=&#8221;{}&#8221; custom_padding__hover=&#8221;|||&#8221;][et_pb_text admin_label=&#8221;Title&#8221; _builder_version=&#8221;4.16&#8243; text_font=&#8221;||||||||&#8221; header_font=&#8221;||||||||&#8221; header_2_font=&#8221;Cormorant Garamond|500|||||||&#8221; header_2_text_color=&#8221;#1e1e1e&#8221; header_2_font_size=&#8221;36px&#8221; text_orientation=&#8221;center&#8221; custom_margin=&#8221;||15px|&#8221; animation_style=&#8221;fade&#8221; global_colors_info=&#8221;{}&#8221;]<\/p>\n<h2><a href=\"https:\/\/miarnau.cat\/ca\/productos-2\/\">Consulta els nostres productes<\/a><\/h2>\n<p>[\/et_pb_text][\/et_pb_column][\/et_pb_row][\/et_pb_section]<\/p>\n","protected":false},"excerpt":{"rendered":"<p>Novetats https:\/\/miarnau.cat\/ca\/informacion\/ https:\/\/miarnau.cat\/ca\/boletines\/ &nbsp;Distribuci\u00f3 de fitosanitaris i fertilitzants. Serveis de Desinfecci\u00f3, Desinsectaci\u00f3 i Desratizaci\u00f3.Assessorament t\u00e8cnic en protecci\u00f3 de cultius i control de plagues. L\u2019experi\u00e8ncia adquirida durant m\u00e9s de 40 anys i viscuda a la nostra explotaci\u00f3 agr\u00edcola \u00e9s transmesa a tot el nostre equip t\u00e8cnic comercial que garantitza un diagn\u00f2stic encertat de cada problema i [&hellip;]<\/p>\n","protected":false},"author":1,"featured_media":0,"parent":0,"menu_order":0,"comment_status":"closed","ping_status":"closed","template":"","meta":{"_et_pb_use_builder":"on","_et_pb_old_content":"","_et_gb_content_width":"","footnotes":""},"class_list":["post-660","page","type-page","status-publish","hentry"],"yoast_head":"<!-- This site is optimized with the Yoast SEO plugin v27.4 - https:\/\/yoast.com\/product\/yoast-seo-wordpress\/ -->\n<title>Inici - Miarnau Agritecno<\/title>\n<meta name=\"robots\" content=\"index, follow, max-snippet:-1, max-image-preview:large, max-video-preview:-1\" \/>\n<link rel=\"canonical\" href=\"https:\/\/miarnau.cat\/ca\/\" \/>\n<meta property=\"og:locale\" content=\"ca_ES\" \/>\n<meta property=\"og:type\" content=\"article\" \/>\n<meta property=\"og:title\" content=\"Inici - Miarnau Agritecno\" \/>\n<meta property=\"og:description\" content=\"Novetats https:\/\/miarnau.cat\/ca\/informacion\/ https:\/\/miarnau.cat\/ca\/boletines\/ &nbsp;Distribuci\u00f3 de fitosanitaris i fertilitzants. Serveis de Desinfecci\u00f3, Desinsectaci\u00f3 i Desratizaci\u00f3.Assessorament t\u00e8cnic en protecci\u00f3 de cultius i control de plagues. L\u2019experi\u00e8ncia adquirida durant m\u00e9s de 40 anys i viscuda a la nostra explotaci\u00f3 agr\u00edcola \u00e9s transmesa a tot el nostre equip t\u00e8cnic comercial que garantitza un diagn\u00f2stic encertat de cada problema i [&hellip;]\" \/>\n<meta property=\"og:url\" content=\"https:\/\/miarnau.cat\/ca\/\" \/>\n<meta property=\"og:site_name\" content=\"Miarnau Agritecno\" \/>\n<meta property=\"article:modified_time\" content=\"2023-02-27T17:03:39+00:00\" \/>\n<meta name=\"twitter:card\" content=\"summary_large_image\" \/>\n<meta name=\"twitter:label1\" content=\"Temps estimat de lectura\" \/>\n\t<meta name=\"twitter:data1\" content=\"8 minuts\" \/>\n<script type=\"application\/ld+json\" class=\"yoast-schema-graph\">{\"@context\":\"https:\\\/\\\/schema.org\",\"@graph\":[{\"@type\":\"WebPage\",\"@id\":\"https:\\\/\\\/miarnau.cat\\\/ca\\\/\",\"url\":\"https:\\\/\\\/miarnau.cat\\\/ca\\\/\",\"name\":\"Inici - Miarnau Agritecno\",\"isPartOf\":{\"@id\":\"https:\\\/\\\/miarnau.cat\\\/ca\\\/#website\"},\"datePublished\":\"2021-03-03T09:03:30+00:00\",\"dateModified\":\"2023-02-27T17:03:39+00:00\",\"breadcrumb\":{\"@id\":\"https:\\\/\\\/miarnau.cat\\\/ca\\\/#breadcrumb\"},\"inLanguage\":\"ca\",\"potentialAction\":[{\"@type\":\"ReadAction\",\"target\":[\"https:\\\/\\\/miarnau.cat\\\/ca\\\/\"]}]},{\"@type\":\"BreadcrumbList\",\"@id\":\"https:\\\/\\\/miarnau.cat\\\/ca\\\/#breadcrumb\",\"itemListElement\":[{\"@type\":\"ListItem\",\"position\":1,\"name\":\"Portada\",\"item\":\"https:\\\/\\\/miarnau.cat\\\/ca\\\/\"},{\"@type\":\"ListItem\",\"position\":2,\"name\":\"Inici\"}]},{\"@type\":\"WebSite\",\"@id\":\"https:\\\/\\\/miarnau.cat\\\/ca\\\/#website\",\"url\":\"https:\\\/\\\/miarnau.cat\\\/ca\\\/\",\"name\":\"Miarnau Agritecno\",\"description\":\"Todo para agricultores, almacenistas de cereal y exportadores de fruta.\",\"publisher\":{\"@id\":\"https:\\\/\\\/miarnau.cat\\\/ca\\\/#organization\"},\"potentialAction\":[{\"@type\":\"SearchAction\",\"target\":{\"@type\":\"EntryPoint\",\"urlTemplate\":\"https:\\\/\\\/miarnau.cat\\\/ca\\\/?s={search_term_string}\"},\"query-input\":{\"@type\":\"PropertyValueSpecification\",\"valueRequired\":true,\"valueName\":\"search_term_string\"}}],\"inLanguage\":\"ca\"},{\"@type\":\"Organization\",\"@id\":\"https:\\\/\\\/miarnau.cat\\\/ca\\\/#organization\",\"name\":\"MIARNAU AGRITECNO\",\"url\":\"https:\\\/\\\/miarnau.cat\\\/ca\\\/\",\"logo\":{\"@type\":\"ImageObject\",\"inLanguage\":\"ca\",\"@id\":\"https:\\\/\\\/miarnau.cat\\\/ca\\\/#\\\/schema\\\/logo\\\/image\\\/\",\"url\":\"https:\\\/\\\/miarnau.cat\\\/web\\\/wp-content\\\/uploads\\\/2021\\\/07\\\/cropped-icono0-miarnau-1.png\",\"contentUrl\":\"https:\\\/\\\/miarnau.cat\\\/web\\\/wp-content\\\/uploads\\\/2021\\\/07\\\/cropped-icono0-miarnau-1.png\",\"width\":512,\"height\":512,\"caption\":\"MIARNAU AGRITECNO\"},\"image\":{\"@id\":\"https:\\\/\\\/miarnau.cat\\\/ca\\\/#\\\/schema\\\/logo\\\/image\\\/\"}}]}<\/script>\n<!-- \/ Yoast SEO plugin. -->","yoast_head_json":{"title":"Inici - Miarnau Agritecno","robots":{"index":"index","follow":"follow","max-snippet":"max-snippet:-1","max-image-preview":"max-image-preview:large","max-video-preview":"max-video-preview:-1"},"canonical":"https:\/\/miarnau.cat\/ca\/","og_locale":"ca_ES","og_type":"article","og_title":"Inici - Miarnau Agritecno","og_description":"Novetats https:\/\/miarnau.cat\/ca\/informacion\/ https:\/\/miarnau.cat\/ca\/boletines\/ &nbsp;Distribuci\u00f3 de fitosanitaris i fertilitzants. Serveis de Desinfecci\u00f3, Desinsectaci\u00f3 i Desratizaci\u00f3.Assessorament t\u00e8cnic en protecci\u00f3 de cultius i control de plagues. L\u2019experi\u00e8ncia adquirida durant m\u00e9s de 40 anys i viscuda a la nostra explotaci\u00f3 agr\u00edcola \u00e9s transmesa a tot el nostre equip t\u00e8cnic comercial que garantitza un diagn\u00f2stic encertat de cada problema i [&hellip;]","og_url":"https:\/\/miarnau.cat\/ca\/","og_site_name":"Miarnau Agritecno","article_modified_time":"2023-02-27T17:03:39+00:00","twitter_card":"summary_large_image","twitter_misc":{"Temps estimat de lectura":"8 minuts"},"schema":{"@context":"https:\/\/schema.org","@graph":[{"@type":"WebPage","@id":"https:\/\/miarnau.cat\/ca\/","url":"https:\/\/miarnau.cat\/ca\/","name":"Inici - Miarnau Agritecno","isPartOf":{"@id":"https:\/\/miarnau.cat\/ca\/#website"},"datePublished":"2021-03-03T09:03:30+00:00","dateModified":"2023-02-27T17:03:39+00:00","breadcrumb":{"@id":"https:\/\/miarnau.cat\/ca\/#breadcrumb"},"inLanguage":"ca","potentialAction":[{"@type":"ReadAction","target":["https:\/\/miarnau.cat\/ca\/"]}]},{"@type":"BreadcrumbList","@id":"https:\/\/miarnau.cat\/ca\/#breadcrumb","itemListElement":[{"@type":"ListItem","position":1,"name":"Portada","item":"https:\/\/miarnau.cat\/ca\/"},{"@type":"ListItem","position":2,"name":"Inici"}]},{"@type":"WebSite","@id":"https:\/\/miarnau.cat\/ca\/#website","url":"https:\/\/miarnau.cat\/ca\/","name":"Miarnau Agritecno","description":"Todo para agricultores, almacenistas de cereal y exportadores de fruta.","publisher":{"@id":"https:\/\/miarnau.cat\/ca\/#organization"},"potentialAction":[{"@type":"SearchAction","target":{"@type":"EntryPoint","urlTemplate":"https:\/\/miarnau.cat\/ca\/?s={search_term_string}"},"query-input":{"@type":"PropertyValueSpecification","valueRequired":true,"valueName":"search_term_string"}}],"inLanguage":"ca"},{"@type":"Organization","@id":"https:\/\/miarnau.cat\/ca\/#organization","name":"MIARNAU AGRITECNO","url":"https:\/\/miarnau.cat\/ca\/","logo":{"@type":"ImageObject","inLanguage":"ca","@id":"https:\/\/miarnau.cat\/ca\/#\/schema\/logo\/image\/","url":"https:\/\/miarnau.cat\/web\/wp-content\/uploads\/2021\/07\/cropped-icono0-miarnau-1.png","contentUrl":"https:\/\/miarnau.cat\/web\/wp-content\/uploads\/2021\/07\/cropped-icono0-miarnau-1.png","width":512,"height":512,"caption":"MIARNAU AGRITECNO"},"image":{"@id":"https:\/\/miarnau.cat\/ca\/#\/schema\/logo\/image\/"}}]}},"publishpress_future_action":{"enabled":false,"date":"2026-04-30 10:31:47","action":"change-status","newStatus":"draft","terms":[],"taxonomy":"translation_priority","extraData":[]},"publishpress_future_workflow_manual_trigger":{"enabledWorkflows":[]},"_links":{"self":[{"href":"https:\/\/miarnau.cat\/ca\/wp-json\/wp\/v2\/pages\/660","targetHints":{"allow":["GET"]}}],"collection":[{"href":"https:\/\/miarnau.cat\/ca\/wp-json\/wp\/v2\/pages"}],"about":[{"href":"https:\/\/miarnau.cat\/ca\/wp-json\/wp\/v2\/types\/page"}],"author":[{"embeddable":true,"href":"https:\/\/miarnau.cat\/ca\/wp-json\/wp\/v2\/users\/1"}],"replies":[{"embeddable":true,"href":"https:\/\/miarnau.cat\/ca\/wp-json\/wp\/v2\/comments?post=660"}],"version-history":[{"count":13,"href":"https:\/\/miarnau.cat\/ca\/wp-json\/wp\/v2\/pages\/660\/revisions"}],"predecessor-version":[{"id":1997,"href":"https:\/\/miarnau.cat\/ca\/wp-json\/wp\/v2\/pages\/660\/revisions\/1997"}],"wp:attachment":[{"href":"https:\/\/miarnau.cat\/ca\/wp-json\/wp\/v2\/media?parent=660"}],"curies":[{"name":"wp","href":"https:\/\/api.w.org\/{rel}","templated":true}]}}