{"id":1321,"date":"2021-12-23T11:26:37","date_gmt":"2021-12-23T11:26:37","guid":{"rendered":"https:\/\/miarnau.cat\/politica-de-privacidad\/"},"modified":"2021-12-23T12:44:54","modified_gmt":"2021-12-23T12:44:54","slug":"politica-de-privacitat","status":"publish","type":"page","link":"https:\/\/miarnau.cat\/ca\/politica-de-privacitat\/","title":{"rendered":"Pol\u00edtica de Privacitat"},"content":{"rendered":"<h1 class=\"entry-title main_title\"><span style=\"color: #666666; font-size: 14px;\">Seguint els principis de licitud, lleialtat i transpar\u00e8ncia, posem a la vostra disposici\u00f3 aquesta Pol\u00edtica de Privadesa.<\/span><\/h1>\n<div class=\"entry-content\">\n<h4><span>1. Qui \u00e9s el Responsable del tractament de les vostres dades?<\/span><\/h4>\n<table cellspacing=\"0\" cellpadding=\"7\">\n<thead>\n<tr>\n<th colspan=\"3\"><span>TITULAR DEL LLOC WEB<\/span><\/th>\n<\/tr>\n<\/thead>\n<tbody>\n<tr valign=\"top\">\n<td><strong><span>Denominaci\u00f3 Social<\/span><\/strong><\/td>\n<td colspan=\"2\"><span>Miarnau Agritecno, SL<\/span><\/td>\n<\/tr>\n<tr valign=\"top\">\n<td><strong><span>NIF<\/span><\/strong><\/td>\n<td colspan=\"2\"><span>B25220757<\/span><\/td>\n<\/tr>\n<tr valign=\"top\">\n<td><strong><span>Domicili Social<\/span><\/strong><\/td>\n<td colspan=\"2\"><span>PI Panam\u00e0 \u00b7 C\/ Jaume Sarroca, 5<\/span><br \/>\n<span>Torres de Segre<\/span><br \/>\n<span>25170 (Lleida)<\/span><\/td>\n<\/tr>\n<tr>\n<td><strong><span>Correu electr\u00f2nic<\/span><\/strong><\/td>\n<td colspan=\"2\"><a href=\"mailto:info@miarnau.cat?_x_tr_sl=es&amp;_x_tr_tl=ca&amp;_x_tr_hl=ca\"><span>info@miarnau.cat<\/span><\/a><\/td>\n<\/tr>\n<tr valign=\"top\">\n<td><strong><span>Tel\u00e8fon<\/span><\/strong><\/td>\n<td colspan=\"2\"><span>973 796 081<\/span><\/td>\n<\/tr>\n<\/tbody>\n<\/table>\n<p>&nbsp;<\/p>\n<h4><span>2. Amb quina finalitat tractem les vostres dades personals?<\/span><\/h4>\n<p><span>A\u00a0<\/span><strong><span>Miarnau Agritecno, SL<\/span><\/strong><span>\u00a0, depenent de la categoria d&#8217;interessat de qu\u00e8 es tracti, tractem la informaci\u00f3 que ens facilita amb les finalitats seg\u00fcents:<\/span><\/p>\n<table cellspacing=\"0\" cellpadding=\"2\">\n<thead>\n<tr valign=\"top\">\n<th><strong><span>Interessats<\/span><\/strong><\/th>\n<th><strong><span>Finalitats del tractament<\/span><\/strong><\/th>\n<\/tr>\n<\/thead>\n<tbody>\n<tr valign=\"top\">\n<td><strong><span>Potencials clients<\/span><\/strong><\/td>\n<td><span>Gestionar la relaci\u00f3 comercial i\/o professional potencial, gestionar l&#8217;enviament d&#8217;informaci\u00f3 sol\u00b7licitada i\/o resoldre les consultes plantejades, facilitar ofertes dels nostres serveis i\/o productes del seu inter\u00e8s.<\/span><\/td>\n<\/tr>\n<tr valign=\"top\">\n<td><strong><span>Clients<\/span><\/strong><\/td>\n<td><span>Gestionar la relaci\u00f3 comercial i\/o professional, facilitar ofertes dels nostres serveis i\/o productes del vostre inter\u00e8s.<\/span><\/td>\n<\/tr>\n<tr valign=\"top\">\n<td><strong><span>Prove\u00efdors<\/span><\/strong><\/td>\n<td><span>Gestionar la relaci\u00f3 comercial i\/o professional.<\/span><\/td>\n<\/tr>\n<tr valign=\"top\">\n<td><strong><span>Usuaris web<\/span><\/strong><\/td>\n<td><span>Gestionar l&#8217;an\u00e0lisi de les vostres dades de navegaci\u00f3<\/span><\/td>\n<\/tr>\n<\/tbody>\n<\/table>\n<h4><\/h4>\n<h4><span>3. Quina \u00e9s la legitimaci\u00f3 per al tractament de les vostres dades?<\/span><\/h4>\n<p><span>La base legal per al tractament de les vostres dades personals, depenent de la categoria d&#8217;interessat de qu\u00e8 es tracti, pot ser:<\/span><\/p>\n<table>\n<thead>\n<tr>\n<th><span>Interessats<\/span><\/th>\n<th><span>Base legal<\/span><\/th>\n<\/tr>\n<\/thead>\n<tbody>\n<tr>\n<td><span>Potencials clients<\/span><\/td>\n<td><span>Art. 6.1.b RGPD: aplicaci\u00f3, a petici\u00f3 de l&#8217;interessat, de mesures precontractuals (pressupostos, fulls d&#8217;enc\u00e0rrec, ofertes de serveis\u2026).<\/span>&nbsp;<\/p>\n<p><span>Art. 6.1.f RGPD: Inter\u00e8s leg\u00edtim (enviar informaci\u00f3 sol\u00b7licitada, respondre a les consultes plantejades\u2026).<\/span><\/p>\n<p><span>Art. 6.1.a RGPD: consentiment del propi interessat (facilitar ofertes dels nostres serveis i\/o productes).<\/span><\/td>\n<\/tr>\n<tr>\n<td><span>Clients<\/span><\/td>\n<td><span>Art. 6.1.b RGPD: execuci\u00f3 d&#8217;un contracte on l&#8217;interessat \u00e9s part.<\/span><\/td>\n<\/tr>\n<tr>\n<td><span>Prove\u00efdors<\/span><\/td>\n<td><span>Art. 6.1.b RGPD: execuci\u00f3 d&#8217;un contracte on l&#8217;interessat \u00e9s part.<\/span><\/td>\n<\/tr>\n<tr>\n<td><span>Usuaris web<\/span><\/td>\n<td><span>Art. 6.1.a RGPD: consentiment del propi interessat.<\/span><\/td>\n<\/tr>\n<\/tbody>\n<\/table>\n<p><span>Les dades que us sol\u00b7licitem s\u00f3n adequades, pertinents i estrictament necess\u00e0ries i en cap cas est\u00e0 obligat a facilitar-nos-les, per\u00f2 la seva no comunicaci\u00f3 podr\u00e0 afectar la finalitat del servei o la impossibilitat de prestar-lo.<\/span><\/p>\n<p>&nbsp;<\/p>\n<h4><span>4. Per quant de temps conservarem les vostres dades personals?<\/span><\/h4>\n<p><span>Les seves dades seran conservades el temps m\u00ednim necessari per a la correcta prestaci\u00f3 del servei ofert aix\u00ed com per atendre les responsabilitats que se&#8217;n poguessin derivar i de qualsevol altra exig\u00e8ncia legal.<\/span><\/p>\n<p>&nbsp;<\/p>\n<h4><span>5. A quins destinataris es comunicaran les vostres dades?<\/span><\/h4>\n<p><strong><span>Miarnau Agritecno, SL<\/span><\/strong><span>\u00a0no comunicar\u00e0 les seves dades a cap tercer, llevat que se n&#8217;informi expressament.<\/span><\/p>\n<p><span>Addicionalment us informem que determinades dades, en virtut de la normativa vigent o de la relaci\u00f3 contractual que mantingui amb\u00a0<\/span><strong><span>Miarnau Agritecno, SL<\/span><\/strong><span>\u00a0, podran ser comunicades a:<\/span><\/p>\n<ul>\n<li><span>Els bancs i les entitats financeres per al cobrament dels serveis contractats i\/o productes comprats.<\/span><\/li>\n<li><span>Administracions p\u00fabliques amb compet\u00e8ncia als sectors de l&#8217;activitat de\u00a0<\/span><strong><span>Miarnau Agritecno, SL<\/span><\/strong><span>\u00a0, quan aix\u00ed ho estableixi la normativa vigent.<\/span><\/li>\n<\/ul>\n<h4><\/h4>\n<h4><span>6. Quins s\u00f3n els vostres drets quan ens facilita les vostres dades?<\/span><\/h4>\n<p><span>Els drets de protecci\u00f3 de dades que podran exercir els interessats, quan escaiguin, s\u00f3n:<\/span><\/p>\n<ul>\n<li><span>Dret a sol\u00b7licitar l&#8217;acc\u00e9s a les dades personals relatives a l&#8217;interessat.<\/span><\/li>\n<li><span>Dret de rectificaci\u00f3 o supressi\u00f3.<\/span><\/li>\n<li><span>Dret d\u00b4oposici\u00f3.<\/span><\/li>\n<li><span>Dret a sol\u00b7licitar la limitaci\u00f3 del tractament.<\/span><\/li>\n<li><span>Dret a la portabilitat de les dades.<\/span><\/li>\n<li><span>Dret a no \u00e9sser objecte de decisions basades \u00fanicament en el tractament automatitzat de dades.<\/span><\/li>\n<\/ul>\n<p><span>Els titulars de les dades personals obtingudes podran exercir els seus drets de protecci\u00f3 de dades personals dirigint una comunicaci\u00f3 per escrit al domicili social de\u00a0<\/span><strong><span>Miarnau Agritecno, SL<\/span><\/strong><span>\u00a0o al correu electr\u00f2nic administracio@miarnau.cat<\/span><\/p>\n<p><span>Models, formularis i m\u00e9s informaci\u00f3 disponible sobre els seus drets a la p\u00e0gina web de l&#8217;autoritat de control nacional, Ag\u00e8ncia Espanyola de Protecci\u00f3 de Dades, d&#8217;ara endavant, AEPD, www.aepd.es<\/span><\/p>\n<h4><\/h4>\n<h4><span>7. Puc retirar el consentiment?<\/span><\/h4>\n<p><span>Teniu la possibilitat i el dret a retirar el consentiment per a qualsevol finalitat espec\u00edfica atorgada en el seu moment, sense que aix\u00f2 afecti la licitud del tractament basat en el consentiment previ a la seva retirada.<\/span><\/p>\n<h4><\/h4>\n<h4><span>8. On puc reclamar si considereu que no es tracten les meves dades correctament?<\/span><\/h4>\n<p><span>Si algun interessat considera que les vostres dades no s\u00f3n tractades correctament per\u00a0<\/span><strong><span>Miarnau Agritecno, SL<\/span><\/strong><span>\u00a0\u00a0o que les sol\u00b7licituds d&#8217;exercici de drets no han estat ateses de forma satisfact\u00f2ria, podeu interposar una reclamaci\u00f3 davant de l&#8217;autoritat de protecci\u00f3 de dades que correspongui, sent l&#8217;AEPD la indicada al territori nacional, www.aepd.es.<\/span><\/p>\n<h4><\/h4>\n<h4><span>9. Seguretat i actualitzaci\u00f3 de les vostres dades personals<\/span><\/h4>\n<p><span>Amb l&#8217;objectiu de salvaguardar la seguretat de les vostres dades personals, us informem que heu adoptat totes les mesures d&#8217;\u00edndole t\u00e8cnica i organitzativa necess\u00e0ries per garantir la seguretat de les dades personals subministrades.\u00a0Tot aix\u00f2 per evitar la seva alteraci\u00f3, p\u00e8rdua, i\/o tractaments o accessos no autoritzats, tal com exigeix \u200b\u200bla normativa, si b\u00e9 la seguretat absoluta no existeix.<\/span><\/p>\n<p><span>\u00c9s important que, perqu\u00e8 puguem mantenir les vostres dades personals actualitzades, ens informe sempre que es produeixi una modificaci\u00f3 d&#8217;aquestes dades.<\/span><\/p>\n<h4><\/h4>\n<h4><span>10. Confidencialitat<\/span><\/h4>\n<p><strong><span>Miarnau Agritecno, SL<\/span><\/strong><span>\u00a0us informa que les vostres dades seran tractades amb el m\u00e0xim zel i confidencialitat per tot el personal que intervingui en qualsevol de les fases del tractament.\u00a0No cedirem ni comunicarem a cap tercer les vostres dades, excepte en els casos legalment previstos, o llevat que l&#8217;interessat ens hagu\u00e9s autoritzat expressament.<\/span><\/p>\n<\/div>\n","protected":false},"excerpt":{"rendered":"<p>Seguint els principis de licitud, lleialtat i transpar\u00e8ncia, posem a la vostra disposici\u00f3 aquesta Pol\u00edtica de Privadesa. 1. Qui \u00e9s el Responsable del tractament de les vostres dades? TITULAR DEL LLOC WEB Denominaci\u00f3 Social Miarnau Agritecno, SL NIF B25220757 Domicili Social PI Panam\u00e0 \u00b7 C\/ Jaume Sarroca, 5 Torres de Segre 25170 (Lleida) Correu electr\u00f2nic [&hellip;]<\/p>\n","protected":false},"author":1,"featured_media":0,"parent":0,"menu_order":0,"comment_status":"closed","ping_status":"closed","template":"","meta":{"_et_pb_use_builder":"","_et_pb_old_content":"","_et_gb_content_width":"","footnotes":""},"class_list":["post-1321","page","type-page","status-publish","hentry"],"yoast_head":"<!-- This site is optimized with the Yoast SEO plugin v27.4 - https:\/\/yoast.com\/product\/yoast-seo-wordpress\/ -->\n<title>Pol\u00edtica de Privacitat - Miarnau Agritecno<\/title>\n<meta name=\"robots\" content=\"index, follow, max-snippet:-1, max-image-preview:large, max-video-preview:-1\" \/>\n<link rel=\"canonical\" href=\"https:\/\/miarnau.cat\/ca\/politica-de-privacitat\/\" \/>\n<meta property=\"og:locale\" content=\"ca_ES\" \/>\n<meta property=\"og:type\" content=\"article\" \/>\n<meta property=\"og:title\" content=\"Pol\u00edtica de Privacitat - Miarnau Agritecno\" \/>\n<meta property=\"og:description\" content=\"Seguint els principis de licitud, lleialtat i transpar\u00e8ncia, posem a la vostra disposici\u00f3 aquesta Pol\u00edtica de Privadesa. 1. Qui \u00e9s el Responsable del tractament de les vostres dades? TITULAR DEL LLOC WEB Denominaci\u00f3 Social Miarnau Agritecno, SL NIF B25220757 Domicili Social PI Panam\u00e0 \u00b7 C\/ Jaume Sarroca, 5 Torres de Segre 25170 (Lleida) Correu electr\u00f2nic [&hellip;]\" \/>\n<meta property=\"og:url\" content=\"https:\/\/miarnau.cat\/ca\/politica-de-privacitat\/\" \/>\n<meta property=\"og:site_name\" content=\"Miarnau Agritecno\" \/>\n<meta property=\"article:modified_time\" content=\"2021-12-23T12:44:54+00:00\" \/>\n<meta name=\"twitter:card\" content=\"summary_large_image\" \/>\n<meta name=\"twitter:label1\" content=\"Temps estimat de lectura\" \/>\n\t<meta name=\"twitter:data1\" content=\"4 minuts\" \/>\n<script type=\"application\/ld+json\" class=\"yoast-schema-graph\">{\"@context\":\"https:\\\/\\\/schema.org\",\"@graph\":[{\"@type\":\"WebPage\",\"@id\":\"https:\\\/\\\/miarnau.cat\\\/ca\\\/politica-de-privacitat\\\/\",\"url\":\"https:\\\/\\\/miarnau.cat\\\/ca\\\/politica-de-privacitat\\\/\",\"name\":\"Pol\u00edtica de Privacitat - Miarnau Agritecno\",\"isPartOf\":{\"@id\":\"https:\\\/\\\/miarnau.cat\\\/ca\\\/#website\"},\"datePublished\":\"2021-12-23T11:26:37+00:00\",\"dateModified\":\"2021-12-23T12:44:54+00:00\",\"breadcrumb\":{\"@id\":\"https:\\\/\\\/miarnau.cat\\\/ca\\\/politica-de-privacitat\\\/#breadcrumb\"},\"inLanguage\":\"ca\",\"potentialAction\":[{\"@type\":\"ReadAction\",\"target\":[\"https:\\\/\\\/miarnau.cat\\\/ca\\\/politica-de-privacitat\\\/\"]}]},{\"@type\":\"BreadcrumbList\",\"@id\":\"https:\\\/\\\/miarnau.cat\\\/ca\\\/politica-de-privacitat\\\/#breadcrumb\",\"itemListElement\":[{\"@type\":\"ListItem\",\"position\":1,\"name\":\"Portada\",\"item\":\"https:\\\/\\\/miarnau.cat\\\/ca\\\/\"},{\"@type\":\"ListItem\",\"position\":2,\"name\":\"Pol\u00edtica de Privacitat\"}]},{\"@type\":\"WebSite\",\"@id\":\"https:\\\/\\\/miarnau.cat\\\/ca\\\/#website\",\"url\":\"https:\\\/\\\/miarnau.cat\\\/ca\\\/\",\"name\":\"Miarnau Agritecno\",\"description\":\"Todo para agricultores, almacenistas de cereal y exportadores de fruta.\",\"publisher\":{\"@id\":\"https:\\\/\\\/miarnau.cat\\\/ca\\\/#organization\"},\"potentialAction\":[{\"@type\":\"SearchAction\",\"target\":{\"@type\":\"EntryPoint\",\"urlTemplate\":\"https:\\\/\\\/miarnau.cat\\\/ca\\\/?s={search_term_string}\"},\"query-input\":{\"@type\":\"PropertyValueSpecification\",\"valueRequired\":true,\"valueName\":\"search_term_string\"}}],\"inLanguage\":\"ca\"},{\"@type\":\"Organization\",\"@id\":\"https:\\\/\\\/miarnau.cat\\\/ca\\\/#organization\",\"name\":\"MIARNAU AGRITECNO\",\"url\":\"https:\\\/\\\/miarnau.cat\\\/ca\\\/\",\"logo\":{\"@type\":\"ImageObject\",\"inLanguage\":\"ca\",\"@id\":\"https:\\\/\\\/miarnau.cat\\\/ca\\\/#\\\/schema\\\/logo\\\/image\\\/\",\"url\":\"https:\\\/\\\/miarnau.cat\\\/web\\\/wp-content\\\/uploads\\\/2021\\\/07\\\/cropped-icono0-miarnau-1.png\",\"contentUrl\":\"https:\\\/\\\/miarnau.cat\\\/web\\\/wp-content\\\/uploads\\\/2021\\\/07\\\/cropped-icono0-miarnau-1.png\",\"width\":512,\"height\":512,\"caption\":\"MIARNAU AGRITECNO\"},\"image\":{\"@id\":\"https:\\\/\\\/miarnau.cat\\\/ca\\\/#\\\/schema\\\/logo\\\/image\\\/\"}}]}<\/script>\n<!-- \/ Yoast SEO plugin. -->","yoast_head_json":{"title":"Pol\u00edtica de Privacitat - Miarnau Agritecno","robots":{"index":"index","follow":"follow","max-snippet":"max-snippet:-1","max-image-preview":"max-image-preview:large","max-video-preview":"max-video-preview:-1"},"canonical":"https:\/\/miarnau.cat\/ca\/politica-de-privacitat\/","og_locale":"ca_ES","og_type":"article","og_title":"Pol\u00edtica de Privacitat - Miarnau Agritecno","og_description":"Seguint els principis de licitud, lleialtat i transpar\u00e8ncia, posem a la vostra disposici\u00f3 aquesta Pol\u00edtica de Privadesa. 1. Qui \u00e9s el Responsable del tractament de les vostres dades? TITULAR DEL LLOC WEB Denominaci\u00f3 Social Miarnau Agritecno, SL NIF B25220757 Domicili Social PI Panam\u00e0 \u00b7 C\/ Jaume Sarroca, 5 Torres de Segre 25170 (Lleida) Correu electr\u00f2nic [&hellip;]","og_url":"https:\/\/miarnau.cat\/ca\/politica-de-privacitat\/","og_site_name":"Miarnau Agritecno","article_modified_time":"2021-12-23T12:44:54+00:00","twitter_card":"summary_large_image","twitter_misc":{"Temps estimat de lectura":"4 minuts"},"schema":{"@context":"https:\/\/schema.org","@graph":[{"@type":"WebPage","@id":"https:\/\/miarnau.cat\/ca\/politica-de-privacitat\/","url":"https:\/\/miarnau.cat\/ca\/politica-de-privacitat\/","name":"Pol\u00edtica de Privacitat - Miarnau Agritecno","isPartOf":{"@id":"https:\/\/miarnau.cat\/ca\/#website"},"datePublished":"2021-12-23T11:26:37+00:00","dateModified":"2021-12-23T12:44:54+00:00","breadcrumb":{"@id":"https:\/\/miarnau.cat\/ca\/politica-de-privacitat\/#breadcrumb"},"inLanguage":"ca","potentialAction":[{"@type":"ReadAction","target":["https:\/\/miarnau.cat\/ca\/politica-de-privacitat\/"]}]},{"@type":"BreadcrumbList","@id":"https:\/\/miarnau.cat\/ca\/politica-de-privacitat\/#breadcrumb","itemListElement":[{"@type":"ListItem","position":1,"name":"Portada","item":"https:\/\/miarnau.cat\/ca\/"},{"@type":"ListItem","position":2,"name":"Pol\u00edtica de Privacitat"}]},{"@type":"WebSite","@id":"https:\/\/miarnau.cat\/ca\/#website","url":"https:\/\/miarnau.cat\/ca\/","name":"Miarnau Agritecno","description":"Todo para agricultores, almacenistas de cereal y exportadores de fruta.","publisher":{"@id":"https:\/\/miarnau.cat\/ca\/#organization"},"potentialAction":[{"@type":"SearchAction","target":{"@type":"EntryPoint","urlTemplate":"https:\/\/miarnau.cat\/ca\/?s={search_term_string}"},"query-input":{"@type":"PropertyValueSpecification","valueRequired":true,"valueName":"search_term_string"}}],"inLanguage":"ca"},{"@type":"Organization","@id":"https:\/\/miarnau.cat\/ca\/#organization","name":"MIARNAU AGRITECNO","url":"https:\/\/miarnau.cat\/ca\/","logo":{"@type":"ImageObject","inLanguage":"ca","@id":"https:\/\/miarnau.cat\/ca\/#\/schema\/logo\/image\/","url":"https:\/\/miarnau.cat\/web\/wp-content\/uploads\/2021\/07\/cropped-icono0-miarnau-1.png","contentUrl":"https:\/\/miarnau.cat\/web\/wp-content\/uploads\/2021\/07\/cropped-icono0-miarnau-1.png","width":512,"height":512,"caption":"MIARNAU AGRITECNO"},"image":{"@id":"https:\/\/miarnau.cat\/ca\/#\/schema\/logo\/image\/"}}]}},"publishpress_future_action":{"enabled":false,"date":"2026-04-26 06:09:45","action":"change-status","newStatus":"draft","terms":[],"taxonomy":"translation_priority","extraData":[]},"publishpress_future_workflow_manual_trigger":{"enabledWorkflows":[]},"_links":{"self":[{"href":"https:\/\/miarnau.cat\/ca\/wp-json\/wp\/v2\/pages\/1321","targetHints":{"allow":["GET"]}}],"collection":[{"href":"https:\/\/miarnau.cat\/ca\/wp-json\/wp\/v2\/pages"}],"about":[{"href":"https:\/\/miarnau.cat\/ca\/wp-json\/wp\/v2\/types\/page"}],"author":[{"embeddable":true,"href":"https:\/\/miarnau.cat\/ca\/wp-json\/wp\/v2\/users\/1"}],"replies":[{"embeddable":true,"href":"https:\/\/miarnau.cat\/ca\/wp-json\/wp\/v2\/comments?post=1321"}],"version-history":[{"count":3,"href":"https:\/\/miarnau.cat\/ca\/wp-json\/wp\/v2\/pages\/1321\/revisions"}],"predecessor-version":[{"id":1324,"href":"https:\/\/miarnau.cat\/ca\/wp-json\/wp\/v2\/pages\/1321\/revisions\/1324"}],"wp:attachment":[{"href":"https:\/\/miarnau.cat\/ca\/wp-json\/wp\/v2\/media?parent=1321"}],"curies":[{"name":"wp","href":"https:\/\/api.w.org\/{rel}","templated":true}]}}