{"id":1310,"date":"2021-12-23T11:27:07","date_gmt":"2021-12-23T11:27:07","guid":{"rendered":"https:\/\/miarnau.cat\/politica-de-cookies\/"},"modified":"2021-12-23T12:41:15","modified_gmt":"2021-12-23T12:41:15","slug":"politica-de-cookies","status":"publish","type":"page","link":"https:\/\/miarnau.cat\/ca\/politica-de-cookies\/","title":{"rendered":"Pol\u00edtica de cookies"},"content":{"rendered":"<h4>1. Qu\u00e8 s\u00f3n les galetes?<\/h4>\n<p>La Web de\u00a0\u00a0<strong>Miarnau Agritecno<\/strong>\u00a0(d&#8217;ara endavant la Web) utilitza Cookies.\u00a0Les cookies s\u00f3n fitxers enviats a un navegador per mitj\u00e0 d&#8217;un servidor web per registrar les activitats de l&#8217;usuari en un web determinat.\u00a0La primera finalitat de les galetes \u00e9s la de facilitar a l&#8217;usuari un acc\u00e9s m\u00e9s r\u00e0pid als serveis seleccionats.\u00a0A m\u00e9s, les cookies personalitzen els serveis que ofereix la web, facilitant i oferint a cada usuari informaci\u00f3 que \u00e9s del seu inter\u00e8s o que pot ser del seu inter\u00e8s, en atenci\u00f3 a l&#8217;\u00fas que realitza dels serveis.<\/p>\n<p>El web utilitza galetes per personalitzar i facilitar al m\u00e0xim la navegaci\u00f3 de l&#8217;usuari. Les galetes s&#8217;associen \u00fanicament a un usuari an\u00f2nim i el vostre ordinador i no proporcionen refer\u00e8ncies que permetin deduir dades personals de l&#8217;usuari. L&#8217;usuari podr\u00e0 configurar el seu navegador perqu\u00e8 notifiqui i rebutgi la instal\u00b7laci\u00f3 les galetes enviades per la web, sense que aix\u00f2 perjudiqui la possibilitat de l&#8217;usuari d&#8217;accedir als continguts d&#8217;aquesta web. Tot i aix\u00f2, us fem notar que, en tot cas, la qualitat de funcionament de la p\u00e0gina web pot disminuir.<\/p>\n<p>Els usuaris registrats, que es registrin o que hagin iniciat sessi\u00f3, podran beneficiar-se d&#8217;uns serveis m\u00e9s personalitzats i orientats al seu perfil, gr\u00e0cies a la combinaci\u00f3 de les dades emmagatzemades a les cookies amb les dades personals utilitzades en el moment del seu registre.\u00a0Aquests usuaris autoritzen expressament l\u00fas daquesta informaci\u00f3 amb la finalitat indicada, sens perjudici del seu dret a rebutjar o deshabilitar l\u00fas de cookies.<\/p>\n<p>Aix\u00ed mateix, la Web podr\u00e0 saber tots els serveis sol\u00b7licitats pels usuaris, de manera que podran facilitar o oferir informaci\u00f3 adequada als gustos i les prefer\u00e8ncies de cada usuari.<\/p>\n<h4>Quins tipus de galetes hi ha?<\/h4>\n<p>Les cookies, en funci\u00f3 de la seva\u00a0\u00a0<strong>Perman\u00e8ncia<\/strong>\u00a0, poden dividir-se en:<\/p>\n<ul>\n<li><strong>Cookies de sessi\u00f3<\/strong><br \/>\nExpireu quan l&#8217;usuari tanca el navegador.<\/li>\n<li><strong>Cookies persistents<\/strong><br \/>\nExpireu en funci\u00f3 de quan es compleixi l&#8217;objectiu per al que serveixen (per exemple, perqu\u00e8 l&#8217;usuari es mantingui identificat als Serveis) o b\u00e9 quan s&#8217;esborrin manualment.<\/li>\n<\/ul>\n<p>En funci\u00f3 del\u00a0\u00a0<strong>Propietari<\/strong>\u00a0, es poden dividir en:<\/p>\n<ul>\n<li><strong>Cookies pr\u00f2pies<\/strong><br \/>\nS\u00f3n les que s&#8217;envien a l&#8217;equip terminal de l&#8217;usuari des d&#8217;un equip o domini gestionat pel mateix editor i des del qual es presta el servei sol\u00b7licitat per l&#8217;usuari.<\/li>\n<li><strong>Galetes de tercers<\/strong><br \/>\nS\u00f3n aquelles que s&#8217;envien a l&#8217;equip terminal de l&#8217;usuari des d&#8217;un equip o domini que no \u00e9s gestionat per l&#8217;editor, sin\u00f3 per una altra entitat que tracta les dades obtingudes a trav\u00e9s de les galetes.<\/li>\n<\/ul>\n<p>Addicionalment, en funci\u00f3 del seu\u00a0\u00a0<strong>Objectiu<\/strong>\u00a0, les galetes es poden classificar de la manera seg\u00fcent:<\/p>\n<ul>\n<li><strong>Cookies de rendiment<\/strong><br \/>\nAquest tipus de Cookie recorda les seves prefer\u00e8ncies per a les eines que es troben als serveis, per la qual cosa no ha de tornar a configurar el servei cada vegada que visiteu.\u00a0A tall d&#8217;exemple, en aquesta tipologia s&#8217;inclouen:<\/p>\n<ul>\n<li>Configuraci\u00f3 de volum de reproductors de v\u00eddeo o so.<\/li>\n<li>Les velocitats de transmissi\u00f3 de v\u00eddeo que siguin compatibles amb el vostre navegador.<\/li>\n<\/ul>\n<\/li>\n<li><strong>Galetes de Geolocalitzaci\u00f3<\/strong><br \/>\nAquestes galetes s\u00f3n utilitzades per esbrinar a quin pa\u00eds es troba quan se sol\u00b7licita un servei.\u00a0Aquesta galeta \u00e9s totalment an\u00f2nima, i nom\u00e9s s&#8217;utilitza per ajudar a orientar el contingut a la vostra ubicaci\u00f3.<\/li>\n<li><strong>Galetes de registre<\/strong><br \/>\nLes galetes de registre es generen una vegada que l&#8217;usuari s&#8217;ha registrat o posteriorment ha obert la sessi\u00f3, i s&#8217;utilitzen per identificar-lo en els serveis amb els objectius seg\u00fcents:<\/p>\n<ul>\n<li>Mantenir l&#8217;usuari identificat de manera que, si tanqueu un servei, el navegador o l&#8217;ordinador i en un altre moment o un altre dia torneu a entrar en aquest servei, seguireu identificat, facilitant aix\u00ed la vostra navegaci\u00f3 sense haver de tornar a identificar-vos.\u00a0Aquesta funcionalitat es pot suprimir si l&#8217;usuari prem la funcionalitat \u201ctancar sessi\u00f3\u201d, de manera que aquesta Cookie s&#8217;elimina i la propera vegada que entri al servei l&#8217;usuari haur\u00e0 d&#8217;iniciar sessi\u00f3 per estar identificat.<\/li>\n<li>Comproveu si l&#8217;usuari est\u00e0 autoritzat per accedir a certs serveis, per exemple, per participar en un concurs.<\/li>\n<\/ul>\n<\/li>\n<li><strong>Galetes anal\u00edtiques<\/strong><br \/>\nCada vegada que un Usuari visita un servei, una eina d&#8217;un prove\u00efdor extern genera una galeta anal\u00edtica a l&#8217;ordinador de l&#8217;usuari.\u00a0Aquesta Cookie que nom\u00e9s es genera a la visita, servir\u00e0 en properes visites als Serveis de la Web per identificar de forma an\u00f2nima el visitant.\u00a0Els objectius principals que es persegueixen s\u00f3n:<\/p>\n<ul>\n<li>Permetre la identificaci\u00f3 an\u00f2nima dels usuaris navegants a trav\u00e9s de la \u201cCookie\u201d (identifica navegadors i dispositius, no persones) i per tant la comptabilitzaci\u00f3 aproximada del nombre de visitants i la seva tend\u00e8ncia en el temps.<\/li>\n<li>Identificar de manera an\u00f2nima els continguts m\u00e9s visitats i, per tant, m\u00e9s atractius per als usuaris.<\/li>\n<li>Saber si lusuari que est\u00e0 accedint \u00e9s nou o repeteix visita.<br \/>\nImportant: Llevat que l&#8217;usuari decideixi registrar-se en un servei de la Web, la \u201cCookie\u201d mai no anir\u00e0 associada a cap dada de car\u00e0cter personal que pugui identificar-lo. Aquestes galetes nom\u00e9s seran utilitzades amb prop\u00f2sits estad\u00edstics que ajudin a l&#8217;optimitzaci\u00f3 de l&#8217;experi\u00e8ncia dels usuaris al lloc.<\/li>\n<\/ul>\n<\/li>\n<li><strong>Cookies de publicitat comportamental<\/strong><br \/>\nAquest tipus de \u201cCookies\u201d permet ampliar la informaci\u00f3 dels anuncis mostrats a cada usuari an\u00f2nim als Serveis de la Web. Entre altres, s&#8217;emmagatzema la durada o la freq\u00fc\u00e8ncia de visualitzaci\u00f3 de posicions publicit\u00e0ries, la interacci\u00f3 amb aquestes, o els patrons de navegaci\u00f3 i\/o compartiments de l&#8217;usuari ja que ajuden a conformar un perfil d&#8217;inter\u00e8s publicitari. D&#8217;aquesta manera permeten oferir publicitat af\u00ed als interessos de l&#8217;usuari.<\/li>\n<li><strong>Galetes publicit\u00e0ries de tercers<\/strong><br \/>\nA m\u00e9s de la publicitat gestionada per la Web als seus Serveis, la Web ofereix als seus anunciants l&#8217;opci\u00f3 de servir anuncis a trav\u00e9s de tercers (\u201cAdServers\u201d).\u00a0D&#8217;aquesta manera, aquests tercers poden emmagatzemar Cookies enviades des dels Serveis del Web procedents dels navegadors dels Usuaris, aix\u00ed com accedir a les dades que s&#8217;hi guarden.<\/li>\n<\/ul>\n<h4>3. Quines galetes utilitzem?<\/h4>\n<table>\n<thead>\n<tr>\n<th colspan=\"4\">PR\u00d2PIES<\/th>\n<\/tr>\n<tr>\n<th>Nom<\/th>\n<th>Descripci\u00f3<\/th>\n<th>Duraci\u00f3<\/th>\n<th>Font<\/th>\n<\/tr>\n<\/thead>\n<tbody>\n<tr>\n<td>cookie_viewed<\/td>\n<td><\/td>\n<td>30 minuts<\/td>\n<td>miarnau.cat<\/td>\n<\/tr>\n<tr>\n<td>cookie_vertising<\/td>\n<td><\/td>\n<td>30 minuts<\/td>\n<td>miarnau.cat<\/td>\n<\/tr>\n<tr>\n<td>cookie_analytics<\/td>\n<td><\/td>\n<td>30 minutos<\/td>\n<td>miarnau.cat<\/td>\n<\/tr>\n<tr>\n<td>PHPSESSID<\/td>\n<td><\/td>\n<td>Sessi\u00f3<\/td>\n<td>miarnau.cat<\/td>\n<\/tr>\n<\/tbody>\n<\/table>\n<table style=\"height: 140px; width: 829px;\">\n<thead>\n<tr style=\"height: 23px;\">\n<th style=\"height: 23px; width: 829px;\" colspan=\"4\">DE TERCERS<\/th>\n<\/tr>\n<tr style=\"height: 23px;\">\n<th style=\"height: 23px; width: 117px;\">Nom<\/th>\n<th style=\"height: 23px; width: 555px;\">Descripci\u00f3<\/th>\n<th style=\"height: 23px; width: 60px;\">Duraci\u00f3<\/th>\n<th style=\"height: 23px; width: 97px;\">Font<\/th>\n<\/tr>\n<\/thead>\n<tbody>\n<tr style=\"height: 47px;\">\n<td style=\"height: 47px; width: 117px;\">_ga<\/td>\n<td style=\"width: 555px;\" width=\"556\">Identificaci\u00f3 de visitants \u00fanics: Utilitzada per registrar visitants \u00fanics amb finalitats estad\u00edstiques i anal\u00edtiques.<\/td>\n<td style=\"height: 47px; width: 60px;\">2 anys<\/td>\n<td style=\"height: 47px; width: 97px;\">Google (Analytic)<\/td>\n<\/tr>\n<tr style=\"height: 47px;\">\n<td style=\"height: 47px; width: 117px;\">_ga_Z83TKT4ZHS<\/td>\n<td style=\"width: 555px;\" width=\"556\">Identificaci\u00f3 de visitants \u00fanics: Utilitzada per registrar visitants \u00fanics amb finalitats estad\u00edstiques i anal\u00edtiques.<\/td>\n<td style=\"height: 47px; width: 60px;\">2 anys<\/td>\n<td style=\"height: 47px; width: 97px;\">Google (Analytic)<\/td>\n<\/tr>\n<\/tbody>\n<\/table>\n<p>&nbsp;<\/p>\n<h4>4. Hi ha transfer\u00e8ncies internacionals?<\/h4>\n<p>Pots informar-te de les transfer\u00e8ncies a tercers pa\u00efsos que, si escau, realitzen els tercers identificats en aquesta pol\u00edtica de cookies en les seves pol\u00edtiques corresponents (veure els enlla\u00e7os facilitats a l&#8217;apartat \u201cCookies de tercers\u201d).\u00a0Els diferents mecanismes de regularitzaci\u00f3 de la transfer\u00e8ncia internacional, si n&#8217;hi ha, seran informats per aquests tercers.<\/p>\n<h4>5. Com deshabilitar les galetes?<\/h4>\n<p>Normalment \u00e9s possible deixar d&#8217;acceptar les galetes del navegador, o deixar d&#8217;acceptar les galetes d&#8217;un servei en particular.<\/p>\n<p>Tots els navegadors moderns permeten canviar la configuraci\u00f3 de galetes.\u00a0Aquests par\u00e0metres normalment es troben a les \u00a8opcions\u00a8 o \u00a8prefer\u00e8ncies\u00a8 del men\u00fa del vostre navegador.\u00a0Aix\u00ed mateix, podeu configurar el vostre navegador o el vostre gestor de correu electr\u00f2nic, aix\u00ed com instal\u00b7lar complements gratu\u00efts per evitar que es descarreguin els Web Bugs en obrir un email.<\/p>\n<p>La Web ofereix orientaci\u00f3 a l&#8217;Usuari sobre els passos per accedir al men\u00fa de configuraci\u00f3 de les cookies i, si escau, de la navegaci\u00f3 privada a cadascun dels navegadors principals:<\/p>\n<ul>\n<li><strong>Internet Explorer<\/strong><br \/>\nEines -&gt;Opcions d&#8217;Internet -&gt;Privadesa -&gt;Configuraci\u00f3.<br \/>\nPer a m\u00e9s informaci\u00f3, podeu consultar el suport de Microsoft o l&#8217;Ajuda del navegador.<\/li>\n<li><strong>Microsoft Edge<\/strong><br \/>\nConfiguraci\u00f3 i m\u00e9s -&gt; Configuraci\u00f3 -&gt; Esborrar dades d&#8217;exploraci\u00f3.<\/li>\n<li><strong>Firefox<\/strong><br \/>\nEines -&gt; Opcions -&gt; Privadesa -&gt; Historial -&gt; Configuraci\u00f3 personalitzada.<\/li>\n<li><strong>Chrome<\/strong><br \/>\nConfiguraci\u00f3 -&gt; Configuraci\u00f3 avan\u00e7ada -&gt; Privadesa i seguretat -&gt; Esborrar dades de navegaci\u00f3.<\/li>\n<li><strong>Safari<\/strong><br \/>\nPrefer\u00e8ncies -&gt; Seguretat.<br \/>\nPer a m\u00e9s informaci\u00f3, podeu consultar el suport d&#8217;Apple o l&#8217;Ajuda del navegador.<\/li>\n<\/ul>\n<h4>6. Es poden produir modificacions de la Pol\u00edtica de Cookies?<\/h4>\n<p>La Web pot modificar aquesta Pol\u00edtica de Cookies en funci\u00f3 de les exig\u00e8ncies legislatives, reglament\u00e0ries, o amb la finalitat d&#8217;adaptar aquesta pol\u00edtica a les instruccions dictades per l&#8217;Ag\u00e8ncia Espanyola de Protecci\u00f3 de Dades, per aix\u00f2 s&#8217;aconsella als usuaris que la visitin peri\u00f2dicament.<\/p>\n<p>Quan es produeixin canvis significatius en aquesta Pol\u00edtica de Cookies, es comunicaran als usuaris b\u00e9 mitjan\u00e7ant el web o mitjan\u00e7ant correu electr\u00f2nic als usuaris registrats.<\/p>\n<p>&nbsp;<\/p>\n","protected":false},"excerpt":{"rendered":"<p>1. Qu\u00e8 s\u00f3n les galetes? La Web de\u00a0\u00a0Miarnau Agritecno\u00a0(d&#8217;ara endavant la Web) utilitza Cookies.\u00a0Les cookies s\u00f3n fitxers enviats a un navegador per mitj\u00e0 d&#8217;un servidor web per registrar les activitats de l&#8217;usuari en un web determinat.\u00a0La primera finalitat de les galetes \u00e9s la de facilitar a l&#8217;usuari un acc\u00e9s m\u00e9s r\u00e0pid als serveis seleccionats.\u00a0A m\u00e9s, [&hellip;]<\/p>\n","protected":false},"author":1,"featured_media":0,"parent":0,"menu_order":0,"comment_status":"closed","ping_status":"closed","template":"","meta":{"_et_pb_use_builder":"","_et_pb_old_content":"","_et_gb_content_width":"","footnotes":""},"class_list":["post-1310","page","type-page","status-publish","hentry"],"yoast_head":"<!-- This site is optimized with the Yoast SEO plugin v27.4 - https:\/\/yoast.com\/product\/yoast-seo-wordpress\/ -->\n<title>Pol\u00edtica de cookies - Miarnau Agritecno<\/title>\n<meta name=\"robots\" content=\"index, follow, max-snippet:-1, max-image-preview:large, max-video-preview:-1\" \/>\n<link rel=\"canonical\" href=\"https:\/\/miarnau.cat\/ca\/politica-de-cookies\/\" \/>\n<meta property=\"og:locale\" content=\"ca_ES\" \/>\n<meta property=\"og:type\" content=\"article\" \/>\n<meta property=\"og:title\" content=\"Pol\u00edtica de cookies - Miarnau Agritecno\" \/>\n<meta property=\"og:description\" content=\"1. Qu\u00e8 s\u00f3n les galetes? La Web de\u00a0\u00a0Miarnau Agritecno\u00a0(d&#8217;ara endavant la Web) utilitza Cookies.\u00a0Les cookies s\u00f3n fitxers enviats a un navegador per mitj\u00e0 d&#8217;un servidor web per registrar les activitats de l&#8217;usuari en un web determinat.\u00a0La primera finalitat de les galetes \u00e9s la de facilitar a l&#8217;usuari un acc\u00e9s m\u00e9s r\u00e0pid als serveis seleccionats.\u00a0A m\u00e9s, [&hellip;]\" \/>\n<meta property=\"og:url\" content=\"https:\/\/miarnau.cat\/ca\/politica-de-cookies\/\" \/>\n<meta property=\"og:site_name\" content=\"Miarnau Agritecno\" \/>\n<meta property=\"article:modified_time\" content=\"2021-12-23T12:41:15+00:00\" \/>\n<meta name=\"twitter:card\" content=\"summary_large_image\" \/>\n<meta name=\"twitter:label1\" content=\"Temps estimat de lectura\" \/>\n\t<meta name=\"twitter:data1\" content=\"7 minuts\" \/>\n<script type=\"application\/ld+json\" class=\"yoast-schema-graph\">{\"@context\":\"https:\\\/\\\/schema.org\",\"@graph\":[{\"@type\":\"WebPage\",\"@id\":\"https:\\\/\\\/miarnau.cat\\\/ca\\\/politica-de-cookies\\\/\",\"url\":\"https:\\\/\\\/miarnau.cat\\\/ca\\\/politica-de-cookies\\\/\",\"name\":\"Pol\u00edtica de cookies - Miarnau Agritecno\",\"isPartOf\":{\"@id\":\"https:\\\/\\\/miarnau.cat\\\/ca\\\/#website\"},\"datePublished\":\"2021-12-23T11:27:07+00:00\",\"dateModified\":\"2021-12-23T12:41:15+00:00\",\"breadcrumb\":{\"@id\":\"https:\\\/\\\/miarnau.cat\\\/ca\\\/politica-de-cookies\\\/#breadcrumb\"},\"inLanguage\":\"ca\",\"potentialAction\":[{\"@type\":\"ReadAction\",\"target\":[\"https:\\\/\\\/miarnau.cat\\\/ca\\\/politica-de-cookies\\\/\"]}]},{\"@type\":\"BreadcrumbList\",\"@id\":\"https:\\\/\\\/miarnau.cat\\\/ca\\\/politica-de-cookies\\\/#breadcrumb\",\"itemListElement\":[{\"@type\":\"ListItem\",\"position\":1,\"name\":\"Portada\",\"item\":\"https:\\\/\\\/miarnau.cat\\\/ca\\\/\"},{\"@type\":\"ListItem\",\"position\":2,\"name\":\"Pol\u00edtica de cookies\"}]},{\"@type\":\"WebSite\",\"@id\":\"https:\\\/\\\/miarnau.cat\\\/ca\\\/#website\",\"url\":\"https:\\\/\\\/miarnau.cat\\\/ca\\\/\",\"name\":\"Miarnau Agritecno\",\"description\":\"Todo para agricultores, almacenistas de cereal y exportadores de fruta.\",\"publisher\":{\"@id\":\"https:\\\/\\\/miarnau.cat\\\/ca\\\/#organization\"},\"potentialAction\":[{\"@type\":\"SearchAction\",\"target\":{\"@type\":\"EntryPoint\",\"urlTemplate\":\"https:\\\/\\\/miarnau.cat\\\/ca\\\/?s={search_term_string}\"},\"query-input\":{\"@type\":\"PropertyValueSpecification\",\"valueRequired\":true,\"valueName\":\"search_term_string\"}}],\"inLanguage\":\"ca\"},{\"@type\":\"Organization\",\"@id\":\"https:\\\/\\\/miarnau.cat\\\/ca\\\/#organization\",\"name\":\"MIARNAU AGRITECNO\",\"url\":\"https:\\\/\\\/miarnau.cat\\\/ca\\\/\",\"logo\":{\"@type\":\"ImageObject\",\"inLanguage\":\"ca\",\"@id\":\"https:\\\/\\\/miarnau.cat\\\/ca\\\/#\\\/schema\\\/logo\\\/image\\\/\",\"url\":\"https:\\\/\\\/miarnau.cat\\\/web\\\/wp-content\\\/uploads\\\/2021\\\/07\\\/cropped-icono0-miarnau-1.png\",\"contentUrl\":\"https:\\\/\\\/miarnau.cat\\\/web\\\/wp-content\\\/uploads\\\/2021\\\/07\\\/cropped-icono0-miarnau-1.png\",\"width\":512,\"height\":512,\"caption\":\"MIARNAU AGRITECNO\"},\"image\":{\"@id\":\"https:\\\/\\\/miarnau.cat\\\/ca\\\/#\\\/schema\\\/logo\\\/image\\\/\"}}]}<\/script>\n<!-- \/ Yoast SEO plugin. -->","yoast_head_json":{"title":"Pol\u00edtica de cookies - Miarnau Agritecno","robots":{"index":"index","follow":"follow","max-snippet":"max-snippet:-1","max-image-preview":"max-image-preview:large","max-video-preview":"max-video-preview:-1"},"canonical":"https:\/\/miarnau.cat\/ca\/politica-de-cookies\/","og_locale":"ca_ES","og_type":"article","og_title":"Pol\u00edtica de cookies - Miarnau Agritecno","og_description":"1. Qu\u00e8 s\u00f3n les galetes? La Web de\u00a0\u00a0Miarnau Agritecno\u00a0(d&#8217;ara endavant la Web) utilitza Cookies.\u00a0Les cookies s\u00f3n fitxers enviats a un navegador per mitj\u00e0 d&#8217;un servidor web per registrar les activitats de l&#8217;usuari en un web determinat.\u00a0La primera finalitat de les galetes \u00e9s la de facilitar a l&#8217;usuari un acc\u00e9s m\u00e9s r\u00e0pid als serveis seleccionats.\u00a0A m\u00e9s, [&hellip;]","og_url":"https:\/\/miarnau.cat\/ca\/politica-de-cookies\/","og_site_name":"Miarnau Agritecno","article_modified_time":"2021-12-23T12:41:15+00:00","twitter_card":"summary_large_image","twitter_misc":{"Temps estimat de lectura":"7 minuts"},"schema":{"@context":"https:\/\/schema.org","@graph":[{"@type":"WebPage","@id":"https:\/\/miarnau.cat\/ca\/politica-de-cookies\/","url":"https:\/\/miarnau.cat\/ca\/politica-de-cookies\/","name":"Pol\u00edtica de cookies - Miarnau Agritecno","isPartOf":{"@id":"https:\/\/miarnau.cat\/ca\/#website"},"datePublished":"2021-12-23T11:27:07+00:00","dateModified":"2021-12-23T12:41:15+00:00","breadcrumb":{"@id":"https:\/\/miarnau.cat\/ca\/politica-de-cookies\/#breadcrumb"},"inLanguage":"ca","potentialAction":[{"@type":"ReadAction","target":["https:\/\/miarnau.cat\/ca\/politica-de-cookies\/"]}]},{"@type":"BreadcrumbList","@id":"https:\/\/miarnau.cat\/ca\/politica-de-cookies\/#breadcrumb","itemListElement":[{"@type":"ListItem","position":1,"name":"Portada","item":"https:\/\/miarnau.cat\/ca\/"},{"@type":"ListItem","position":2,"name":"Pol\u00edtica de cookies"}]},{"@type":"WebSite","@id":"https:\/\/miarnau.cat\/ca\/#website","url":"https:\/\/miarnau.cat\/ca\/","name":"Miarnau Agritecno","description":"Todo para agricultores, almacenistas de cereal y exportadores de fruta.","publisher":{"@id":"https:\/\/miarnau.cat\/ca\/#organization"},"potentialAction":[{"@type":"SearchAction","target":{"@type":"EntryPoint","urlTemplate":"https:\/\/miarnau.cat\/ca\/?s={search_term_string}"},"query-input":{"@type":"PropertyValueSpecification","valueRequired":true,"valueName":"search_term_string"}}],"inLanguage":"ca"},{"@type":"Organization","@id":"https:\/\/miarnau.cat\/ca\/#organization","name":"MIARNAU AGRITECNO","url":"https:\/\/miarnau.cat\/ca\/","logo":{"@type":"ImageObject","inLanguage":"ca","@id":"https:\/\/miarnau.cat\/ca\/#\/schema\/logo\/image\/","url":"https:\/\/miarnau.cat\/web\/wp-content\/uploads\/2021\/07\/cropped-icono0-miarnau-1.png","contentUrl":"https:\/\/miarnau.cat\/web\/wp-content\/uploads\/2021\/07\/cropped-icono0-miarnau-1.png","width":512,"height":512,"caption":"MIARNAU AGRITECNO"},"image":{"@id":"https:\/\/miarnau.cat\/ca\/#\/schema\/logo\/image\/"}}]}},"publishpress_future_action":{"enabled":false,"date":"2026-04-26 06:09:51","action":"change-status","newStatus":"draft","terms":[],"taxonomy":"translation_priority","extraData":[]},"publishpress_future_workflow_manual_trigger":{"enabledWorkflows":[]},"_links":{"self":[{"href":"https:\/\/miarnau.cat\/ca\/wp-json\/wp\/v2\/pages\/1310","targetHints":{"allow":["GET"]}}],"collection":[{"href":"https:\/\/miarnau.cat\/ca\/wp-json\/wp\/v2\/pages"}],"about":[{"href":"https:\/\/miarnau.cat\/ca\/wp-json\/wp\/v2\/types\/page"}],"author":[{"embeddable":true,"href":"https:\/\/miarnau.cat\/ca\/wp-json\/wp\/v2\/users\/1"}],"replies":[{"embeddable":true,"href":"https:\/\/miarnau.cat\/ca\/wp-json\/wp\/v2\/comments?post=1310"}],"version-history":[{"count":2,"href":"https:\/\/miarnau.cat\/ca\/wp-json\/wp\/v2\/pages\/1310\/revisions"}],"predecessor-version":[{"id":1320,"href":"https:\/\/miarnau.cat\/ca\/wp-json\/wp\/v2\/pages\/1310\/revisions\/1320"}],"wp:attachment":[{"href":"https:\/\/miarnau.cat\/ca\/wp-json\/wp\/v2\/media?parent=1310"}],"curies":[{"name":"wp","href":"https:\/\/api.w.org\/{rel}","templated":true}]}}